{"id":10096,"date":"2026-04-24T16:05:54","date_gmt":"2026-04-24T16:05:54","guid":{"rendered":"https:\/\/massawippi.org\/sentier-tomifobia\/trail-history\/"},"modified":"2026-04-24T22:07:15","modified_gmt":"2026-04-24T22:07:15","slug":"historique-du-sentier","status":"publish","type":"page","link":"https:\/\/massawippi.org\/fr\/sentier-tomifobia\/historique-du-sentier\/","title":{"rendered":"Historique du sentier"},"content":{"rendered":"<div class=\"wpb-content-wrapper\"><p>[vc_row][vc_column]<div id=\"ultimate-heading-957769ec14f4a36e7\" class=\"uvc-heading ult-adjust-bottom-margin ultimate-heading-957769ec14f4a36e7 uvc-3469  uvc-heading-default-font-sizes\" data-hspacer=\"no_spacer\"  data-halign=\"center\" style=\"text-align:center\"><div class=\"uvc-heading-spacer no_spacer\" style=\"top\"><\/div><div class=\"uvc-main-heading ult-responsive\"  data-ultimate-target='.uvc-heading.ultimate-heading-957769ec14f4a36e7 h1'  data-responsive-json-new='{\"font-size\":\"\",\"line-height\":\"\"}' ><h1 style=\"--font-weight:theme;color:#6dab3c;margin-bottom:30px;\">Historique du sentier<\/h1><\/div><\/div>[\/vc_column][\/vc_row][vc_row disable_element=\u00a0\u00bbyes\u00a0\u00bb][vc_column][vc_column_text css=\u00a0\u00bb.vc_custom_1777059336426{padding-bottom: 20px !important;}\u00a0\u00bb]The Tomifobia Nature Trail is a 19-km rail-trail located in the Tomifobia River valley, between Rte. 141 in Ayer\u2019s Cliff, and Rte. 247 in Beebe (Stanstead), Quebec. It lies in the heart of the Eastern Townships\u2019 natural and architectural heritage. Sentiers Massawippi, a non-profit membership organization and a registered charity established in 1990, created the Tomifobia Nature Trail on an abandoned railway right-of-way, in 1993. Using grants and donations from members and others, and much volunteer labour, Sentiers Massawippi works to maintain this beautiful linear park for safe hiking, cycling and cross-country skiing, as well as nature conservation, education, and the preservation of our heritage. Although the trail is free to use, we encourage all users to become members of Sentiers Massawippi or to consider making a <a href=\"https:\/\/massawippi.org\/fr\/fonds-du-sentier-tomifobia\/\" target=\"_blank\" rel=\"noopener\">tax deductible donation<\/a>. Memberships and donations help maintain the quality of the trail.<\/p>\n<p>While always mindful of our duty to preserve and protect the natural environment, we have created several scenic picnic areas, and erected small shelters near the ends of the trail. We have also placed toilet facilities at <strong>km 12 <\/strong>(summertime), in addition to refurbishing the historic monument at<strong> km 13.4<\/strong> that commemorates an 1895 accident on the Massawippi Valley Railroad. Visit our <a href=\"https:\/\/massawippi.org\/fr\/sentier-tomifobia\/access-points-of-interest\/\">Access &amp; Points of Interest<\/a> page for a list of other things to see on the trail.<\/p>\n<p>The Tomifobia Nature Trail links up with the Route Verte at Magog via Rte. 141 (highway) in Ayer\u2019s Cliff and Chemin Benoit, and with the trail to Newport, Vermont, via Beebe and customs.[\/vc_column_text][\/vc_column][\/vc_row][vc_row][vc_column][vc_column_text css=\u00a0\u00bb.vc_custom_1777062743879{padding-bottom: 20px !important;}\u00a0\u00bb]<\/p>\n<h4>Le chemin de fer de la vall\u00e9e de la Massawippi<\/h4>\n<p>Le chemin de fer de la Vall\u00e9e Massawippi qui relie Newport au Vermont, \u00e0 Lennoxville au Qu\u00e9bec a \u00e9t\u00e9 inaugur\u00e9 le 1er juillet 1870. En plus de servir au transport du bois et des produits agricoles vers les centres commerciaux, le chemin de fer a jou\u00e9 un r\u00f4le d\u00e9terminant dans le d\u00e9veloppement de l\u2019industrie du cuivre et du granite dans la r\u00e9gion. Le chemin de fer a aussi permis une plus grande mobilit\u00e9 aux voyageurs entre le Canada et les Etats-Unis et a stimul\u00e9 les activit\u00e9s r\u00e9cr\u00e9atives aux abords du lac Massawippi.<\/p>\n<figure id=\"attachment_436\" class=\"wp-caption aligncenter\" aria-describedby=\"caption-attachment-436\">\n<div id=\"attachment_9753\" style=\"width: 778px\" class=\"wp-caption aligncenter\"><a class=\"dt-pswp-item\" href=\"https:\/\/massawippi.org\/wp-content\/uploads\/2026\/02\/image9-768x3131-1.jpg\" data-dt-img-description=\"\" data-large_image_width=\"768\" data-large_image_height=\"313\"><img loading=\"lazy\" decoding=\"async\" aria-describedby=\"caption-attachment-9753\" class=\"wp-image-9753 size-full\" src=\"https:\/\/massawippi.org\/wp-content\/uploads\/2026\/02\/image9-768x3131-1.jpg\" alt=\"\" width=\"768\" height=\"313\" srcset=\"https:\/\/massawippi.org\/wp-content\/uploads\/2026\/02\/image9-768x3131-1.jpg 768w, https:\/\/massawippi.org\/wp-content\/uploads\/2026\/02\/image9-768x3131-1-300x122.jpg 300w, https:\/\/massawippi.org\/wp-content\/uploads\/2026\/02\/image9-768x3131-1-600x245.jpg 600w\" sizes=\"auto, (max-width: 768px) 100vw, 768px\" \/><\/a><p id=\"caption-attachment-9753\" class=\"wp-caption-text\">Gare de Stanstead \u00e0 Rock Island<\/p><\/div><\/figure>\n<p>De 1870 \u00e0 1919, le chemin de fer a \u00e9t\u00e9 la propri\u00e9t\u00e9 du Connecticut &amp; Passumpsic Rivers Railroad. En 1919 le Boston &amp; Maine Railroad a fait l\u2019acquisition du chemin de fer qui fut ensuite c\u00e9d\u00e9 en 1926 \u00e0 la filiale du Canadian Pacific, le Quebec Central. La ligne fut d\u00e9finitivement abandonn\u00e9e en 1990. En 1993, la portion de l\u2019emprise d\u00e9saffect\u00e9e reliant Ayer\u2019s Cliff \u00e0 Beebe fut convertie en tant que Sentier nature Tomifobia par Les Sentiers Massawippi.<\/p>\n<p>&nbsp;<\/p>\n<h4>Un accident fatal<\/h4>\n<p><a class=\"dt-pswp-item\" href=\"https:\/\/massawippi.org\/wp-content\/uploads\/2026\/02\/image8-768x4411-1.jpg\" data-dt-img-description=\"\" data-large_image_width=\"768\" data-large_image_height=\"441\"><img loading=\"lazy\" decoding=\"async\" class=\"aligncenter size-full wp-image-9755\" src=\"https:\/\/massawippi.org\/wp-content\/uploads\/2026\/02\/image8-768x4411-1.jpg\" alt=\"\" width=\"768\" height=\"441\" srcset=\"https:\/\/massawippi.org\/wp-content\/uploads\/2026\/02\/image8-768x4411-1.jpg 768w, https:\/\/massawippi.org\/wp-content\/uploads\/2026\/02\/image8-768x4411-1-300x172.jpg 300w, https:\/\/massawippi.org\/wp-content\/uploads\/2026\/02\/image8-768x4411-1-600x345.jpg 600w\" sizes=\"auto, (max-width: 768px) 100vw, 768px\" \/><\/a><\/p>\n<p>Le 8 avril 1895, en soir\u00e9e, le train de passagers de la compagnie Boston &amp; Maine en direction sud a d\u00e9raill\u00e9 apr\u00e8s avoir percut\u00e9 une grosse pierre tomb\u00e9e plus t\u00f4t apr\u00e8s le passage en matin\u00e9e du train en direction nord. Suite \u00e0 l\u2019impact, la locomotive s\u2019est renvers\u00e9e puis un wagon est venu s\u2019\u00e9craser sur son flanc. Le conducteur Felix J. Rooney et le machiniste Louis A. Emerson sont rest\u00e9s coinc\u00e9s un moment dans la cabine avant que des passagers viennent leur porter secours et les lib\u00e9rer. Bien que tous les passagers s\u2019en soient sortis indemnes, les deux employ\u00e9s n\u2019ont pas eu cette chance et ont \u00e9t\u00e9 gravement br\u00fbl\u00e9s par l\u2019\u00e9chappement de la vapeur. Ils ont \u00e9t\u00e9 transport\u00e9s \u00e0 Newport pour ensuite succomber \u00e0 leurs blessures le lendemain \u00e0 l\u2019aube.<\/p>\n<p>&nbsp;<\/p>\n<h4>Un site comm\u00e9moratif<\/h4>\n<p>Au kilom\u00e8tre 13.4 du Sentier nature Tomifobia, on peut observer une pierre comm\u00e9morative offerte par la Confr\u00e9rie des Conducteurs de Locomotives de m\u00eame que la fameuse pierre qui fut \u00e0 l\u2019origine de cette trag\u00e9die.[\/vc_column_text][vc_row_inner][vc_column_inner width=\u00a0\u00bb1\/2&Prime;][vc_single_image image=\u00a0\u00bb9758&Prime; img_size=\u00a0\u00bbfull\u00a0\u00bb add_caption=\u00a0\u00bbyes\u00a0\u00bb alignment=\u00a0\u00bbcenter\u00a0\u00bb css=\u00a0\u00bb\u00a0\u00bb][\/vc_column_inner][vc_column_inner width=\u00a0\u00bb1\/2&Prime;][vc_single_image image=\u00a0\u00bb9760&Prime; img_size=\u00a0\u00bbfull\u00a0\u00bb add_caption=\u00a0\u00bbyes\u00a0\u00bb alignment=\u00a0\u00bbcenter\u00a0\u00bb css=\u00a0\u00bb\u00a0\u00bb][\/vc_column_inner][\/vc_row_inner][\/vc_column][\/vc_row][vc_row css=\u00a0\u00bb.vc_custom_1777061687398{padding-top: 20px !important;}\u00a0\u00bb][vc_column width=\u00a0\u00bb1\/6&Prime;]<style type=\"text\/css\" data-type=\"the7_shortcodes-inline-css\">#default-btn-777afbbc75c651d07a62fce3eca9823a.ico-right-side > i {\n  margin-right: 0px;\n  margin-left: 8px;\n}\n#default-btn-777afbbc75c651d07a62fce3eca9823a > i {\n  margin-right: 8px;\n}<\/style><div class=\"btn-align-center\"><a href=\"https:\/\/massawippi.org\/fr\/sentier-tomifobia\/\" class=\"default-btn-shortcode dt-btn dt-btn-l link-hover-off  vc_custom_1777068102385\" id=\"default-btn-777afbbc75c651d07a62fce3eca9823a\" title=\"Cartes et informations\"><span>Cartes et informations<\/span><\/a><\/div>[\/vc_column][vc_column width=\u00a0\u00bb1\/6&Prime;]<style type=\"text\/css\" data-type=\"the7_shortcodes-inline-css\">#default-btn-82805673aa15c12fc42c4ae333847ad2.ico-right-side > i {\n  margin-right: 0px;\n  margin-left: 8px;\n}\n#default-btn-82805673aa15c12fc42c4ae333847ad2 > i {\n  margin-right: 8px;\n}<\/style><div class=\"btn-align-center\"><a href=\"https:\/\/massawippi.org\/fr\/sentier-tomifobia\/acces-et-attraits\/\" class=\"default-btn-shortcode dt-btn dt-btn-l link-hover-off  vc_custom_1777068150773\" id=\"default-btn-82805673aa15c12fc42c4ae333847ad2\" title=\"Acc\u00e8s et attraits\"><span>Acc\u00e8s et attraits<\/span><\/a><\/div>[\/vc_column][vc_column width=\u00a0\u00bb1\/6&Prime;]<style type=\"text\/css\" data-type=\"the7_shortcodes-inline-css\">#default-btn-dc2735607d8c176c60c3f2ee01f4538e.ico-right-side > i {\n  margin-right: 0px;\n  margin-left: 8px;\n}\n#default-btn-dc2735607d8c176c60c3f2ee01f4538e > i {\n  margin-right: 8px;\n}<\/style><div class=\"btn-align-center\"><a href=\"https:\/\/massawippi.org\/fr\/sentier-tomifobia\/historique-du-sentier\/\" class=\"default-btn-shortcode dt-btn dt-btn-l link-hover-off  vc_custom_1777068229718\" id=\"default-btn-dc2735607d8c176c60c3f2ee01f4538e\" title=\"Historique du sentier\"><span>Historique du sentier<\/span><\/a><\/div>[\/vc_column][vc_column width=\u00a0\u00bb1\/6&Prime;]<style type=\"text\/css\" data-type=\"the7_shortcodes-inline-css\">#default-btn-742c82453ec15b103c5958067cbad13d.ico-right-side > i {\n  margin-right: 0px;\n  margin-left: 8px;\n}\n#default-btn-742c82453ec15b103c5958067cbad13d > i {\n  margin-right: 8px;\n}<\/style><div class=\"btn-align-center\"><a href=\"https:\/\/massawippi.org\/fr\/sentier-tomifobia\/faune-et-flore\/\" class=\"default-btn-shortcode dt-btn dt-btn-l link-hover-off  vc_custom_1777068267040\" id=\"default-btn-742c82453ec15b103c5958067cbad13d\" title=\"Faune et flore\"><span>Faune et flore<\/span><\/a><\/div>[\/vc_column][vc_column width=\u00a0\u00bb1\/6&Prime;]<style type=\"text\/css\" data-type=\"the7_shortcodes-inline-css\">#default-btn-a35285bdb099569dd6290a0ac6e2f94b.ico-right-side > i {\n  margin-right: 0px;\n  margin-left: 8px;\n}\n#default-btn-a35285bdb099569dd6290a0ac6e2f94b > i {\n  margin-right: 8px;\n}<\/style><div class=\"btn-align-center\"><a href=\"https:\/\/massawippi.org\/fr\/sentier-tomifobia\/foire-aux-questions\/\" class=\"default-btn-shortcode dt-btn dt-btn-l link-hover-off  vc_custom_1777068301885\" id=\"default-btn-a35285bdb099569dd6290a0ac6e2f94b\" title=\"Foire aux questions\"><span>Foire aux questions<\/span><\/a><\/div>[\/vc_column][vc_column width=\u00a0\u00bb1\/6&Prime;]<style type=\"text\/css\" data-type=\"the7_shortcodes-inline-css\">#default-btn-dc2ef484cf8454fb40c6ac97ac3e47ec.ico-right-side > i {\n  margin-right: 0px;\n  margin-left: 8px;\n}\n#default-btn-dc2ef484cf8454fb40c6ac97ac3e47ec > i {\n  margin-right: 8px;\n}<\/style><div class=\"btn-align-center\"><a href=\"https:\/\/massawippi.org\/fr\/fonds-du-sentier-tomifobia\/\" class=\"default-btn-shortcode dt-btn dt-btn-l link-hover-off  vc_custom_1777068330274\" id=\"default-btn-dc2ef484cf8454fb40c6ac97ac3e47ec\" title=\"Fonds du sentier Tomifobia\"><span>Fonds du sentier Tomifobia<\/span><\/a><\/div>[\/vc_column][\/vc_row]<\/p>\n<\/div>","protected":false},"excerpt":{"rendered":"<p>[vc_row][vc_column][\/vc_column][\/vc_row][vc_row disable_element=\u00a0\u00bbyes\u00a0\u00bb][vc_column][vc_column_text css=\u00a0\u00bb.vc_custom_1777059336426{padding-bottom: 20px !important;}\u00a0\u00bb]The Tomifobia Nature Trail is a 19-km rail-trail located in the Tomifobia River valley, between Rte. 141 in Ayer\u2019s Cliff, and Rte. 247 in Beebe (Stanstead), Quebec. It lies in the heart of the Eastern Townships\u2019 natural and architectural heritage. Sentiers Massawippi, a non-profit membership organization and a registered charity established&hellip;<\/p>\n","protected":false},"author":1,"featured_media":0,"parent":9906,"menu_order":0,"comment_status":"closed","ping_status":"closed","template":"","meta":{"_acf_changed":false,"ngg_post_thumbnail":0,"footnotes":""},"class_list":["post-10096","page","type-page","status-publish","hentry","description-off"],"acf":[],"_links":{"self":[{"href":"https:\/\/massawippi.org\/fr\/wp-json\/wp\/v2\/pages\/10096","targetHints":{"allow":["GET"]}}],"collection":[{"href":"https:\/\/massawippi.org\/fr\/wp-json\/wp\/v2\/pages"}],"about":[{"href":"https:\/\/massawippi.org\/fr\/wp-json\/wp\/v2\/types\/page"}],"author":[{"embeddable":true,"href":"https:\/\/massawippi.org\/fr\/wp-json\/wp\/v2\/users\/1"}],"replies":[{"embeddable":true,"href":"https:\/\/massawippi.org\/fr\/wp-json\/wp\/v2\/comments?post=10096"}],"version-history":[{"count":5,"href":"https:\/\/massawippi.org\/fr\/wp-json\/wp\/v2\/pages\/10096\/revisions"}],"predecessor-version":[{"id":10098,"href":"https:\/\/massawippi.org\/fr\/wp-json\/wp\/v2\/pages\/10096\/revisions\/10098"}],"up":[{"embeddable":true,"href":"https:\/\/massawippi.org\/fr\/wp-json\/wp\/v2\/pages\/9906"}],"wp:attachment":[{"href":"https:\/\/massawippi.org\/fr\/wp-json\/wp\/v2\/media?parent=10096"}],"curies":[{"name":"wp","href":"https:\/\/api.w.org\/{rel}","templated":true}]}}