{"id":10101,"date":"2026-04-24T19:30:05","date_gmt":"2026-04-24T19:30:05","guid":{"rendered":"https:\/\/massawippi.org\/sentier-tomifobia\/access-points-of-interest\/"},"modified":"2026-04-24T22:08:11","modified_gmt":"2026-04-24T22:08:11","slug":"acces-et-attraits","status":"publish","type":"page","link":"https:\/\/massawippi.org\/fr\/sentier-tomifobia\/acces-et-attraits\/","title":{"rendered":"Acc\u00e8s et attraits"},"content":{"rendered":"<div class=\"wpb-content-wrapper\"><p>[vc_row][vc_column]<div id=\"ultimate-heading-541169ec02f2b9bce\" class=\"uvc-heading ult-adjust-bottom-margin ultimate-heading-541169ec02f2b9bce uvc-7520  uvc-heading-default-font-sizes\" data-hspacer=\"no_spacer\"  data-halign=\"center\" style=\"text-align:center\"><div class=\"uvc-heading-spacer no_spacer\" style=\"top\"><\/div><div class=\"uvc-main-heading ult-responsive\"  data-ultimate-target='.uvc-heading.ultimate-heading-541169ec02f2b9bce h1'  data-responsive-json-new='{\"font-size\":\"\",\"line-height\":\"\"}' ><h1 style=\"--font-weight:theme;color:#6dab3c;margin-bottom:30px;\">Acc\u00e8s et attraits<\/h1><\/div><\/div>[\/vc_column][\/vc_row][vc_row][vc_column][vc_column_text css=\u00a0\u00bb\u00a0\u00bb]<\/p>\n<div class=\"elementor-column elementor-col-33 elementor-top-column elementor-element elementor-element-456d7b4\" data-id=\"456d7b4\" data-element_type=\"column\" data-e-type=\"column\">\n<div class=\"elementor-widget-wrap elementor-element-populated\">\n<div class=\"elementor-element elementor-element-2316238 elementor-widget elementor-widget-text-editor\" data-id=\"2316238\" data-element_type=\"widget\" data-e-type=\"widget\" data-widget_type=\"text-editor.default\">\n<div class=\"elementor-widget-container\">\n<p>Voyez la liste des attraits et des services \u00e0 proximit\u00e9.<\/p>\n<p>&nbsp;<\/p>\n<\/div>\n<\/div>\n<\/div>\n<\/div>\n<p>[\/vc_column_text][\/vc_column][vc_column width=\u00a0\u00bb1\/2&Prime;]<div class=\"standard-arrow bullet-top\"><h4><b>Acc\u00e8s :<\/b><\/h4>\n<div>\n<ul>\n<li>Beebe : rue Principale et Woodside<\/li>\n<li>Chemin Stanstead (stationnement)<\/li>\n<li>Chemin Rivi\u00e8re<\/li>\n<li>Chemin Laflamme (stationnement)<\/li>\n<li>Chemin Curtis<\/li>\n<li>Chemin Boynton (autoroute 55)<\/li>\n<li>Ayer\u2019s Cliff : rue Main (stationnement*)<\/li>\n<\/ul>\n<h4><b> Stationnement<\/b>:<\/h4>\n<ul>\n<li>Km 1 (juste avant Km 1, ch.&nbsp;Boynton)<\/li>\n<li>Km 6 (ch. Boynton accotement sous le viaduc de l\u2019autoroute 55)<\/li>\n<li>km 9,4 (Ch. Curtis, espace d\u00e9sign\u00e9 en bordure de la route)<\/li>\n<li>Km 12 (ch. La Flamme, aire de stationnement)<\/li>\n<li><span lang=\"fr-CA\">Km 16 (Ch. Stanstead, aire de stationnement)<\/span><\/li>\n<\/ul>\n<p>*Ayer\u2019s Cliff \u2013 stationnement&nbsp;<strong>derri\u00e8re la biblioth\u00e8que&nbsp;<\/strong>(\u00e9vitez le stationnement des commerces avoisinants SVP.)<\/p>\n<\/div>\n<\/div>[\/vc_column][vc_column width=\u00a0\u00bb1\/2&Prime;]<div class=\"standard-arrow bullet-top\"><h4>Le long du sentier :<\/h4>\n<ul>\n<li>Km 0 bois\u00e9<\/li>\n<li>Km 1,1&nbsp;table \u00e0 pique-nique<\/li>\n<li>Km 5 pont<\/li>\n<li>Km 8 pont<\/li>\n<li>Km 9 Sanctuaire Knight<\/li>\n<li>Km 9,5 banc<\/li>\n<li>Km 10,9 \u2013 km 11,1&nbsp;sentier de la for\u00eat enchant\u00e9e<\/li>\n<li>Km 11,1 monument comm\u00e9moratif <span lang=\"fr-CA\"><i>SteenHemel<\/i><\/span><span lang=\"fr-CA\"> et table \u00e0 pique-nique<\/span><\/li>\n<li>Km 11,5 marais Dor\u00e9<\/li>\n<li>Km 12 toilette&nbsp;<\/li>\n<li>Km 12,1 table \u00e0 pique-nique<\/li>\n<li>Km 12,3 pont<\/li>\n<li>Km 12,9 pont<\/li>\n<li>Km 13,4 <a href=\"https:\/\/tomifobianaturetrail.org\/fr\/histoire\">site comm\u00e9moratif de la Fraternit\u00e9 des ing\u00e9nieurs de locomotives<\/a><\/li>\n<li>Km 14 tunnel<\/li>\n<li>Km 15,5 barrage<\/li>\n<li>Km 16,2 tipi et table \u00e0 pique-nique<\/li>\n<li>Km 16,8 aire de repos \u2013 <a href=\"https:\/\/tomifobianaturetrail.org\/fr\/nouvelles\/une-nouvelle-aire-de-repos-roue-de-medecine-et-ses-4-directions\">roue de la m\u00e9decine<\/a><\/li>\n<li>Km 19,5 pont de bois<\/li>\n<\/ul>\n<p>Le long du sentier, vous verrez plusieurs ponceaux de pierres historiques et croiserez peut-\u00eatre quelques bovid\u00e9s.<\/p>\n<\/div>[\/vc_column][\/vc_row][vc_row][vc_column]<div class=\"text-centered\"><a href=\"https:\/\/massawippi.org\/wp-content\/uploads\/2026\/04\/Tomifobia-Trail-map-April-2026-for-website.pdf\" class=\"btn-shortcode dt-btn-l dt-btn default-btn-color default-btn-hover-color default-btn-bg-color default-btn-bg-hover-color\" target=\"_blank\" id=\"dt-btn-1\" rel=\"noopener\"><span>Download Trail Map (PDF)<\/span><\/a><\/div>[\/vc_column][\/vc_row][vc_row css=\u00a0\u00bb.vc_custom_1777061687398{padding-top: 20px !important;}\u00a0\u00bb][vc_column width=\u00a0\u00bb1\/6&Prime;]<style type=\"text\/css\" data-type=\"the7_shortcodes-inline-css\">#default-btn-777afbbc75c651d07a62fce3eca9823a.ico-right-side > i {\n  margin-right: 0px;\n  margin-left: 8px;\n}\n#default-btn-777afbbc75c651d07a62fce3eca9823a > i {\n  margin-right: 8px;\n}<\/style><div class=\"btn-align-center\"><a href=\"https:\/\/massawippi.org\/fr\/sentier-tomifobia\/\" class=\"default-btn-shortcode dt-btn dt-btn-l link-hover-off  vc_custom_1777068102385\" id=\"default-btn-777afbbc75c651d07a62fce3eca9823a\" title=\"Cartes et informations\"><span>Cartes et informations<\/span><\/a><\/div>[\/vc_column][vc_column width=\u00a0\u00bb1\/6&Prime;]<style type=\"text\/css\" data-type=\"the7_shortcodes-inline-css\">#default-btn-82805673aa15c12fc42c4ae333847ad2.ico-right-side > i {\n  margin-right: 0px;\n  margin-left: 8px;\n}\n#default-btn-82805673aa15c12fc42c4ae333847ad2 > i {\n  margin-right: 8px;\n}<\/style><div class=\"btn-align-center\"><a href=\"https:\/\/massawippi.org\/fr\/sentier-tomifobia\/acces-et-attraits\/\" class=\"default-btn-shortcode dt-btn dt-btn-l link-hover-off  vc_custom_1777068150773\" id=\"default-btn-82805673aa15c12fc42c4ae333847ad2\" title=\"Acc\u00e8s et attraits\"><span>Acc\u00e8s et attraits<\/span><\/a><\/div>[\/vc_column][vc_column width=\u00a0\u00bb1\/6&Prime;]<style type=\"text\/css\" data-type=\"the7_shortcodes-inline-css\">#default-btn-dc2735607d8c176c60c3f2ee01f4538e.ico-right-side > i {\n  margin-right: 0px;\n  margin-left: 8px;\n}\n#default-btn-dc2735607d8c176c60c3f2ee01f4538e > i {\n  margin-right: 8px;\n}<\/style><div class=\"btn-align-center\"><a href=\"https:\/\/massawippi.org\/fr\/sentier-tomifobia\/historique-du-sentier\/\" class=\"default-btn-shortcode dt-btn dt-btn-l link-hover-off  vc_custom_1777068229718\" id=\"default-btn-dc2735607d8c176c60c3f2ee01f4538e\" title=\"Historique du sentier\"><span>Historique du sentier<\/span><\/a><\/div>[\/vc_column][vc_column width=\u00a0\u00bb1\/6&Prime;]<style type=\"text\/css\" data-type=\"the7_shortcodes-inline-css\">#default-btn-742c82453ec15b103c5958067cbad13d.ico-right-side > i {\n  margin-right: 0px;\n  margin-left: 8px;\n}\n#default-btn-742c82453ec15b103c5958067cbad13d > i {\n  margin-right: 8px;\n}<\/style><div class=\"btn-align-center\"><a href=\"https:\/\/massawippi.org\/fr\/sentier-tomifobia\/faune-et-flore\/\" class=\"default-btn-shortcode dt-btn dt-btn-l link-hover-off  vc_custom_1777068267040\" id=\"default-btn-742c82453ec15b103c5958067cbad13d\" title=\"Faune et flore\"><span>Faune et flore<\/span><\/a><\/div>[\/vc_column][vc_column width=\u00a0\u00bb1\/6&Prime;]<style type=\"text\/css\" data-type=\"the7_shortcodes-inline-css\">#default-btn-a35285bdb099569dd6290a0ac6e2f94b.ico-right-side > i {\n  margin-right: 0px;\n  margin-left: 8px;\n}\n#default-btn-a35285bdb099569dd6290a0ac6e2f94b > i {\n  margin-right: 8px;\n}<\/style><div class=\"btn-align-center\"><a href=\"https:\/\/massawippi.org\/fr\/sentier-tomifobia\/foire-aux-questions\/\" class=\"default-btn-shortcode dt-btn dt-btn-l link-hover-off  vc_custom_1777068301885\" id=\"default-btn-a35285bdb099569dd6290a0ac6e2f94b\" title=\"Foire aux questions\"><span>Foire aux questions<\/span><\/a><\/div>[\/vc_column][vc_column width=\u00a0\u00bb1\/6&Prime;]<style type=\"text\/css\" data-type=\"the7_shortcodes-inline-css\">#default-btn-dc2ef484cf8454fb40c6ac97ac3e47ec.ico-right-side > i {\n  margin-right: 0px;\n  margin-left: 8px;\n}\n#default-btn-dc2ef484cf8454fb40c6ac97ac3e47ec > i {\n  margin-right: 8px;\n}<\/style><div class=\"btn-align-center\"><a href=\"https:\/\/massawippi.org\/fr\/fonds-du-sentier-tomifobia\/\" class=\"default-btn-shortcode dt-btn dt-btn-l link-hover-off  vc_custom_1777068330274\" id=\"default-btn-dc2ef484cf8454fb40c6ac97ac3e47ec\" title=\"Fonds du sentier Tomifobia\"><span>Fonds du sentier Tomifobia<\/span><\/a><\/div>[\/vc_column][\/vc_row]<\/p>\n<\/div>","protected":false},"excerpt":{"rendered":"<p>[vc_row][vc_column][\/vc_column][\/vc_row][vc_row][vc_column][vc_column_text css=\u00a0\u00bb\u00a0\u00bb] Voyez la liste des attraits et des services \u00e0 proximit\u00e9. &nbsp; [\/vc_column_text][\/vc_column][vc_column width=\u00a0\u00bb1\/2&Prime;][\/vc_column][vc_column width=\u00a0\u00bb1\/2&Prime;][\/vc_column][\/vc_row][vc_row][vc_column][\/vc_column][\/vc_row][vc_row css=\u00a0\u00bb.vc_custom_1777061687398{padding-top: 20px !important;}\u00a0\u00bb][vc_column width=\u00a0\u00bb1\/6&Prime;][\/vc_column][vc_column width=\u00a0\u00bb1\/6&Prime;][\/vc_column][vc_column width=\u00a0\u00bb1\/6&Prime;][\/vc_column][vc_column width=\u00a0\u00bb1\/6&Prime;][\/vc_column][vc_column width=\u00a0\u00bb1\/6&Prime;][\/vc_column][vc_column width=\u00a0\u00bb1\/6&Prime;][\/vc_column][\/vc_row]<\/p>\n","protected":false},"author":1,"featured_media":0,"parent":9906,"menu_order":0,"comment_status":"closed","ping_status":"closed","template":"","meta":{"_acf_changed":false,"ngg_post_thumbnail":0,"footnotes":""},"class_list":["post-10101","page","type-page","status-publish","hentry","description-off"],"acf":[],"_links":{"self":[{"href":"https:\/\/massawippi.org\/fr\/wp-json\/wp\/v2\/pages\/10101","targetHints":{"allow":["GET"]}}],"collection":[{"href":"https:\/\/massawippi.org\/fr\/wp-json\/wp\/v2\/pages"}],"about":[{"href":"https:\/\/massawippi.org\/fr\/wp-json\/wp\/v2\/types\/page"}],"author":[{"embeddable":true,"href":"https:\/\/massawippi.org\/fr\/wp-json\/wp\/v2\/users\/1"}],"replies":[{"embeddable":true,"href":"https:\/\/massawippi.org\/fr\/wp-json\/wp\/v2\/comments?post=10101"}],"version-history":[{"count":5,"href":"https:\/\/massawippi.org\/fr\/wp-json\/wp\/v2\/pages\/10101\/revisions"}],"predecessor-version":[{"id":10161,"href":"https:\/\/massawippi.org\/fr\/wp-json\/wp\/v2\/pages\/10101\/revisions\/10161"}],"up":[{"embeddable":true,"href":"https:\/\/massawippi.org\/fr\/wp-json\/wp\/v2\/pages\/9906"}],"wp:attachment":[{"href":"https:\/\/massawippi.org\/fr\/wp-json\/wp\/v2\/media?parent=10101"}],"curies":[{"name":"wp","href":"https:\/\/api.w.org\/{rel}","templated":true}]}}