{"id":10107,"date":"2026-04-24T16:50:51","date_gmt":"2026-04-24T16:50:51","guid":{"rendered":"https:\/\/massawippi.org\/sentier-tomifobia\/flora-and-fauna\/"},"modified":"2026-04-24T22:08:46","modified_gmt":"2026-04-24T22:08:46","slug":"faune-et-flore","status":"publish","type":"page","link":"https:\/\/massawippi.org\/fr\/sentier-tomifobia\/faune-et-flore\/","title":{"rendered":"Faune et flore"},"content":{"rendered":"<div class=\"wpb-content-wrapper\"><p>[vc_row][vc_column]<div id=\"ultimate-heading-536969ec02ce73819\" class=\"uvc-heading ult-adjust-bottom-margin ultimate-heading-536969ec02ce73819 uvc-426  uvc-heading-default-font-sizes\" data-hspacer=\"no_spacer\"  data-halign=\"center\" style=\"text-align:center\"><div class=\"uvc-heading-spacer no_spacer\" style=\"top\"><\/div><div class=\"uvc-main-heading ult-responsive\"  data-ultimate-target='.uvc-heading.ultimate-heading-536969ec02ce73819 h1'  data-responsive-json-new='{\"font-size\":\"\",\"line-height\":\"\"}' ><h1 style=\"--font-weight:theme;color:#6dab3c;margin-bottom:30px;\">Faune et flore<\/h1><\/div><\/div>[\/vc_column][\/vc_row][vc_row][vc_column][vc_column_text css=\u00a0\u00bb.vc_custom_1777064224114{padding-bottom: 20px !important;}\u00a0\u00bb]<\/p>\n<h4>Une nature \u00e0 explorer!<\/h4>\n<p><span lang=\"fr-CA\">Le Sentier Nature Tomifobia vous permettra de d\u00e9couvrir une faune et une flore riches et diversifi\u00e9es. Les ornithologues qui fr\u00e9quentent la piste ont pu y observer plus de 140 esp\u00e8ces d\u2019oiseaux. <\/span><\/p>\n<p>Trois esp\u00e8ces de tortues y ont \u00e9galement \u00e9lu domicile, soit la tortue peinte, la tortue serpentine ainsi que la tortue des bois.<\/p>\n<p><b>ATTENTION !<br \/>\n<\/b>Si vous voyez un de ces reptiles, \u00e9vitez tout contact. Les tortues peuvent sembler inoffensives, mais leurs m\u00e2choires puissantes pourraient facilement vous couper un doigt.<\/p>\n<p>En vous promenant sur la piste vous risquer de croiser mulots, couleuvres, renards, chevreuils et ratons laveurs. Plus vous serez discret, plus vous ferez de belles rencontres.<\/p>\n<p>Pour obtenir la liste compl\u00e8te des animaux et des v\u00e9g\u00e9taux, cliquez sur le bouton ci-dessous:<\/p>\n<p>&nbsp;<\/p>\n<p><a href=\"https:\/\/massawippi.org\/wp-content\/uploads\/2026\/02\/2021-updateFaune-et-Flore-liste-des-espece-species1.pdf\" class=\"pdfemb-viewer\" style=\"\" data-width=\"max\" data-height=\"max\" data-toolbar=\"bottom\" data-toolbar-fixed=\"off\">2021-updateFaune-et-Flore-liste-des-espe\u0300ce-species<\/a>[\/vc_column_text]<style type=\"text\/css\" data-type=\"the7_shortcodes-inline-css\">#default-btn-1e78fea0dc61d8000b72d08d3fec2909.ico-right-side > i {\n  margin-right: 0px;\n  margin-left: 8px;\n}\n#default-btn-1e78fea0dc61d8000b72d08d3fec2909 > i {\n  margin-right: 8px;\n}<\/style><div class=\"btn-align-center\"><a href=\"https:\/\/massawippi.org\/wp-content\/uploads\/2026\/02\/2021-updateFaune-et-Flore-liste-des-espece-species1.pdf&quot; title=&quot;2021-updateFaune-et-Flore-liste-des-espe\u0300ce-species\" class=\"default-btn-shortcode dt-btn dt-btn-l link-hover-off \" target=\"_blank\" id=\"default-btn-1e78fea0dc61d8000b72d08d3fec2909\" rel=\"noopener\"><span>Liste des t\u00e9l\u00e9chargements (PDF)<\/span><\/a><\/div>[\/vc_column][\/vc_row][vc_row css=\u00a0\u00bb.vc_custom_1777061687398{padding-top: 20px !important;}\u00a0\u00bb][vc_column width=\u00a0\u00bb1\/6&Prime;]<style type=\"text\/css\" data-type=\"the7_shortcodes-inline-css\">#default-btn-777afbbc75c651d07a62fce3eca9823a.ico-right-side > i {\n  margin-right: 0px;\n  margin-left: 8px;\n}\n#default-btn-777afbbc75c651d07a62fce3eca9823a > i {\n  margin-right: 8px;\n}<\/style><div class=\"btn-align-center\"><a href=\"https:\/\/massawippi.org\/fr\/sentier-tomifobia\/\" class=\"default-btn-shortcode dt-btn dt-btn-l link-hover-off  vc_custom_1777068102385\" id=\"default-btn-777afbbc75c651d07a62fce3eca9823a\" title=\"Cartes et informations\"><span>Cartes et informations<\/span><\/a><\/div>[\/vc_column][vc_column width=\u00a0\u00bb1\/6&Prime;]<style type=\"text\/css\" data-type=\"the7_shortcodes-inline-css\">#default-btn-82805673aa15c12fc42c4ae333847ad2.ico-right-side > i {\n  margin-right: 0px;\n  margin-left: 8px;\n}\n#default-btn-82805673aa15c12fc42c4ae333847ad2 > i {\n  margin-right: 8px;\n}<\/style><div class=\"btn-align-center\"><a href=\"https:\/\/massawippi.org\/fr\/sentier-tomifobia\/acces-et-attraits\/\" class=\"default-btn-shortcode dt-btn dt-btn-l link-hover-off  vc_custom_1777068150773\" id=\"default-btn-82805673aa15c12fc42c4ae333847ad2\" title=\"Acc\u00e8s et attraits\"><span>Acc\u00e8s et attraits<\/span><\/a><\/div>[\/vc_column][vc_column width=\u00a0\u00bb1\/6&Prime;]<style type=\"text\/css\" data-type=\"the7_shortcodes-inline-css\">#default-btn-dc2735607d8c176c60c3f2ee01f4538e.ico-right-side > i {\n  margin-right: 0px;\n  margin-left: 8px;\n}\n#default-btn-dc2735607d8c176c60c3f2ee01f4538e > i {\n  margin-right: 8px;\n}<\/style><div class=\"btn-align-center\"><a href=\"https:\/\/massawippi.org\/fr\/sentier-tomifobia\/historique-du-sentier\/\" class=\"default-btn-shortcode dt-btn dt-btn-l link-hover-off  vc_custom_1777068229718\" id=\"default-btn-dc2735607d8c176c60c3f2ee01f4538e\" title=\"Historique du sentier\"><span>Historique du sentier<\/span><\/a><\/div>[\/vc_column][vc_column width=\u00a0\u00bb1\/6&Prime;]<style type=\"text\/css\" data-type=\"the7_shortcodes-inline-css\">#default-btn-742c82453ec15b103c5958067cbad13d.ico-right-side > i {\n  margin-right: 0px;\n  margin-left: 8px;\n}\n#default-btn-742c82453ec15b103c5958067cbad13d > i {\n  margin-right: 8px;\n}<\/style><div class=\"btn-align-center\"><a href=\"https:\/\/massawippi.org\/fr\/sentier-tomifobia\/faune-et-flore\/\" class=\"default-btn-shortcode dt-btn dt-btn-l link-hover-off  vc_custom_1777068267040\" id=\"default-btn-742c82453ec15b103c5958067cbad13d\" title=\"Faune et flore\"><span>Faune et flore<\/span><\/a><\/div>[\/vc_column][vc_column width=\u00a0\u00bb1\/6&Prime;]<style type=\"text\/css\" data-type=\"the7_shortcodes-inline-css\">#default-btn-a35285bdb099569dd6290a0ac6e2f94b.ico-right-side > i {\n  margin-right: 0px;\n  margin-left: 8px;\n}\n#default-btn-a35285bdb099569dd6290a0ac6e2f94b > i {\n  margin-right: 8px;\n}<\/style><div class=\"btn-align-center\"><a href=\"https:\/\/massawippi.org\/fr\/sentier-tomifobia\/foire-aux-questions\/\" class=\"default-btn-shortcode dt-btn dt-btn-l link-hover-off  vc_custom_1777068301885\" id=\"default-btn-a35285bdb099569dd6290a0ac6e2f94b\" title=\"Foire aux questions\"><span>Foire aux questions<\/span><\/a><\/div>[\/vc_column][vc_column width=\u00a0\u00bb1\/6&Prime;]<style type=\"text\/css\" data-type=\"the7_shortcodes-inline-css\">#default-btn-dc2ef484cf8454fb40c6ac97ac3e47ec.ico-right-side > i {\n  margin-right: 0px;\n  margin-left: 8px;\n}\n#default-btn-dc2ef484cf8454fb40c6ac97ac3e47ec > i {\n  margin-right: 8px;\n}<\/style><div class=\"btn-align-center\"><a href=\"https:\/\/massawippi.org\/fr\/fonds-du-sentier-tomifobia\/\" class=\"default-btn-shortcode dt-btn dt-btn-l link-hover-off  vc_custom_1777068330274\" id=\"default-btn-dc2ef484cf8454fb40c6ac97ac3e47ec\" title=\"Fonds du sentier Tomifobia\"><span>Fonds du sentier Tomifobia<\/span><\/a><\/div>[\/vc_column][\/vc_row]<\/p>\n<\/div>","protected":false},"excerpt":{"rendered":"<p>[vc_row][vc_column][\/vc_column][\/vc_row][vc_row][vc_column][vc_column_text css=\u00a0\u00bb.vc_custom_1777064224114{padding-bottom: 20px !important;}\u00a0\u00bb] Une nature \u00e0 explorer! Le Sentier Nature Tomifobia vous permettra de d\u00e9couvrir une faune et une flore riches et diversifi\u00e9es. Les ornithologues qui fr\u00e9quentent la piste ont pu y observer plus de 140 esp\u00e8ces d\u2019oiseaux. Trois esp\u00e8ces de tortues y ont \u00e9galement \u00e9lu domicile, soit la tortue peinte, la tortue serpentine&hellip;<\/p>\n","protected":false},"author":1,"featured_media":0,"parent":9906,"menu_order":0,"comment_status":"closed","ping_status":"closed","template":"","meta":{"_acf_changed":false,"ngg_post_thumbnail":0,"footnotes":""},"class_list":["post-10107","page","type-page","status-publish","hentry","description-off"],"acf":[],"_links":{"self":[{"href":"https:\/\/massawippi.org\/fr\/wp-json\/wp\/v2\/pages\/10107","targetHints":{"allow":["GET"]}}],"collection":[{"href":"https:\/\/massawippi.org\/fr\/wp-json\/wp\/v2\/pages"}],"about":[{"href":"https:\/\/massawippi.org\/fr\/wp-json\/wp\/v2\/types\/page"}],"author":[{"embeddable":true,"href":"https:\/\/massawippi.org\/fr\/wp-json\/wp\/v2\/users\/1"}],"replies":[{"embeddable":true,"href":"https:\/\/massawippi.org\/fr\/wp-json\/wp\/v2\/comments?post=10107"}],"version-history":[{"count":4,"href":"https:\/\/massawippi.org\/fr\/wp-json\/wp\/v2\/pages\/10107\/revisions"}],"predecessor-version":[{"id":10108,"href":"https:\/\/massawippi.org\/fr\/wp-json\/wp\/v2\/pages\/10107\/revisions\/10108"}],"up":[{"embeddable":true,"href":"https:\/\/massawippi.org\/fr\/wp-json\/wp\/v2\/pages\/9906"}],"wp:attachment":[{"href":"https:\/\/massawippi.org\/fr\/wp-json\/wp\/v2\/media?parent=10107"}],"curies":[{"name":"wp","href":"https:\/\/api.w.org\/{rel}","templated":true}]}}