{"id":10390,"date":"2026-04-28T21:22:38","date_gmt":"2026-04-28T21:22:38","guid":{"rendered":"https:\/\/massawippi.org\/sentier-chutes-burroughs\/history-of-the-park\/"},"modified":"2026-04-28T22:10:21","modified_gmt":"2026-04-28T22:10:21","slug":"histoire-du-parc","status":"publish","type":"page","link":"https:\/\/massawippi.org\/fr\/sentier-chutes-burroughs\/histoire-du-parc\/","title":{"rendered":"Histoire du parc"},"content":{"rendered":"<div class=\"wpb-content-wrapper\"><p>[vc_row][vc_column]<div id=\"ultimate-heading-107269f15c8ae286c\" class=\"uvc-heading ult-adjust-bottom-margin ultimate-heading-107269f15c8ae286c uvc-823  uvc-heading-default-font-sizes\" data-hspacer=\"no_spacer\"  data-halign=\"center\" style=\"text-align:center\"><div class=\"uvc-heading-spacer no_spacer\" style=\"top\"><\/div><div class=\"uvc-main-heading ult-responsive\"  data-ultimate-target='.uvc-heading.ultimate-heading-107269f15c8ae286c h1'  data-responsive-json-new='{\"font-size\":\"\",\"line-height\":\"\"}' ><h1 style=\"--font-weight:theme;color:#6dab3c;margin-bottom:30px;\">Histoire du parc<\/h1><\/div><\/div>[\/vc_column][\/vc_row][vc_row][vc_column]<div class=\"standard-arrow bullet-top\"><h4><a class=\"dt-pswp-item\" href=\"https:\/\/massawippi.org\/wp-content\/uploads\/2026\/04\/20251015_161208-shelter-scaled.jpg\" data-dt-img-description=\"\" data-large_image_width=\"2560\" data-large_image_height=\"1920\"><img loading=\"lazy\" decoding=\"async\" class=\"alignright wp-image-10288 size-medium\" src=\"https:\/\/massawippi.org\/wp-content\/uploads\/2026\/04\/20251015_161208-shelter-300x225.jpg\" alt=\"\" width=\"300\" height=\"225\" srcset=\"https:\/\/massawippi.org\/wp-content\/uploads\/2026\/04\/20251015_161208-shelter-300x225.jpg 300w, https:\/\/massawippi.org\/wp-content\/uploads\/2026\/04\/20251015_161208-shelter-1024x768.jpg 1024w, https:\/\/massawippi.org\/wp-content\/uploads\/2026\/04\/20251015_161208-shelter-768x576.jpg 768w, https:\/\/massawippi.org\/wp-content\/uploads\/2026\/04\/20251015_161208-shelter-1536x1152.jpg 1536w, https:\/\/massawippi.org\/wp-content\/uploads\/2026\/04\/20251015_161208-shelter-2048x1536.jpg 2048w, https:\/\/massawippi.org\/wp-content\/uploads\/2026\/04\/20251015_161208-shelter-600x450.jpg 600w\" sizes=\"auto, (max-width: 300px) 100vw, 300px\" \/><\/a><\/h4>\n<h4>Bienvenue au parc des Chutes-Burroughs<\/h4>\n<p><strong>&nbsp;<\/strong><strong>La gen\u00e8se&nbsp;: <\/strong><\/p>\n<p>Les Chutes-Burroughs, font partie du bassin versant de la rivi\u00e8re Niger, plus largement du grand bassin versant du lac Massawippi et s\u2019inscrivent dans le corridor g\u00e9ologique des Appalaches du Qu\u00e9bec. V\u00e9ritables cascades naturelles d\u2019une hauteur d\u2019environ 55 m\u00e8tres, elles sont un t\u00e9moignage vivant de la richesse naturelle et g\u00e9ologique du secteur.<\/p>\n<p>Lorsqu\u2019en mai 2018, Hydro-Qu\u00e9bec a sond\u00e9 l\u2019int\u00e9r\u00eat de la Municipalit\u00e9 de Stanstead-Est \u00e0 devenir propri\u00e9taire de cet ancien site de production hydro\u00e9lectrique, d\u2019une superficie de 20 hectares, le conseil municipal, s\u00e9duit par la beaut\u00e9 des lieux a vu l\u2019opportunit\u00e9 unique de redonner \u00e0 la population l\u2019acc\u00e8s aux berges des Chutes-Burroughs et d\u2019y cr\u00e9er le premier lieu de rassemblement public pour les citoyens.<\/p>\n<p><strong>La mission&nbsp;: Une vision commune. <\/strong><\/p>\n<p>Une fois l\u2019acquisition boucl\u00e9e, la Municipalit\u00e9 a organis\u00e9 une consultation sur le site et a mis sur pied un comit\u00e9 compos\u00e9 d\u2019\u00e9lu.e.s et de citoyen.ne.s volontaires afin de r\u00e9fl\u00e9chir sur la mission et d\u00e9finir les grandes lignes directrices du futur parc.&nbsp;<\/p>\n<p>Le parc des Chutes Burroughs est d\u2019abord un lieu <strong>interg\u00e9n\u00e9rationnel<\/strong> et <strong>inclusif <\/strong>qui favorise la tenue d\u2019activit\u00e9s r\u00e9cr\u00e9atives, \u00e9ducatives, communautaires et culturelles pour les r\u00e9sidents de Stanstead-Est. Il constitue \u00e9galement une vitrine offrant la possibilit\u00e9 de d\u00e9couvrir la richesse <strong>\u00e9cologique<\/strong>, <strong>patrimoniale<\/strong> et de l\u2019occupation du territoire au fil du temps de notre r\u00e9gion. Les valeurs qui guident le d\u00e9veloppement et l\u2019offre du Parc sont :<\/p>\n<ul>\n<li><strong>Accessibilit\u00e9 :<\/strong> pour favoriser que tous puissent profiter de ce lieu exceptionnel ;<\/li>\n<li><strong>Communaut\u00e9 :<\/strong> pour qu\u2019on veille \u00e0 avoir un lieu rassembleur, familial et festif qui permet de cr\u00e9er des liens entre les gens et de socialiser.<\/li>\n<li><strong>\u00c9ducation :<\/strong> pour que le lieu soit propice \u00e0 la d\u00e9couverte et au transfert de savoirs ;<\/li>\n<li><strong>D\u00e9veloppement durable :<\/strong> pour faire en sorte que les actions et l\u2019offre du parc se r\u00e9alisent dans le respect, tant au niveau de la conservation de la valeur \u00e9cologique du territoire qu\u2019en ce qui a trait \u00e0 la capacit\u00e9 financi\u00e8re de la municipalit\u00e9 ;<\/li>\n<\/ul>\n<p><strong>Protection et mise en valeur <\/strong><\/p>\n<p>Pour atteindre ces objectifs, le conseil a rapidement pos\u00e9 trois actions fondatrices&nbsp;:<\/p>\n<ul>\n<li>Dans le but de pr\u00e9server mais aussi de stimuler d\u2019autres initiatives de <strong>conservation<\/strong> chez les propri\u00e9taires terriens de la r\u00e9gion, une servitude de conservation prot\u00e9geant 13 hectares \u00e0 perp\u00e9tuit\u00e9 a \u00e9t\u00e9 sign\u00e9e avec la Fiducie de conservation Massawippi.<\/li>\n<li>Un r\u00e8glement sur la constitution du site <strong>patrimonial<\/strong> de l\u2019ancienne centrale a \u00e9t\u00e9 adopt\u00e9 en Depuis le site est inscrit au Registre du patrimoine culturel. Un rapport de Patri-Arch command\u00e9 par le conseil confirme l\u2019int\u00e9r\u00eat patrimonial du site pour ses valeurs historique, architecturale, technologique, mais aussi sa valeur paysag\u00e8re. Il y souligne notamment la beaut\u00e9 du chemin d\u2019acc\u00e8s \u00e0 la centrale, born\u00e9 de grands pins blancs.<\/li>\n<li>Avant m\u00eame la mise en place d\u2019infrastructures d\u2019accueil, un comit\u00e9 <strong>loisir<\/strong> a \u00e9t\u00e9 cr\u00e9\u00e9. Gr\u00e2ce \u00e0 l\u2019initiative d\u2019une poign\u00e9e de b\u00e9n\u00e9voles passionn\u00e9es, une programmation ax\u00e9e sur l\u2019accueil des nouveaux arrivants, les \u00e9changes entre voisins et la c\u00e9l\u00e9bration a \u00e9t\u00e9 lanc\u00e9e d\u00e8s le printemps 2022, et se poursuit depuis.<\/li>\n<\/ul>\n<p><strong>Une r\u00e9alisation en marche \u2026 vers 2030. <\/strong><\/p>\n<p>Aujourd\u2019hui le parc compte un r\u00e9seau de sentiers de 1,9 km qui sillonne le site. Des infrastructures permettant l\u2019activit\u00e9 physique, la d\u00e9tente, la contemplation et la rencontre sont mises en place pour le plus grand bonheur des visiteurs, petits et grands. Et ce n\u2019est pas fini.<\/p>\n<p>En 2030 <strong>la Centrale Chutes-Burroughs f\u00eatera ses 100 ans. <\/strong>&nbsp;Le parc continuera \u00e0 se d\u00e9velopper avec comme guide les valeurs adopt\u00e9es \u00e0 sa cr\u00e9ation et son histoire tout en demeurant ancr\u00e9 dans le pr\u00e9sent.<\/p>\n<p><strong> Merci aux subventionneurs et partenaires financiers qui ont rendu cela possible.&nbsp;&nbsp;<\/strong><\/p>\n<p>&nbsp;<\/p>\n<\/div>[\/vc_column][\/vc_row][vc_row][vc_column][vc_single_image image=\u00a0\u00bb10388&Prime; img_size=\u00a0\u00bbfull\u00a0\u00bb alignment=\u00a0\u00bbcenter\u00a0\u00bb css=\u00a0\u00bb\u00a0\u00bb][\/vc_column][\/vc_row]<\/p>\n<\/div>","protected":false},"excerpt":{"rendered":"<p>[vc_row][vc_column][\/vc_column][\/vc_row][vc_row][vc_column][\/vc_column][\/vc_row][vc_row][vc_column][vc_single_image image=\u00a0\u00bb10388&Prime; img_size=\u00a0\u00bbfull\u00a0\u00bb alignment=\u00a0\u00bbcenter\u00a0\u00bb css=\u00a0\u00bb\u00a0\u00bb][\/vc_column][\/vc_row]<\/p>\n","protected":false},"author":1,"featured_media":0,"parent":10255,"menu_order":0,"comment_status":"closed","ping_status":"closed","template":"","meta":{"_acf_changed":false,"ngg_post_thumbnail":0,"footnotes":""},"class_list":["post-10390","page","type-page","status-publish","hentry","description-off"],"acf":[],"_links":{"self":[{"href":"https:\/\/massawippi.org\/fr\/wp-json\/wp\/v2\/pages\/10390","targetHints":{"allow":["GET"]}}],"collection":[{"href":"https:\/\/massawippi.org\/fr\/wp-json\/wp\/v2\/pages"}],"about":[{"href":"https:\/\/massawippi.org\/fr\/wp-json\/wp\/v2\/types\/page"}],"author":[{"embeddable":true,"href":"https:\/\/massawippi.org\/fr\/wp-json\/wp\/v2\/users\/1"}],"replies":[{"embeddable":true,"href":"https:\/\/massawippi.org\/fr\/wp-json\/wp\/v2\/comments?post=10390"}],"version-history":[{"count":3,"href":"https:\/\/massawippi.org\/fr\/wp-json\/wp\/v2\/pages\/10390\/revisions"}],"predecessor-version":[{"id":10393,"href":"https:\/\/massawippi.org\/fr\/wp-json\/wp\/v2\/pages\/10390\/revisions\/10393"}],"up":[{"embeddable":true,"href":"https:\/\/massawippi.org\/fr\/wp-json\/wp\/v2\/pages\/10255"}],"wp:attachment":[{"href":"https:\/\/massawippi.org\/fr\/wp-json\/wp\/v2\/media?parent=10390"}],"curies":[{"name":"wp","href":"https:\/\/api.w.org\/{rel}","templated":true}]}}