{"id":5620,"date":"2024-04-30T18:05:25","date_gmt":"2024-04-30T18:05:25","guid":{"rendered":"https:\/\/dev.massawippi.org\/grants\/"},"modified":"2024-11-16T03:03:48","modified_gmt":"2024-11-16T03:03:48","slug":"subventions","status":"publish","type":"page","link":"https:\/\/massawippi.org\/fr\/subventions\/","title":{"rendered":"Subventions"},"content":{"rendered":"<div class=\"wpb-content-wrapper\"><p>[vc_row][vc_column]<div id=\"ultimate-heading-967669d48c6390ff5\" class=\"uvc-heading ult-adjust-bottom-margin ultimate-heading-967669d48c6390ff5 uvc-2979  uvc-heading-default-font-sizes\" data-hspacer=\"no_spacer\"  data-halign=\"center\" style=\"text-align:center\"><div class=\"uvc-heading-spacer no_spacer\" style=\"top\"><\/div><div class=\"uvc-main-heading ult-responsive\"  data-ultimate-target='.uvc-heading.ultimate-heading-967669d48c6390ff5 h1'  data-responsive-json-new='{\"font-size\":\"\",\"line-height\":\"\"}' ><h1 style=\"--font-weight:theme;color:#6dab3c;margin-bottom:30px;\">Subventions<\/h1><\/div><\/div>[\/vc_column][\/vc_row][vc_row][vc_column][vc_column_text css=\u00a0\u00bb.vc_custom_1731078398979{padding-right: 50px !important;padding-left: 50px !important;}\u00a0\u00bb]<\/p>\n<h4 style=\"text-align: center;\">La fondation Massawippi distribue des subventions \u00e0<br \/>\ndes projets communautaires et de conservation chaque ann\u00e9e depuis 2011.<\/h4>\n<p>[\/vc_column_text]<div class=\"ult-spacer spacer-69d48c63910c2\" data-id=\"69d48c63910c2\" data-height=\"20\" data-height-mobile=\"20\" data-height-tab=\"20\" data-height-tab-portrait=\"\" data-height-mobile-landscape=\"\" style=\"clear:both;display:block;\"><\/div><style type=\"text\/css\" data-type=\"the7_shortcodes-inline-css\">#default-btn-e430b2d1168be58466e138038c03fc45.ico-right-side > i {\n  margin-right: 0px;\n  margin-left: 8px;\n}\n#default-btn-e430b2d1168be58466e138038c03fc45 > i {\n  margin-right: 8px;\n}<\/style><div class=\"btn-align-center\"><a href=\"https:\/\/massawippi.org\/fr\/grant-application\/\" class=\"default-btn-shortcode dt-btn dt-btn-l link-hover-off \" id=\"default-btn-e430b2d1168be58466e138038c03fc45\"><i class=\"vc_btn3-icon far fa-file-alt\"><\/i><span>Demander une subvention<\/span><\/a><\/div>[\/vc_column][\/vc_row][vc_row css=\u00a0\u00bb.vc_custom_1731726223122{padding-top: 50px !important;}\u00a0\u00bb][vc_column][vc_text_separator title=\u00a0\u00bbAnciens b\u00e9n\u00e9ficiaires de bourses\u00a0\u00bb color=\u00a0\u00bbgreen\u00a0\u00bb border_width=\u00a0\u00bb3&Prime; css=\u00a0\u00bb\u00a0\u00bb]<div class=\"ult-spacer spacer-69d48c639134d\" data-id=\"69d48c639134d\" data-height=\"10\" data-height-mobile=\"10\" data-height-tab=\"10\" data-height-tab-portrait=\"\" data-height-mobile-landscape=\"\" style=\"clear:both;display:block;\"><\/div>[\/vc_column][\/vc_row][vc_row][vc_column]<div class=\"smile_icon_list_wrap ult_info_list_container ult-adjust-bottom-margin  \"><ul class=\"smile_icon_list left square with_bg\"><li class=\"icon_list_item\" style=\" font-size:54px;\"><div class=\"icon_list_icon\" data-animation=\"\" data-animation-delay=\"03\" style=\"font-size:18px;border-width:1px;border-style:none;background:#589516;color:#000000;border-color:#333333;\"><i class=\"icomoon-the7-font-the7-arrow-21\" ><\/i><\/div><div class=\"icon_description\" id=\"Info-list-wrap-2571\" style=\"font-size:18px;\"><h2 class=\"ult-responsive info-list-heading\"  data-ultimate-target='#Info-list-wrap-2571 h2'  data-responsive-json-new='{\"font-size\":\"desktop:16px;\",\"line-height\":\"desktop:24px;\"}'  style=\"\">2024<\/h2><div class=\"icon_description_text ult-responsive\"  data-ultimate-target='#Info-list-wrap-2571 .icon_description_text'  data-responsive-json-new='{\"font-size\":\"desktop:13px;\",\"line-height\":\"desktop:18px;\"}'  style=\"\"><ul>\n<li><a href=\"https:\/\/fsvm.ca\/\" target=\"_blank\" rel=\"noopener\" data-saferedirecturl=\"https:\/\/www.google.com\/url?q=https:\/\/fsvm.ca\/&amp;source=gmail&amp;ust=1727812301047000&amp;usg=AOvVaw2G8gBK7pA38wrg5t2L8GL6\">Fondation Sant\u00e9 Vall\u00e9e Massawippi&nbsp;<\/a>\u2013 Ayer&rsquo;s Cliff<\/li>\n<\/ul>\n<\/div><\/div><div class=\"icon_list_connector\"  style=\"border-right-width: 1px;border-right-style: dashed;border-color: #333333;\"><\/div><\/li><li class=\"icon_list_item\" style=\" font-size:54px;\"><div class=\"icon_list_icon\" data-animation=\"\" data-animation-delay=\"03\" style=\"font-size:18px;border-width:1px;border-style:none;background:#589516;color:#000000;border-color:#333333;\"><i class=\"icomoon-the7-font-the7-arrow-21\" ><\/i><\/div><div class=\"icon_description\" id=\"Info-list-wrap-7849\" style=\"font-size:18px;\"><h2 class=\"ult-responsive info-list-heading\"  data-ultimate-target='#Info-list-wrap-7849 h2'  data-responsive-json-new='{\"font-size\":\"desktop:16px;\",\"line-height\":\"desktop:24px;\"}'  style=\"\">2023<\/h2><div class=\"icon_description_text ult-responsive\"  data-ultimate-target='#Info-list-wrap-7849 .icon_description_text'  data-responsive-json-new='{\"font-size\":\"desktop:13px;\",\"line-height\":\"desktop:18px;\"}'  style=\"\"><ul>\n<li><a href=\"http:\/\/www.iledumarais.org\/\"><span style=\"font-weight: 400;\">Regroupement pour la pr\u00e9servation de l&rsquo;\u00eele et du marais de Katevale (L&rsquo;\u00cele du marais) inc.<\/span><\/a><a href=\"http:\/\/www.iledumarais.org\/\"><span style=\"font-weight: 400;\">&nbsp;<\/span><\/a><span style=\"font-weight: 400;\">\u2013 pour du travail et r\u00e9parations des les sentiers\u2013 Sainte-Catherine-de-Hatley<\/span><\/li>\n<li><span style=\"font-weight: 400;\"><a href=\"https:\/\/bleumassawippi.com\/\">L\u2019Association pour la protection du lac Massawippi inc.<\/a> (Bleu Massawippi) &#8211; Ayer&rsquo;s Cliff<\/span><\/li>\n<li>Fiducie de conservation de Massawippi \u2013 projets de conservation et sentiers<\/li>\n<\/ul>\n<\/div><\/div><div class=\"icon_list_connector\"  style=\"border-right-width: 1px;border-right-style: dashed;border-color: #333333;\"><\/div><\/li><li class=\"icon_list_item\" style=\" font-size:54px;\"><div class=\"icon_list_icon\" data-animation=\"\" data-animation-delay=\"03\" style=\"font-size:18px;border-width:1px;border-style:none;background:#589516;color:#000000;border-color:#333333;\"><i class=\"icomoon-the7-font-the7-arrow-21\" ><\/i><\/div><div class=\"icon_description\" id=\"Info-list-wrap-1049\" style=\"font-size:18px;\"><h2 class=\"ult-responsive info-list-heading\"  data-ultimate-target='#Info-list-wrap-1049 h2'  data-responsive-json-new='{\"font-size\":\"desktop:16px;\",\"line-height\":\"desktop:24px;\"}'  style=\"\">2022<\/h2><div class=\"icon_description_text ult-responsive\"  data-ultimate-target='#Info-list-wrap-1049 .icon_description_text'  data-responsive-json-new='{\"font-size\":\"desktop:13px;\",\"line-height\":\"desktop:18px;\"}'  style=\"\"><ul>\n<li><a href=\"http:\/\/www.quebeclodge.org\/\"><span style=\"font-weight: 400;\">La Fondation Qu\u00e9bec Lodge <\/span><\/a><span style=\"font-weight: 400;\">\u2013&nbsp;camp d`\u00e9t\u00e9&nbsp;pour les enfants&nbsp;\u2013 Hatley<\/span><\/li>\n<li><span style=\"font-weight: 400;\"><a href=\"https:\/\/bleumassawippi.com\/\">L\u2019Association pour la protection du lac Massawippi inc.<\/a> (Bleu Massawippi)<\/span><\/li>\n<li>Fiducie de conservation de Massawippi \u2013 projets de conservation et sentiers.<\/li>\n<\/ul>\n<\/div><\/div><div class=\"icon_list_connector\"  style=\"border-right-width: 1px;border-right-style: dashed;border-color: #333333;\"><\/div><\/li><li class=\"icon_list_item\" style=\" font-size:54px;\"><div class=\"icon_list_icon\" data-animation=\"\" data-animation-delay=\"03\" style=\"font-size:18px;border-width:1px;border-style:none;background:#589516;color:#000000;border-color:#333333;\"><i class=\"icomoon-the7-font-the7-arrow-21\" ><\/i><\/div><div class=\"icon_description\" id=\"Info-list-wrap-8102\" style=\"font-size:18px;\"><h4 class=\"ult-responsive info-list-heading\"  data-ultimate-target='#Info-list-wrap-8102 h4'  data-responsive-json-new='{\"font-size\":\"desktop:16px;\",\"line-height\":\"desktop:24px;\"}'  style=\"\">2021<\/h4><div class=\"icon_description_text ult-responsive\"  data-ultimate-target='#Info-list-wrap-8102 .icon_description_text'  data-responsive-json-new='{\"font-size\":\"desktop:13px;\",\"line-height\":\"desktop:18px;\"}'  style=\"\"><ul>\n<li><a href=\"http:\/\/www.csvm.ca\/\">Centre de Sant\u00e9 de la Vall\u00e9e Massawippi<\/a> \u2013 Ayer&rsquo;s Cliff<\/li>\n<li><span style=\"font-weight: 400;\"><a href=\"https:\/\/bleumassawippi.com\/\">L\u2019Association pour la protection du lac Massawippi inc.<\/a> (Bleu Massawippi)<\/span><\/li>\n<li>Fiducie de conservation de Massawippi \u2013 projets de conservation et sentiers.<\/li>\n<\/ul>\n<\/div><\/div><div class=\"icon_list_connector\"  style=\"border-right-width: 1px;border-right-style: dashed;border-color: #333333;\"><\/div><\/li><li class=\"icon_list_item\" style=\" font-size:54px;\"><div class=\"icon_list_icon\" data-animation=\"\" data-animation-delay=\"03\" style=\"font-size:18px;border-width:1px;border-style:none;background:#589516;color:#000000;border-color:#333333;\"><i class=\"icomoon-the7-font-the7-arrow-21\" ><\/i><\/div><div class=\"icon_description\" id=\"Info-list-wrap-6868\" style=\"font-size:18px;\"><h3 class=\"ult-responsive info-list-heading\"  data-ultimate-target='#Info-list-wrap-6868 h3'  data-responsive-json-new='{\"font-size\":\"desktop:16px;\",\"line-height\":\"desktop:24px;\"}'  style=\"\">2020<\/h3><div class=\"icon_description_text ult-responsive\"  data-ultimate-target='#Info-list-wrap-6868 .icon_description_text'  data-responsive-json-new='{\"font-size\":\"desktop:13px;\",\"line-height\":\"desktop:18px;\"}'  style=\"\"><ul>\n<li><span style=\"font-weight: 400;\"><a href=\"https:\/\/bleumassawippi.com\/\">L\u2019Association pour la protection du lac Massawippi inc.<\/a> (Bleu Massawippi)<\/span><\/li>\n<li>Fiducie de conservation de Massawippi \u2013 projets de conservation et sentiers.<\/li>\n<\/ul>\n<\/div><\/div><div class=\"icon_list_connector\"  style=\"border-right-width: 1px;border-right-style: dashed;border-color: #333333;\"><\/div><\/li><li class=\"icon_list_item\" style=\" font-size:54px;\"><div class=\"icon_list_icon\" data-animation=\"\" data-animation-delay=\"03\" style=\"font-size:18px;border-width:1px;border-style:none;background:#589516;color:#000000;border-color:#333333;\"><i class=\"icomoon-the7-font-the7-arrow-21\" ><\/i><\/div><div class=\"icon_description\" id=\"Info-list-wrap-6240\" style=\"font-size:18px;\"><h3 class=\"ult-responsive info-list-heading\"  data-ultimate-target='#Info-list-wrap-6240 h3'  data-responsive-json-new='{\"font-size\":\"desktop:16px;\",\"line-height\":\"desktop:24px;\"}'  style=\"\">2019<\/h3><div class=\"icon_description_text ult-responsive\"  data-ultimate-target='#Info-list-wrap-6240 .icon_description_text'  data-responsive-json-new='{\"font-size\":\"desktop:13px;\",\"line-height\":\"desktop:18px;\"}'  style=\"\"><ul>\n<li><span style=\"font-weight: 400;\"><a href=\"https:\/\/bleumassawippi.com\/\">L\u2019Association pour la protection du lac Massawippi inc.<\/a> (Bleu Massawippi)<\/span><\/li>\n<li><a href=\"https:\/\/biblionh.org\/\">North Hatley Library Association<\/a><\/li>\n<li>Fiducie de conservation de Massawippi \u2013 projets de conservation et sentiers.<\/li>\n<\/ul>\n<\/div><\/div><div class=\"icon_list_connector\"  style=\"border-right-width: 1px;border-right-style: dashed;border-color: #333333;\"><\/div><\/li><li class=\"icon_list_item\" style=\" font-size:54px;\"><div class=\"icon_list_icon\" data-animation=\"\" data-animation-delay=\"03\" style=\"font-size:18px;border-width:1px;border-style:none;background:#589516;color:#000000;border-color:#333333;\"><i class=\"icomoon-the7-font-the7-arrow-21\" ><\/i><\/div><div class=\"icon_description\" id=\"Info-list-wrap-8750\" style=\"font-size:18px;\"><h3 class=\"ult-responsive info-list-heading\"  data-ultimate-target='#Info-list-wrap-8750 h3'  data-responsive-json-new='{\"font-size\":\"desktop:16px;\",\"line-height\":\"desktop:24px;\"}'  style=\"\">2018<\/h3><div class=\"icon_description_text ult-responsive\"  data-ultimate-target='#Info-list-wrap-8750 .icon_description_text'  data-responsive-json-new='{\"font-size\":\"desktop:13px;\",\"line-height\":\"desktop:18px;\"}'  style=\"\"><ul>\n<li><a href=\"http:\/\/www.csvm.ca\/\">Centre de Sant\u00e9 de la Vall\u00e9e Massawippi<\/a> \u2013 Ayer&rsquo;s Cliff<\/li>\n<li><span style=\"font-weight: 400;\"><a href=\"https:\/\/bleumassawippi.com\/\">L\u2019Association pour la protection du lac Massawippi inc.<\/a> (Bleu Massawippi)<\/span><\/li>\n<li><a href=\"http:\/\/www.quebeclodge.org\/\">Quebec Lodge Foundation<\/a> \u2013 camp d`\u00e9t\u00e9&nbsp;pour les enfants \u2013 Canton de Hatley<\/li>\n<li>Fiducie de conservation de Massawippi \u2013 projets de conservation et sentiers<\/li>\n<\/ul>\n<\/div><\/div><div class=\"icon_list_connector\"  style=\"border-right-width: 1px;border-right-style: dashed;border-color: #333333;\"><\/div><\/li><li class=\"icon_list_item\" style=\" font-size:54px;\"><div class=\"icon_list_icon\" data-animation=\"\" data-animation-delay=\"03\" style=\"font-size:18px;border-width:1px;border-style:none;background:#589516;color:#000000;border-color:#333333;\"><i class=\"icomoon-the7-font-the7-arrow-21\" ><\/i><\/div><div class=\"icon_description\" id=\"Info-list-wrap-6436\" style=\"font-size:18px;\"><h3 class=\"ult-responsive info-list-heading\"  data-ultimate-target='#Info-list-wrap-6436 h3'  data-responsive-json-new='{\"font-size\":\"desktop:16px;\",\"line-height\":\"desktop:24px;\"}'  style=\"\">2017<\/h3><div class=\"icon_description_text ult-responsive\"  data-ultimate-target='#Info-list-wrap-6436 .icon_description_text'  data-responsive-json-new='{\"font-size\":\"desktop:13px;\",\"line-height\":\"desktop:18px;\"}'  style=\"\"><ul>\n<li><span style=\"font-weight: 400;\"><a href=\"https:\/\/bleumassawippi.com\/\">L\u2019Association pour la protection du lac Massawippi inc.<\/a> (Bleu Massawippi)<\/span><\/li>\n<li><span style=\"font-weight: 400;\">Fondation Townshippers<\/span><\/li>\n<li><span style=\"font-weight: 400;\"><a href=\"http:\/\/www.piggery.com\/\">Le Th\u00e9\u00e2tre Piggery<\/a>&nbsp; \u2013 Sainte Catherine de Hatley<\/span><\/li>\n<li>North Hatley Library Association<\/li>\n<li><a href=\"http:\/\/www.csvm.ca\/\">Centre de Sant\u00e9 de la Vall\u00e9e Massawippi<\/a> \u2013 Ayer&rsquo;s Cliff<\/li>\n<li>Fiducie de conservation de Massawippi \u2013 projets de conservation et sentiers<\/li>\n<\/ul>\n<\/div><\/div><div class=\"icon_list_connector\"  style=\"border-right-width: 1px;border-right-style: dashed;border-color: #333333;\"><\/div><\/li><li class=\"icon_list_item\" style=\" font-size:54px;\"><div class=\"icon_list_icon\" data-animation=\"\" data-animation-delay=\"03\" style=\"font-size:18px;border-width:1px;border-style:none;background:#589516;color:#000000;border-color:#333333;\"><i class=\"icomoon-the7-font-the7-arrow-21\" ><\/i><\/div><div class=\"icon_description\" id=\"Info-list-wrap-3145\" style=\"font-size:18px;\"><h3 class=\"ult-responsive info-list-heading\"  data-ultimate-target='#Info-list-wrap-3145 h3'  data-responsive-json-new='{\"font-size\":\"desktop:16px;\",\"line-height\":\"desktop:24px;\"}'  style=\"\">2016<\/h3><div class=\"icon_description_text ult-responsive\"  data-ultimate-target='#Info-list-wrap-3145 .icon_description_text'  data-responsive-json-new='{\"font-size\":\"desktop:13px;\",\"line-height\":\"desktop:18px;\"}'  style=\"\"><ul>\n<li>Hatley Canada Day Parade &#8211; pour les activit\u00e9s des enfants \u2013 Hatley<\/li>\n<li>Fiducie de conservation de Massawippi \u2013 projets de conservation et sentiers.<\/li>\n<\/ul>\n<\/div><\/div><div class=\"icon_list_connector\"  style=\"border-right-width: 1px;border-right-style: dashed;border-color: #333333;\"><\/div><\/li><li class=\"icon_list_item\" style=\" font-size:54px;\"><div class=\"icon_list_icon\" data-animation=\"\" data-animation-delay=\"03\" style=\"font-size:18px;border-width:1px;border-style:none;background:#589516;color:#000000;border-color:#333333;\"><i class=\"icomoon-the7-font-the7-arrow-21\" ><\/i><\/div><div class=\"icon_description\" id=\"Info-list-wrap-5912\" style=\"font-size:18px;\"><h3 class=\"ult-responsive info-list-heading\"  data-ultimate-target='#Info-list-wrap-5912 h3'  data-responsive-json-new='{\"font-size\":\"desktop:16px;\",\"line-height\":\"desktop:24px;\"}'  style=\"\">2015<\/h3><div class=\"icon_description_text ult-responsive\"  data-ultimate-target='#Info-list-wrap-5912 .icon_description_text'  data-responsive-json-new='{\"font-size\":\"desktop:13px;\",\"line-height\":\"desktop:18px;\"}'  style=\"\"><ul>\n<li>Fiducie de conservation de Massawippi \u2013&nbsp;projets de conservation.<\/li>\n<\/ul>\n<\/div><\/div><div class=\"icon_list_connector\"  style=\"border-right-width: 1px;border-right-style: dashed;border-color: #333333;\"><\/div><\/li><li class=\"icon_list_item\" style=\" font-size:54px;\"><div class=\"icon_list_icon\" data-animation=\"\" data-animation-delay=\"03\" style=\"font-size:18px;border-width:1px;border-style:none;background:#589516;color:#000000;border-color:#333333;\"><i class=\"icomoon-the7-font-the7-arrow-21\" ><\/i><\/div><div class=\"icon_description\" id=\"Info-list-wrap-8121\" style=\"font-size:18px;\"><h3 class=\"ult-responsive info-list-heading\"  data-ultimate-target='#Info-list-wrap-8121 h3'  data-responsive-json-new='{\"font-size\":\"desktop:16px;\",\"line-height\":\"desktop:24px;\"}'  style=\"\">2014<\/h3><div class=\"icon_description_text ult-responsive\"  data-ultimate-target='#Info-list-wrap-8121 .icon_description_text'  data-responsive-json-new='{\"font-size\":\"desktop:13px;\",\"line-height\":\"desktop:18px;\"}'  style=\"\"><ul>\n<li><a href=\"http:\/\/www.csvm.ca\/\">Centre de Sant\u00e9 de la Vall\u00e9e Massawippi<\/a> \u2013 Ayer&rsquo;s Cliff<\/li>\n<li>Connaught Home \u2013 North Hatley<\/li>\n<li>Fiducie de conservation de Massawippi \u2013&nbsp;projets de conservation.<\/li>\n<\/ul>\n<\/div><\/div><div class=\"icon_list_connector\"  style=\"border-right-width: 1px;border-right-style: dashed;border-color: #333333;\"><\/div><\/li><li class=\"icon_list_item\" style=\" font-size:54px;\"><div class=\"icon_list_icon\" data-animation=\"\" data-animation-delay=\"03\" style=\"font-size:18px;border-width:1px;border-style:none;background:#589516;color:#000000;border-color:#333333;\"><i class=\"icomoon-the7-font-the7-arrow-21\" ><\/i><\/div><div class=\"icon_description\" id=\"Info-list-wrap-4688\" style=\"font-size:18px;\"><h3 class=\"ult-responsive info-list-heading\"  data-ultimate-target='#Info-list-wrap-4688 h3'  data-responsive-json-new='{\"font-size\":\"desktop:16px;\",\"line-height\":\"desktop:24px;\"}'  style=\"\">2013<\/h3><div class=\"icon_description_text ult-responsive\"  data-ultimate-target='#Info-list-wrap-4688 .icon_description_text'  data-responsive-json-new='{\"font-size\":\"desktop:13px;\",\"line-height\":\"desktop:18px;\"}'  style=\"\"><ul>\n<li><a href=\"http:\/\/www.quebeclodge.org\/\"><span style=\"font-weight: 400;\">La Fondation Qu\u00e9bec Lodge <\/span><\/a><span style=\"font-weight: 400;\">\u2013&nbsp;camp d`\u00e9t\u00e9&nbsp;pour les enfants&nbsp;\u2013 Hatley<\/span><\/li>\n<li><a href=\"http:\/\/www.mabmackay.ca\/\">Camp Massawippi<\/a>&nbsp;\u2013 Ayer\u2019s Cliff<\/li>\n<li>Hatley parade du 1er juillet&nbsp;\u2013 pour les activit\u00e9s des enfants \u2013 Hatley<\/li>\n<li>New Sports Centre \u2013 Sainte Catherine de Hatley<\/li>\n<li><span style=\"font-weight: 400;\"><a href=\"http:\/\/www.piggery.com\/\">Le Th\u00e9\u00e2tre Piggery<\/a>\u2013 Sainte Catherine de Hatley<\/span><\/li>\n<li><a href=\"https:\/\/biblionh.org\/\">North Hatley Library Association<\/a> \u2013 North Hatley<\/li>\n<li>Fiducie de conservation de Massawippi \u2013&nbsp;projets de conservation.<\/li>\n<\/ul>\n<\/div><\/div><div class=\"icon_list_connector\"  style=\"border-right-width: 1px;border-right-style: dashed;border-color: #333333;\"><\/div><\/li><li class=\"icon_list_item\" style=\" font-size:54px;\"><div class=\"icon_list_icon\" data-animation=\"\" data-animation-delay=\"03\" style=\"font-size:18px;border-width:1px;border-style:none;background:#589516;color:#000000;border-color:#333333;\"><i class=\"icomoon-the7-font-the7-arrow-21\" ><\/i><\/div><div class=\"icon_description\" id=\"Info-list-wrap-7327\" style=\"font-size:18px;\"><h3 class=\"ult-responsive info-list-heading\"  data-ultimate-target='#Info-list-wrap-7327 h3'  data-responsive-json-new='{\"font-size\":\"desktop:16px;\",\"line-height\":\"desktop:24px;\"}'  style=\"\">2012<\/h3><div class=\"icon_description_text ult-responsive\"  data-ultimate-target='#Info-list-wrap-7327 .icon_description_text'  data-responsive-json-new='{\"font-size\":\"desktop:13px;\",\"line-height\":\"desktop:18px;\"}'  style=\"\"><ul>\n<li><span style=\"font-weight: 400;\">Fiducie de conservation de Massawippi \u2013 <\/span><span style=\"font-weight: 400;\">projets de conservation<\/span>.<\/li>\n<li><a href=\"http:\/\/www.corridorappalachien.ca\/\">Association Corridor appalachien<\/a> \u2013 <span style=\"font-weight: 400;\">pour supporter le travail de conservation de la FCM<\/span>.<\/li>\n<li>North Hatley Meals on Wheels \u2013 North Hatley &amp; Canton de Hatley<\/li>\n<li>Hatley July 1<sup>st<\/sup> Parade \u2013 pour les activit\u00e9s des enfants \u2013 Hatley<\/li>\n<\/ul>\n<\/div><\/div><div class=\"icon_list_connector\"  style=\"border-right-width: 1px;border-right-style: dashed;border-color: #333333;\"><\/div><\/li><li class=\"icon_list_item\" style=\" font-size:54px;\"><div class=\"icon_list_icon\" data-animation=\"\" data-animation-delay=\"03\" style=\"font-size:18px;border-width:1px;border-style:none;background:#589516;color:#000000;border-color:#333333;\"><i class=\"icomoon-the7-font-the7-arrow-21\" ><\/i><\/div><div class=\"icon_description\" id=\"Info-list-wrap-7173\" style=\"font-size:18px;\"><h3 class=\"ult-responsive info-list-heading\"  data-ultimate-target='#Info-list-wrap-7173 h3'  data-responsive-json-new='{\"font-size\":\"desktop:16px;\",\"line-height\":\"desktop:24px;\"}'  style=\"\">2011<\/h3><div class=\"icon_description_text ult-responsive\"  data-ultimate-target='#Info-list-wrap-7173 .icon_description_text'  data-responsive-json-new='{\"font-size\":\"desktop:13px;\",\"line-height\":\"desktop:18px;\"}'  style=\"\"><ul>\n<li><a href=\"http:\/\/www.northhatley.etsb.qc.ca\/\">North Hatley Elementary School<\/a> \u2013 pour de nouveaux \u00e9quipements d&rsquo;aires de jeux \u2013 North Hatley.<\/li>\n<li><a href=\"http:\/\/www.iledumarais.org\/\">Ile du Marais Conservation Wetlands<\/a> \u2013 pour des travaux sur les sentiers, la r\u00e9paration des plates-formes d&rsquo;observation et la mise en place de nouveaux panneaux d&rsquo;interpr\u00e9tation \u2013 Sainte Catherine de Hatley.<\/li>\n<\/ul>\n<\/div><\/div><div class=\"icon_list_connector\"  style=\"border-right-width: 1px;border-right-style: dashed;border-color: #333333;\"><\/div><\/li><\/ul><\/div>[\/vc_column][\/vc_row]<\/p>\n<\/div>","protected":false},"excerpt":{"rendered":"<p>[vc_row][vc_column][\/vc_column][\/vc_row][vc_row][vc_column][vc_column_text css=\u00a0\u00bb.vc_custom_1731078398979{padding-right: 50px !important;padding-left: 50px !important;}\u00a0\u00bb] La fondation Massawippi distribue des subventions \u00e0 des projets communautaires et de conservation chaque ann\u00e9e depuis 2011. [\/vc_column_text][\/vc_column][\/vc_row][vc_row css=\u00a0\u00bb.vc_custom_1731726223122{padding-top: 50px !important;}\u00a0\u00bb][vc_column][vc_text_separator title=\u00a0\u00bbAnciens b\u00e9n\u00e9ficiaires de bourses\u00a0\u00bb color=\u00a0\u00bbgreen\u00a0\u00bb border_width=\u00a0\u00bb3&Prime; css=\u00a0\u00bb\u00a0\u00bb][\/vc_column][\/vc_row][vc_row][vc_column][\/vc_column][\/vc_row]<\/p>\n","protected":false},"author":1,"featured_media":0,"parent":0,"menu_order":0,"comment_status":"closed","ping_status":"closed","template":"","meta":{"_acf_changed":false,"ngg_post_thumbnail":0,"footnotes":""},"class_list":["post-5620","page","type-page","status-publish","hentry","description-off"],"acf":[],"_links":{"self":[{"href":"https:\/\/massawippi.org\/fr\/wp-json\/wp\/v2\/pages\/5620","targetHints":{"allow":["GET"]}}],"collection":[{"href":"https:\/\/massawippi.org\/fr\/wp-json\/wp\/v2\/pages"}],"about":[{"href":"https:\/\/massawippi.org\/fr\/wp-json\/wp\/v2\/types\/page"}],"author":[{"embeddable":true,"href":"https:\/\/massawippi.org\/fr\/wp-json\/wp\/v2\/users\/1"}],"replies":[{"embeddable":true,"href":"https:\/\/massawippi.org\/fr\/wp-json\/wp\/v2\/comments?post=5620"}],"version-history":[{"count":22,"href":"https:\/\/massawippi.org\/fr\/wp-json\/wp\/v2\/pages\/5620\/revisions"}],"predecessor-version":[{"id":8621,"href":"https:\/\/massawippi.org\/fr\/wp-json\/wp\/v2\/pages\/5620\/revisions\/8621"}],"wp:attachment":[{"href":"https:\/\/massawippi.org\/fr\/wp-json\/wp\/v2\/media?parent=5620"}],"curies":[{"name":"wp","href":"https:\/\/api.w.org\/{rel}","templated":true}]}}