{"id":5795,"date":"2022-06-20T18:37:05","date_gmt":"2022-06-20T18:37:05","guid":{"rendered":"https:\/\/dev.massawippi.org\/glen-villa-art-garden\/"},"modified":"2024-05-13T19:26:58","modified_gmt":"2024-05-13T19:26:58","slug":"jardin-dart-de-glen-villa","status":"publish","type":"page","link":"https:\/\/massawippi.org\/fr\/jardin-dart-de-glen-villa\/","title":{"rendered":"Jardin d&rsquo;art de Glen Villa"},"content":{"rendered":"<div class=\"wpb-content-wrapper\"><p>[vc_section][vc_row][vc_column]<div id=\"ultimate-heading-82469e6f1ec00588\" class=\"uvc-heading ult-adjust-bottom-margin ultimate-heading-82469e6f1ec00588 uvc-2107  uvc-heading-default-font-sizes\" data-hspacer=\"no_spacer\"  data-halign=\"center\" style=\"text-align:center\"><div class=\"uvc-heading-spacer no_spacer\" style=\"top\"><\/div><div class=\"uvc-main-heading ult-responsive\"  data-ultimate-target='.uvc-heading.ultimate-heading-82469e6f1ec00588 h2'  data-responsive-json-new='{\"font-size\":\"\",\"line-height\":\"\"}' ><h2 style=\"--font-weight:theme;\">Jardin d'art de Glen Villa<\/h2><\/div><\/div>[vc_column_text css=\u00a0\u00bb\u00a0\u00bb]<\/p>\n<h2 style=\"text-align: center;\">Journ\u00e9es portes ouvertes<\/h2>\n<p style=\"text-align: center;\">Le jardin d&rsquo;art de Glen Villa est ouvert au public uniquement lors des journ\u00e9es portes ouvertes.<\/p>\n<p style=\"text-align: center;\">En 2022, le jardin sera ouvert le 25 juin, le 23 juillet, le 20 ao\u00fbt et le 1er octobre. Le co\u00fbt est de 25 dollars par personne, payable \u00e0 l&rsquo;avance. Tous les b\u00e9n\u00e9fices sont revers\u00e9s \u00e0 la Fondation Massawippi Foundation, qui \u0153uvre \u00e0 la conservation des terres, \u00e0 la construction de sentiers publics et au financement de projets b\u00e9n\u00e9ficiant aux communaut\u00e9s situ\u00e9es autour du lac Massawippi.<\/p>\n<p style=\"text-align: center;\">Pour acheter des billets, veuillez cliquer sur le LIEN<\/p>\n<p style=\"text-align: center;\">Traduit avec DeepL.com (version gratuite)<\/p>\n<p>[\/vc_column_text][\/vc_column][\/vc_row][vc_row][vc_column][vc_single_image image=\u00a0\u00bb5791&Prime; img_size=\u00a0\u00bbfull\u00a0\u00bb alignment=\u00a0\u00bbcenter\u00a0\u00bb css=\u00a0\u00bb\u00a0\u00bb][\/vc_column][\/vc_row][\/vc_section]<\/p>\n<\/div>","protected":false},"excerpt":{"rendered":"<p>[vc_section][vc_row][vc_column][vc_column_text css=\u00a0\u00bb\u00a0\u00bb] Journ\u00e9es portes ouvertes Le jardin d&rsquo;art de Glen Villa est ouvert au public uniquement lors des journ\u00e9es portes ouvertes. En 2022, le jardin sera ouvert le 25 juin, le 23 juillet, le 20 ao\u00fbt et le 1er octobre. Le co\u00fbt est de 25 dollars par personne, payable \u00e0 l&rsquo;avance. Tous les b\u00e9n\u00e9fices sont&hellip;<\/p>\n","protected":false},"author":1,"featured_media":0,"parent":0,"menu_order":0,"comment_status":"closed","ping_status":"closed","template":"","meta":{"_acf_changed":false,"ngg_post_thumbnail":0,"footnotes":""},"class_list":["post-5795","page","type-page","status-publish","hentry","description-off"],"acf":[],"_links":{"self":[{"href":"https:\/\/massawippi.org\/fr\/wp-json\/wp\/v2\/pages\/5795","targetHints":{"allow":["GET"]}}],"collection":[{"href":"https:\/\/massawippi.org\/fr\/wp-json\/wp\/v2\/pages"}],"about":[{"href":"https:\/\/massawippi.org\/fr\/wp-json\/wp\/v2\/types\/page"}],"author":[{"embeddable":true,"href":"https:\/\/massawippi.org\/fr\/wp-json\/wp\/v2\/users\/1"}],"replies":[{"embeddable":true,"href":"https:\/\/massawippi.org\/fr\/wp-json\/wp\/v2\/comments?post=5795"}],"version-history":[{"count":1,"href":"https:\/\/massawippi.org\/fr\/wp-json\/wp\/v2\/pages\/5795\/revisions"}],"predecessor-version":[{"id":5796,"href":"https:\/\/massawippi.org\/fr\/wp-json\/wp\/v2\/pages\/5795\/revisions\/5796"}],"wp:attachment":[{"href":"https:\/\/massawippi.org\/fr\/wp-json\/wp\/v2\/media?parent=5795"}],"curies":[{"name":"wp","href":"https:\/\/api.w.org\/{rel}","templated":true}]}}