{"id":7261,"date":"2024-07-12T14:17:59","date_gmt":"2024-07-12T14:17:59","guid":{"rendered":"https:\/\/dev.massawippi.org\/donate\/"},"modified":"2026-01-13T19:43:51","modified_gmt":"2026-01-13T19:43:51","slug":"dons","status":"publish","type":"page","link":"https:\/\/massawippi.org\/fr\/dons\/","title":{"rendered":"Dons"},"content":{"rendered":"<div class=\"wpb-content-wrapper\"><p>[vc_row css=\u00a0\u00bb.vc_custom_1732228781616{padding-bottom: 20px !important;}\u00a0\u00bb][vc_column]<div id=\"ultimate-heading-598069f487f935e99\" class=\"uvc-heading ult-adjust-bottom-margin ultimate-heading-598069f487f935e99 uvc-5369  uvc-heading-default-font-sizes\" data-hspacer=\"no_spacer\"  data-halign=\"center\" style=\"text-align:center\"><div class=\"uvc-heading-spacer no_spacer\" style=\"top\"><\/div><div class=\"uvc-main-heading ult-responsive\"  data-ultimate-target='.uvc-heading.ultimate-heading-598069f487f935e99 h1'  data-responsive-json-new='{\"font-size\":\"\",\"line-height\":\"\"}' ><h1 style=\"--font-weight:theme;color:#6dab3c;margin-bottom:30px;\">Donner<\/h1><\/div><\/div>[vc_column_text css=\u00a0\u00bb\u00a0\u00bb]<\/p>\n<p style=\"text-align: center;\">La FCM conserve et fournit des services d&rsquo;intendance pour les terres de notre vall\u00e9e.<br \/>\nIl construit et entretient des sentiers et des espaces publics sur ces terres.<\/p>\n<p style=\"text-align: center;\">Vous pouvez nous aider \u00e0 PROTEGER et \u00e0 CONSERVER les terres de la vall\u00e9e de la Massawippi en faisant un don.<\/p>\n<p>[\/vc_column_text][\/vc_column][\/vc_row][vc_section][vc_row css=\u00a0\u00bb.vc_custom_1727541505604{padding-top: 20px !important;padding-right: 20px !important;padding-bottom: 20px !important;padding-left: 20px !important;background-color: #ffffff !important;}\u00a0\u00bb][vc_column]<div id=\"ultimate-heading-566069f487f935f16\" class=\"uvc-heading ult-adjust-bottom-margin ultimate-heading-566069f487f935f16 uvc-9088  uvc-heading-default-font-sizes\" data-hspacer=\"no_spacer\"  data-halign=\"center\" style=\"text-align:center\"><div class=\"uvc-heading-spacer no_spacer\" style=\"top\"><\/div><div class=\"uvc-main-heading ult-responsive\"  data-ultimate-target='.uvc-heading.ultimate-heading-566069f487f935f16 h2'  data-responsive-json-new='{\"font-size\":\"\",\"line-height\":\"\"}' ><h2 style=\"--font-weight:theme;color:#6dab3c;margin-top:20px;margin-bottom:40px;\">Les donateurs canadiens<\/h2><\/div><\/div>[\/vc_column][vc_column width=\u00a0\u00bb1\/2&Prime;]<div id=\"ultimate-heading-604069f487f935f6b\" class=\"uvc-heading ult-adjust-bottom-margin ultimate-heading-604069f487f935f6b uvc-5596  uvc-heading-default-font-sizes\" data-hspacer=\"no_spacer\"  data-halign=\"center\" style=\"text-align:center\"><div class=\"uvc-heading-spacer no_spacer\" style=\"top\"><\/div><div class=\"uvc-main-heading ult-responsive\"  data-ultimate-target='.uvc-heading.ultimate-heading-604069f487f935f6b h3'  data-responsive-json-new='{\"font-size\":\"\",\"line-height\":\"\"}' ><h3 style=\"--font-weight:theme;margin-bottom:20px;\">Faire un don en ligne via le formulaire<\/h3><\/div><\/div>[vc_empty_space height=\u00a0\u00bb10px\u00a0\u00bb]<div class=\"text-centered\"><a href=\"https:\/\/massawippi.org\/fr\/dons\/#Canadian\" class=\"btn-shortcode dt-btn-l dt-btn default-btn-color default-btn-hover-color default-btn-bg-color default-btn-bg-hover-color\" id=\"dt-btn-1\"><span>Faire un don ici<\/span><\/a><\/div>[\/vc_column][vc_column width=\u00a0\u00bb1\/2&Prime;]<div id=\"ultimate-heading-637769f487f936028\" class=\"uvc-heading ult-adjust-bottom-margin ultimate-heading-637769f487f936028 uvc-509  uvc-heading-default-font-sizes\" data-hspacer=\"no_spacer\"  data-halign=\"center\" style=\"text-align:center\"><div class=\"uvc-heading-spacer no_spacer\" style=\"top\"><\/div><div class=\"uvc-main-heading ult-responsive\"  data-ultimate-target='.uvc-heading.ultimate-heading-637769f487f936028 h3'  data-responsive-json-new='{\"font-size\":\"\",\"line-height\":\"\"}' ><h3 style=\"--font-weight:theme;margin-bottom:20px;\">Faire un don par courrier<\/h3><\/div><\/div>[vc_column_text css=\u00a0\u00bb\u00a0\u00bb]<\/p>\n<p style=\"text-align: center;\">Fondation Massawippi Foundation<br \/>\nP.O. Box 2633<br \/>\nNorth Hatley, QC<br \/>\nJ0B 2C0<\/p>\n<p>[\/vc_column_text][\/vc_column][\/vc_row][vc_row css=\u00a0\u00bb.vc_custom_1727541560561{margin-top: 20px !important;padding-top: 20px !important;padding-bottom: 20px !important;background-color: #ffffff !important;}\u00a0\u00bb][vc_column]<div id=\"ultimate-heading-455569f487f936076\" class=\"uvc-heading ult-adjust-bottom-margin ultimate-heading-455569f487f936076 uvc-5086  uvc-heading-default-font-sizes\" data-hspacer=\"no_spacer\"  data-halign=\"center\" style=\"text-align:center\"><div class=\"uvc-heading-spacer no_spacer\" style=\"top\"><\/div><div class=\"uvc-main-heading ult-responsive\"  data-ultimate-target='.uvc-heading.ultimate-heading-455569f487f936076 h2'  data-responsive-json-new='{\"font-size\":\"\",\"line-height\":\"\"}' ><h2 style=\"--font-weight:theme;color:#6dab3c;margin-top:20px;margin-bottom:40px;\">Les donateurs am\u00e9ricains<\/h2><\/div><\/div>[\/vc_column][vc_column width=\u00a0\u00bb1\/2&Prime;]<div id=\"ultimate-heading-269369f487f9360c2\" class=\"uvc-heading ult-adjust-bottom-margin ultimate-heading-269369f487f9360c2 uvc-5185  uvc-heading-default-font-sizes\" data-hspacer=\"no_spacer\"  data-halign=\"center\" style=\"text-align:center\"><div class=\"uvc-heading-spacer no_spacer\" style=\"top\"><\/div><div class=\"uvc-main-heading ult-responsive\"  data-ultimate-target='.uvc-heading.ultimate-heading-269369f487f9360c2 h3'  data-responsive-json-new='{\"font-size\":\"\",\"line-height\":\"\"}' ><h3 style=\"--font-weight:theme;margin-bottom:20px;\">Faire un don en ligne via le formulaire<\/h3><\/div><\/div>[vc_empty_space height=\u00a0\u00bb10px\u00a0\u00bb]<div class=\"text-centered\"><a href=\"https:\/\/secure.lglforms.com\/form_engine\/s\/AvmoDcMVbCdN_PqOUvlz3g\" class=\"btn-shortcode dt-btn-l dt-btn default-btn-color default-btn-hover-color default-btn-bg-color default-btn-bg-hover-color\" id=\"dt-btn-2\"><span>Faire un don ici<\/span><\/a><\/div>[\/vc_column][vc_column width=\u00a0\u00bb1\/2&Prime;]<div id=\"ultimate-heading-265969f487f936143\" class=\"uvc-heading ult-adjust-bottom-margin ultimate-heading-265969f487f936143 uvc-3751  uvc-heading-default-font-sizes\" data-hspacer=\"no_spacer\"  data-halign=\"center\" style=\"text-align:center\"><div class=\"uvc-heading-spacer no_spacer\" style=\"top\"><\/div><div class=\"uvc-main-heading ult-responsive\"  data-ultimate-target='.uvc-heading.ultimate-heading-265969f487f936143 h3'  data-responsive-json-new='{\"font-size\":\"\",\"line-height\":\"\"}' ><h3 style=\"--font-weight:theme;margin-bottom:20px;\">Faire un don par courrier<\/h3><\/div><\/div>[vc_column_text css=\u00a0\u00bb\u00a0\u00bb]<\/p>\n<p style=\"text-align: center;\">American Friends of Canadian Conservation<br \/>\n4202 Meridian Street, Suite 105-378<br \/>\nBellingham, WA 98226<\/p>\n<p>[\/vc_column_text][\/vc_column][\/vc_row][vc_row css=\u00a0\u00bb.vc_custom_1726672639670{padding-top: 50px !important;}\u00a0\u00bb][vc_column]<div id=\"ultimate-heading-546969f487f93618c\" class=\"uvc-heading ult-adjust-bottom-margin ultimate-heading-546969f487f93618c uvc-1204  uvc-heading-default-font-sizes\" data-hspacer=\"no_spacer\"  data-halign=\"center\" style=\"text-align:center\"><div class=\"uvc-heading-spacer no_spacer\" style=\"top\"><\/div><div class=\"uvc-main-heading ult-responsive\"  data-ultimate-target='.uvc-heading.ultimate-heading-546969f487f93618c h2'  data-responsive-json-new='{\"font-size\":\"\",\"line-height\":\"\"}' ><h2 style=\"--font-weight:theme;color:#6dab3c;\">Questions ou autres dons<\/h2><\/div><div class=\"uvc-sub-heading ult-responsive\"  data-ultimate-target='.uvc-heading.ultimate-heading-546969f487f93618c .uvc-sub-heading '  data-responsive-json-new='{\"font-size\":\"\",\"line-height\":\"\"}'  style=\"font-weight:normal;margin-top:10px;\">Donation planifi\u00e9e, dotation, donation ou servitude de terres<\/div><\/div>[vc_empty_space height=\u00a0\u00bb10px\u00a0\u00bb]<div class=\"text-centered\"><a href=\"\/fr\/contact\/\" class=\"btn-shortcode dt-btn-l dt-btn default-btn-color default-btn-hover-color default-btn-bg-color default-btn-bg-hover-color\" id=\"dt-btn-3\"><span>Contactez-nous<\/span><\/a><\/div>[\/vc_column][\/vc_row][\/vc_section][vc_section el_id=\u00a0\u00bbCanadian\u00a0\u00bb][vc_row css=\u00a0\u00bb.vc_custom_1721343182604{padding-top: 20px !important;padding-bottom: 20px !important;}\u00a0\u00bb][vc_column][vc_separator color=\u00a0\u00bbgreen\u00a0\u00bb border_width=\u00a0\u00bb3&Prime; css=\u00a0\u00bb\u00a0\u00bb][\/vc_column][\/vc_row][\/vc_section][vc_section][vc_row css=\u00a0\u00bb.vc_custom_1721343659832{padding-top: 20px !important;}\u00a0\u00bb][vc_column]<div id=\"ultimate-heading-114269f487f93620b\" class=\"uvc-heading ult-adjust-bottom-margin ultimate-heading-114269f487f93620b uvc-4121  uvc-heading-default-font-sizes\" data-hspacer=\"no_spacer\"  data-halign=\"center\" style=\"text-align:center\"><div class=\"uvc-heading-spacer no_spacer\" style=\"top\"><\/div><div class=\"uvc-main-heading ult-responsive\"  data-ultimate-target='.uvc-heading.ultimate-heading-114269f487f93620b h2'  data-responsive-json-new='{\"font-size\":\"\",\"line-height\":\"\"}' ><h2 style=\"--font-weight:theme;margin-top:20px;margin-bottom:20px;\">Faire un don \u00e0 la conservation<\/h2><\/div><\/div>[vc_column_text css=\u00a0\u00bb\u00a0\u00bb]<\/p>\n<div class=\"keela-embed-form\" data-src=\"https:\/\/give-can.keela.co\/embed\/6cAHYdv5BKiJ5S87E\">\n<div class=\"keela-loading\">\n<div>&nbsp;<\/div>\n<div>&nbsp;<\/div>\n<div>&nbsp;<\/div>\n<div>&nbsp;<\/div>\n<\/div>\n<\/div>\n<p>[\/vc_column_text][\/vc_column][\/vc_row][vc_row disable_element=\u00a0\u00bbyes\u00a0\u00bb][vc_column]<div id=\"ultimate-heading-422469f487f936256\" class=\"uvc-heading ult-adjust-bottom-margin ultimate-heading-422469f487f936256 uvc-7396  uvc-heading-default-font-sizes\" data-hspacer=\"no_spacer\"  data-halign=\"center\" style=\"text-align:center\"><div class=\"uvc-heading-spacer no_spacer\" style=\"top\"><\/div><div class=\"uvc-main-heading ult-responsive\"  data-ultimate-target='.uvc-heading.ultimate-heading-422469f487f936256 h3'  data-responsive-json-new='{\"font-size\":\"\",\"line-height\":\"\"}' ><h3 style=\"--font-weight:theme;\">Donate Via Ottawa Community Foundation<\/h3><\/div><\/div>[vc_btn title=\u00a0\u00bbSee More Details\u00a0\u00bb color=\u00a0\u00bbgreen\u00a0\u00bb align=\u00a0\u00bbcenter\u00a0\u00bb css=\u00a0\u00bb\u00a0\u00bb link=\u00a0\u00bburl:https%3A%2F%2Fwww.ocf-fco.ca%2Ffunds%2Fen-fondation-massawippi-foundation-fund%2F\u00a0\u00bb][\/vc_column][\/vc_row][\/vc_section][vc_section el_id=\u00a0\u00bbamerican\u00a0\u00bb][vc_row css=\u00a0\u00bb.vc_custom_1721343182604{padding-top: 20px !important;padding-bottom: 20px !important;}\u00a0\u00bb][vc_column][vc_separator color=\u00a0\u00bbgreen\u00a0\u00bb style=\u00a0\u00bbdashed\u00a0\u00bb border_width=\u00a0\u00bb6&Prime; css=\u00a0\u00bb.vc_custom_1726240470143{padding-top: 40px !important;}\u00a0\u00bb][\/vc_column][\/vc_row][\/vc_section][vc_section disable_element=\u00a0\u00bbyes\u00a0\u00bb][vc_row][vc_column]<div id=\"ultimate-heading-223369f487f93629e\" class=\"uvc-heading ult-adjust-bottom-margin ultimate-heading-223369f487f93629e uvc-6364  uvc-heading-default-font-sizes\" data-hspacer=\"no_spacer\"  data-halign=\"center\" style=\"text-align:center\"><div class=\"uvc-heading-spacer no_spacer\" style=\"top\"><\/div><div class=\"uvc-main-heading ult-responsive\"  data-ultimate-target='.uvc-heading.ultimate-heading-223369f487f93629e h2'  data-responsive-json-new='{\"font-size\":\"\",\"line-height\":\"\"}' ><h2 style=\"--font-weight:theme;\">Donation Options for Americans<\/h2><\/div><\/div>[vc_column_text css=\u00a0\u00bb.vc_custom_1726240340034{padding-bottom: 20px !important;}\u00a0\u00bb]<\/p>\n<p style=\"text-align: center;\">American friends can support our work with a gift that is tax deductible in the USA.&nbsp;<span style=\"font-weight: 400;\">Thanks to a partnership with <\/span><span style=\"font-weight: 400;\">American Friends of Canadian Conservation <\/span><span style=\"font-weight: 400;\">you can help us protect and conserve property in the Massawippi Valley by making a tax-deductible contribution of cash or securities.&nbsp;<\/span><span style=\"font-weight: 400;\">Your donation flows from the American Friends and will be transferred to the Massawippi Conservation Trust.<\/span><\/p>\n<p>[\/vc_column_text][vc_single_image image=\u00a0\u00bb6637&Prime; img_size=\u00a0\u00bbmedium\u00a0\u00bb alignment=\u00a0\u00bbcenter\u00a0\u00bb css=\u00a0\u00bb.vc_custom_1726240515029{padding-bottom: 20px !important;}\u00a0\u00bb][vc_row_inner][vc_column_inner][vc_text_separator title=\u00a0\u00bbHow to Donate\u00a0\u00bb color=\u00a0\u00bbgreen\u00a0\u00bb border_width=\u00a0\u00bb3&Prime; css=\u00a0\u00bb\u00a0\u00bb][vc_column_text css=\u00a0\u00bb.vc_custom_1726240550710{padding-top: 20px !important;padding-bottom: 20px !important;}\u00a0\u00bb]<\/p>\n<p style=\"text-align: center;\">Thanks to a partnership with&nbsp;<u><a href=\"https:\/\/conservecanada.org\/\">American Friends of Canadian Conservation<\/a><\/u>&nbsp;(American Friends) you can help us protect and conserve property in the Massawippi Valley by making a tax-deductible contribution of cash or securities. Your donation flows from the American Friends and will be transferred to the Massawippi Conservation Trust.<\/p>\n<p style=\"text-align: center;\"><strong>Support our work in one of the following ways:<\/strong><\/p>\n<p>[\/vc_column_text][\/vc_column_inner][\/vc_row_inner][\/vc_column][\/vc_row][vc_row][vc_column width=\u00a0\u00bb1\/3&Prime;]<div id=\"ultimate-heading-114969f487f9362e2\" class=\"uvc-heading ult-adjust-bottom-margin ultimate-heading-114969f487f9362e2 uvc-4213  uvc-heading-default-font-sizes\" data-hspacer=\"no_spacer\"  data-halign=\"center\" style=\"text-align:center\"><div class=\"uvc-heading-spacer no_spacer\" style=\"top\"><\/div><div class=\"uvc-main-heading ult-responsive\"  data-ultimate-target='.uvc-heading.ultimate-heading-114969f487f9362e2 h3'  data-responsive-json-new='{\"font-size\":\"\",\"line-height\":\"\"}' ><h3 style=\"--font-weight:theme;\">Donate Online<\/h3><\/div><div class=\"uvc-sub-heading ult-responsive\"  data-ultimate-target='.uvc-heading.ultimate-heading-114969f487f9362e2 .uvc-sub-heading '  data-responsive-json-new='{\"font-size\":\"\",\"line-height\":\"\"}'  style=\"font-weight:normal;\">Via American Friends of Canadian Conservation<\/div><\/div>[vc_btn title=\u00a0\u00bbClick Here\u00a0\u00bb color=\u00a0\u00bbgreen\u00a0\u00bb size=\u00a0\u00bblg\u00a0\u00bb align=\u00a0\u00bbcenter\u00a0\u00bb css=\u00a0\u00bb\u00a0\u00bb link=\u00a0\u00bburl:https%3A%2F%2Fsecure.lglforms.com%2Fform_engine%2Fs%2FAvmoDcMVbCdN_PqOUvlz3g\u00a0\u00bb][\/vc_column][vc_column width=\u00a0\u00bb1\/3&Prime;][\/vc_column][vc_column width=\u00a0\u00bb1\/3&Prime;]<div id=\"ultimate-heading-358169f487f936325\" class=\"uvc-heading ult-adjust-bottom-margin ultimate-heading-358169f487f936325 uvc-9102  uvc-heading-default-font-sizes\" data-hspacer=\"no_spacer\"  data-halign=\"center\" style=\"text-align:center\"><div class=\"uvc-heading-spacer no_spacer\" style=\"top\"><\/div><div class=\"uvc-main-heading ult-responsive\"  data-ultimate-target='.uvc-heading.ultimate-heading-358169f487f936325 h3'  data-responsive-json-new='{\"font-size\":\"\",\"line-height\":\"\"}' ><h3 style=\"--font-weight:theme;\">Donate Stocks<\/h3><\/div><div class=\"uvc-sub-heading ult-responsive\"  data-ultimate-target='.uvc-heading.ultimate-heading-358169f487f936325 .uvc-sub-heading '  data-responsive-json-new='{\"font-size\":\"\",\"line-height\":\"\"}'  style=\"font-weight:normal;\">Donate stocks, bonds, or mutual fund shares to American Friends to avoid US capital gains taxes while receiving a tax deduction for the current value of your securities.<\/div><\/div>[vc_btn title=\u00a0\u00bbContact Sandra Tassel\u00a0\u00bb color=\u00a0\u00bbgreen\u00a0\u00bb align=\u00a0\u00bbcenter\u00a0\u00bb css=\u00a0\u00bb\u00a0\u00bb link=\u00a0\u00bburl:mailto%3Asandra.tassel%40conservecanada.org|title:Email%20Sandra%20Tassel\u00a0\u00bb][\/vc_column][\/vc_row][\/vc_section]<\/p>\n<\/div>","protected":false},"excerpt":{"rendered":"<p>[vc_row css=\u00a0\u00bb.vc_custom_1732228781616{padding-bottom: 20px !important;}\u00a0\u00bb][vc_column][vc_column_text css=\u00a0\u00bb\u00a0\u00bb] La FCM conserve et fournit des services d&rsquo;intendance pour les terres de notre vall\u00e9e. Il construit et entretient des sentiers et des espaces publics sur ces terres. Vous pouvez nous aider \u00e0 PROTEGER et \u00e0 CONSERVER les terres de la vall\u00e9e de la Massawippi en faisant un don. [\/vc_column_text][\/vc_column][\/vc_row][vc_section][vc_row css=\u00a0\u00bb.vc_custom_1727541505604{padding-top:&hellip;<\/p>\n","protected":false},"author":1,"featured_media":0,"parent":0,"menu_order":0,"comment_status":"closed","ping_status":"closed","template":"","meta":{"_acf_changed":false,"ngg_post_thumbnail":0,"footnotes":""},"class_list":["post-7261","page","type-page","status-publish","hentry","description-off"],"acf":[],"_links":{"self":[{"href":"https:\/\/massawippi.org\/fr\/wp-json\/wp\/v2\/pages\/7261","targetHints":{"allow":["GET"]}}],"collection":[{"href":"https:\/\/massawippi.org\/fr\/wp-json\/wp\/v2\/pages"}],"about":[{"href":"https:\/\/massawippi.org\/fr\/wp-json\/wp\/v2\/types\/page"}],"author":[{"embeddable":true,"href":"https:\/\/massawippi.org\/fr\/wp-json\/wp\/v2\/users\/1"}],"replies":[{"embeddable":true,"href":"https:\/\/massawippi.org\/fr\/wp-json\/wp\/v2\/comments?post=7261"}],"version-history":[{"count":15,"href":"https:\/\/massawippi.org\/fr\/wp-json\/wp\/v2\/pages\/7261\/revisions"}],"predecessor-version":[{"id":9697,"href":"https:\/\/massawippi.org\/fr\/wp-json\/wp\/v2\/pages\/7261\/revisions\/9697"}],"wp:attachment":[{"href":"https:\/\/massawippi.org\/fr\/wp-json\/wp\/v2\/media?parent=7261"}],"curies":[{"name":"wp","href":"https:\/\/api.w.org\/{rel}","templated":true}]}}