{"id":7291,"date":"2024-07-18T22:25:17","date_gmt":"2024-07-18T22:25:17","guid":{"rendered":"https:\/\/dev.massawippi.org\/our-team\/"},"modified":"2024-11-16T02:03:02","modified_gmt":"2024-11-16T02:03:02","slug":"our-team","status":"publish","type":"page","link":"https:\/\/massawippi.org\/fr\/our-team\/","title":{"rendered":"Notre \u00e9quipe"},"content":{"rendered":"<div class=\"wpb-content-wrapper\"><p>[vc_row][vc_column][vc_row_inner][vc_column_inner]<div id=\"ultimate-heading-4169d581011132c\" class=\"uvc-heading ult-adjust-bottom-margin ultimate-heading-4169d581011132c uvc-5612  uvc-heading-default-font-sizes\" data-hspacer=\"no_spacer\"  data-halign=\"center\" style=\"text-align:center\"><div class=\"uvc-heading-spacer no_spacer\" style=\"top\"><\/div><div class=\"uvc-main-heading ult-responsive\"  data-ultimate-target='.uvc-heading.ultimate-heading-4169d581011132c h1'  data-responsive-json-new='{\"font-size\":\"\",\"line-height\":\"\"}' ><h1 style=\"--font-weight:theme;color:#6dab3c;margin-bottom:30px;\">Notre \u00e9quipe<\/h1><\/div><\/div>[\/vc_column_inner][\/vc_row_inner][\/vc_column][\/vc_row][vc_section][vc_row css=\u00a0\u00bb.vc_custom_1716217873139{padding-bottom: 30px !important;}\u00a0\u00bb][vc_column][vc_text_separator title=\u00a0\u00bbHelene Hamel\u00a0\u00bb title_align=\u00a0\u00bbseparator_align_left\u00a0\u00bb color=\u00a0\u00bbgreen\u00a0\u00bb css=\u00a0\u00bb.vc_custom_1724699091411{padding-top: 20px !important;padding-bottom: 20px !important;}\u00a0\u00bb][vc_row_inner][vc_column_inner width=\u00a0\u00bb1\/4&Prime;][vc_single_image image=\u00a0\u00bb7250&Prime; img_size=\u00a0\u00bb200&#215;200&Prime; alignment=\u00a0\u00bbcenter\u00a0\u00bb css=\u00a0\u00bb\u00a0\u00bb][\/vc_column_inner][vc_column_inner width=\u00a0\u00bb3\/4&Prime;][vc_column_text css=\u00a0\u00bb\u00a0\u00bb]<\/p>\n<h4>Directrice ex\u00e9cutive<\/h4>\n<p>H\u00e9l\u00e8ne a rejoint l&rsquo;\u00e9quipe en 2020 pour travailler sur les communications et en 2021, elle est devenue la premi\u00e8re employ\u00e9e \u00e0 temps plein. Elle poss\u00e8de une vaste exp\u00e9rience dans divers domaines, notamment la conception, les importations, l&rsquo;administration municipale, la collecte de fonds, l&rsquo;organisation d&rsquo;\u00e9v\u00e9nements, etc. En tant que directrice ex\u00e9cutive, elle soutient les membres du conseil d&rsquo;administration dans leurs engagements et est responsable des nouveaux programmes et initiatives qui \u00e9largissent la port\u00e9e de la Fondation et du Trust.[\/vc_column_text][\/vc_column_inner][\/vc_row_inner][\/vc_column][\/vc_row][vc_row css=\u00a0\u00bb.vc_custom_1716217883901{padding-bottom: 30px !important;}\u00a0\u00bb][vc_column][vc_text_separator title=\u00a0\u00bbJessica Adams\u00a0\u00bb title_align=\u00a0\u00bbseparator_align_left\u00a0\u00bb color=\u00a0\u00bbgreen\u00a0\u00bb css=\u00a0\u00bb.vc_custom_1724699177573{padding-top: 20px !important;padding-bottom: 20px !important;}\u00a0\u00bb][vc_row_inner][vc_column_inner width=\u00a0\u00bb1\/4&Prime;][vc_single_image image=\u00a0\u00bb8281&Prime; img_size=\u00a0\u00bb200&#215;200&Prime; alignment=\u00a0\u00bbcenter\u00a0\u00bb css=\u00a0\u00bb\u00a0\u00bb][\/vc_column_inner][vc_column_inner width=\u00a0\u00bb3\/4&Prime;][vc_column_text css=\u00a0\u00bb\u00a0\u00bb]<\/p>\n<h4>Coordinatrice du programme d&rsquo;\u00e9ducation<\/h4>\n<p>Se d\u00e9crivant elle-m\u00eame comme une biologiste, une enseignante et une passionn\u00e9e de la nature, Jessica guide notre programme et nos \u00e9tudiants depuis 2022. Elle est titulaire d&rsquo;un baccalaur\u00e9at en sciences de l&rsquo;environnement (McGill) et d&rsquo;une ma\u00eetrise en \u00e9ducation et communication environnementales (Royal Roads University). Jessica croit qu&rsquo;il faut cultiver la curiosit\u00e9 et l&rsquo;\u00e9merveillement des \u00e9tudiants pour le monde naturel.<\/p>\n<p>Notre devise : \u00ab Nous prot\u00e9geons ce que nous aimons. Nous aimons ce que nous connaissons. \u00bb[\/vc_column_text][\/vc_column_inner][\/vc_row_inner][\/vc_column][\/vc_row][vc_row][vc_column][vc_text_separator title=\u00a0\u00bbMahicans Diamond\u00a0\u00bb title_align=\u00a0\u00bbseparator_align_left\u00a0\u00bb color=\u00a0\u00bbgreen\u00a0\u00bb css=\u00a0\u00bb.vc_custom_1724699271710{padding-top: 20px !important;padding-bottom: 20px !important;}\u00a0\u00bb][vc_row_inner][vc_column_inner width=\u00a0\u00bb1\/4&Prime;][vc_single_image image=\u00a0\u00bb7252&Prime; img_size=\u00a0\u00bb200&#215;200&Prime; alignment=\u00a0\u00bbcenter\u00a0\u00bb css=\u00a0\u00bb\u00a0\u00bb][\/vc_column_inner][vc_column_inner width=\u00a0\u00bb3\/4&Prime;][vc_column_text css=\u00a0\u00bb\u00a0\u00bb]<\/p>\n<div id=\"av_section_3\" class=\"avia-section av-1736wt-776a45ed1caa6123f47b44cb84bea525 main_color avia-section-small avia-no-border-styling avia-builder-el-18 el_after_av_section el_before_av_section avia-bg-style-scroll container_wrap fullsize\">\n<div class=\"container av-section-cont-open\">\n<div class=\"template-page content av-content-full alpha units\">\n<div class=\"post-entry post-entry-type-page post-entry-413\">\n<div class=\"entry-content-wrapper clearfix\">\n<div class=\"flex_column av-dsh05-c22e4b91f2a92a276ccbd0be61b9e2b2 av_three_fourth avia-builder-el-23 el_after_av_one_fourth avia-builder-el-last flex_column_div av-zero-column-padding column-top-margin\">\n<section class=\"av_textblock_section av-biej1-b21d4b664ef39609c7b1d4615d081f91 \">\n<div class=\"avia_textblock\">\n<h4>Directeur et concepteur des sentiers<\/h4>\n<p>Mahicans a rejoint l&rsquo;\u00e9quipe en 2016 lorsque le premier sentier a \u00e9t\u00e9 construit au parc Scowen. Gr\u00e2ce \u00e0 ses talents uniques, nous sommes r\u00e9put\u00e9s pour nos sentiers bien con\u00e7us et durables. Sa philosophie d&rsquo;aller l\u00e9g\u00e8rement sur le terrain constitue la base de son travail de conception qui incorpore des mat\u00e9riaux locaux et une approche de construction \u00e0 la main pour les sentiers qui suivent les contours du terrain.<\/p>\n<\/div>\n<\/section>\n<\/div>\n<\/div>\n<\/div>\n<\/div>\n<\/div>\n<\/div>\n<p>[\/vc_column_text][\/vc_column_inner][\/vc_row_inner][\/vc_column][\/vc_row][\/vc_section][vc_row][vc_column][vc_separator color=\u00a0\u00bbgreen\u00a0\u00bb border_width=\u00a0\u00bb5&Prime; css=\u00a0\u00bb.vc_custom_1731722494287{padding-top: 40px !important;padding-bottom: 40px !important;}\u00a0\u00bb][vc_single_image image=\u00a0\u00bb6947&Prime; img_size=\u00a0\u00bblarge\u00a0\u00bb alignment=\u00a0\u00bbcenter\u00a0\u00bb css=\u00a0\u00bb\u00a0\u00bb][vc_column_text css=\u00a0\u00bb\u00a0\u00bb]<\/p>\n<div id=\"av_section_3\" class=\"avia-section av-1736wt-776a45ed1caa6123f47b44cb84bea525 main_color avia-section-small avia-no-border-styling avia-builder-el-18 el_after_av_section el_before_av_section avia-bg-style-scroll container_wrap fullsize\">\n<div class=\"container av-section-cont-open\">\n<div class=\"template-page content av-content-full alpha units\">\n<div class=\"post-entry post-entry-type-page post-entry-413\">\n<div class=\"entry-content-wrapper clearfix\">\n<div class=\"flex_column av-dsh05-c22e4b91f2a92a276ccbd0be61b9e2b2 av_three_fourth avia-builder-el-23 el_after_av_one_fourth avia-builder-el-last flex_column_div av-zero-column-padding column-top-margin\">\n<section class=\"av_textblock_section av-biej1-b21d4b664ef39609c7b1d4615d081f91 \">\n<div class=\"avia_textblock\">\n<p style=\"text-align: center;\"><em>De gauche \u00e0 droite : Tyler Carruthers, Juan-Carlos Robles, Mahicans Diamond, Matthew Cleary et Dany Gagn\u00e9<\/em><\/p>\n<\/div>\n<\/section>\n<\/div>\n<\/div>\n<\/div>\n<\/div>\n<\/div>\n<\/div>\n<p>[\/vc_column_text][\/vc_column][\/vc_row]<\/p>\n<\/div>","protected":false},"excerpt":{"rendered":"<p>[vc_row][vc_column][vc_row_inner][vc_column_inner][\/vc_column_inner][\/vc_row_inner][\/vc_column][\/vc_row][vc_section][vc_row css=\u00a0\u00bb.vc_custom_1716217873139{padding-bottom: 30px !important;}\u00a0\u00bb][vc_column][vc_text_separator title=\u00a0\u00bbHelene Hamel\u00a0\u00bb title_align=\u00a0\u00bbseparator_align_left\u00a0\u00bb color=\u00a0\u00bbgreen\u00a0\u00bb css=\u00a0\u00bb.vc_custom_1724699091411{padding-top: 20px !important;padding-bottom: 20px !important;}\u00a0\u00bb][vc_row_inner][vc_column_inner width=\u00a0\u00bb1\/4&Prime;][vc_single_image image=\u00a0\u00bb7250&Prime; img_size=\u00a0\u00bb200&#215;200&Prime; alignment=\u00a0\u00bbcenter\u00a0\u00bb css=\u00a0\u00bb\u00a0\u00bb][\/vc_column_inner][vc_column_inner width=\u00a0\u00bb3\/4&Prime;][vc_column_text css=\u00a0\u00bb\u00a0\u00bb] Directrice ex\u00e9cutive H\u00e9l\u00e8ne a rejoint l&rsquo;\u00e9quipe en 2020 pour travailler sur les communications et en 2021, elle est devenue la premi\u00e8re employ\u00e9e \u00e0 temps plein. Elle poss\u00e8de une vaste exp\u00e9rience dans divers domaines, notamment la&hellip;<\/p>\n","protected":false},"author":1,"featured_media":0,"parent":0,"menu_order":0,"comment_status":"closed","ping_status":"closed","template":"","meta":{"_acf_changed":false,"ngg_post_thumbnail":0,"footnotes":""},"class_list":["post-7291","page","type-page","status-publish","hentry","description-off"],"acf":[],"_links":{"self":[{"href":"https:\/\/massawippi.org\/fr\/wp-json\/wp\/v2\/pages\/7291","targetHints":{"allow":["GET"]}}],"collection":[{"href":"https:\/\/massawippi.org\/fr\/wp-json\/wp\/v2\/pages"}],"about":[{"href":"https:\/\/massawippi.org\/fr\/wp-json\/wp\/v2\/types\/page"}],"author":[{"embeddable":true,"href":"https:\/\/massawippi.org\/fr\/wp-json\/wp\/v2\/users\/1"}],"replies":[{"embeddable":true,"href":"https:\/\/massawippi.org\/fr\/wp-json\/wp\/v2\/comments?post=7291"}],"version-history":[{"count":6,"href":"https:\/\/massawippi.org\/fr\/wp-json\/wp\/v2\/pages\/7291\/revisions"}],"predecessor-version":[{"id":8606,"href":"https:\/\/massawippi.org\/fr\/wp-json\/wp\/v2\/pages\/7291\/revisions\/8606"}],"wp:attachment":[{"href":"https:\/\/massawippi.org\/fr\/wp-json\/wp\/v2\/media?parent=7291"}],"curies":[{"name":"wp","href":"https:\/\/api.w.org\/{rel}","templated":true}]}}