{"id":7299,"date":"2024-05-13T19:56:06","date_gmt":"2024-05-13T19:56:06","guid":{"rendered":"https:\/\/dev.massawippi.org\/recreation\/"},"modified":"2026-04-11T02:36:27","modified_gmt":"2026-04-11T02:36:27","slug":"recreation","status":"publish","type":"page","link":"https:\/\/massawippi.org\/fr\/recreation\/","title":{"rendered":"Sentiers"},"content":{"rendered":"<div class=\"wpb-content-wrapper\"><p>[vc_row css=\u00a0\u00bb.vc_custom_1720794313180{padding-bottom: 50px !important;}\u00a0\u00bb][vc_column]<div id=\"ultimate-heading-131569f06012a8868\" class=\"uvc-heading ult-adjust-bottom-margin ultimate-heading-131569f06012a8868 uvc-715  uvc-heading-default-font-sizes\" data-hspacer=\"no_spacer\"  data-halign=\"center\" style=\"text-align:center\"><div class=\"uvc-heading-spacer no_spacer\" style=\"top\"><\/div><div class=\"uvc-main-heading ult-responsive\"  data-ultimate-target='.uvc-heading.ultimate-heading-131569f06012a8868 h1'  data-responsive-json-new='{\"font-size\":\"\",\"line-height\":\"\"}' ><h1 style=\"--font-weight:theme;color:#6dab3c;margin-bottom:50px;\">Sentiers<\/h1><\/div><\/div>[\/vc_column][vc_column width=\u00a0\u00bb2\/3&Prime;][vc_column_text css=\u00a0\u00bb.vc_custom_1731725094378{padding-top: 10px !important;}\u00a0\u00bb]La <strong>Fondation Massawippi<\/strong> et la <strong>Fiducie de conservation Massawippi<\/strong> invitent tous les membres du public \u00e0 profiter des sentiers de Massawippi. Deux sites distincts offrent des possibilit\u00e9s uniques d&rsquo;explorer la nature tout en passant un bon moment en plein air. Les sentiers sont gratuits et ouverts tous les jours de l&rsquo;aube au cr\u00e9puscule, tout au long de l&rsquo;ann\u00e9e (\u00e0 l&rsquo;exception d&rsquo;une courte fermeture lors du d\u00e9gel de printemps).[\/vc_column_text][vc_toggle title=\u00a0\u00bbQui peut utiliser les SENTIERS ?\u00a0\u00bb style=\u00a0\u00bbrounded\u00a0\u00bb css=\u00a0\u00bb.vc_custom_1731725114379{padding-top: 20px !important;}\u00a0\u00bb]<\/p>\n<ul>\n<li>Les sentiers sont accessibles \u00e0 tout le monde.<\/li>\n<li>Les sentiers varient en longueur et en difficult\u00e9. La plupart conviennent aux familles avec de jeunes enfants. D&rsquo;autres offrent des d\u00e9fis plus importants.<\/li>\n<li>Les sentiers sont praticables toute l&rsquo;ann\u00e9e, \u00e0 pied ou en raquettes, \u00e0 l&rsquo;exception de quelques semaines au moment du d\u00e9gel.<\/li>\n<\/ul>\n<p>[\/vc_toggle][vc_toggle title=\u00a0\u00bbComment sont les sentiers ?\u00a0\u00bb style=\u00a0\u00bbrounded\u00a0\u00bb css=\u00a0\u00bb\u00a0\u00bb]<\/p>\n<ul>\n<li>Les sentiers sont con\u00e7us et construits par des professionnels pour \u00eatre durables et avoir un impact minimal sur la terre.<\/li>\n<li>Les sentiers \u00e9vitent les zones \u00e9cologiquement sensibles afin que les esp\u00e8ces rares ou menac\u00e9es ne soient pas pi\u00e9tin\u00e9es. Des panneaux de signalisation avec des cartes, des panneaux indiquant le nom des sentiers et des balises de couleur permettent de s&rsquo;en assurer.<\/li>\n<li>Des balises directionnelles garantissent que personne ne se perdra.<\/li>\n<li>Un parking est disponible \u00e0 chaque point de d\u00e9part du sentier.<\/li>\n<li>Les chiens sont les bienvenus, en laisse. Ils doivent \u00eatre tenus en laisse en permanence.<\/li>\n<li>L&rsquo;acc\u00e8s aux sentiers est gratuit. Cependant, ces sentiers ne sont pas g\u00e9r\u00e9s ou soutenus par le gouvernement, nous d\u00e9pendons uniquement de la g\u00e9n\u00e9rosit\u00e9 de notre communaut\u00e9 et de nos visiteurs. Les dons destin\u00e9s \u00e0 soutenir l&rsquo;entretien et la construction des sentiers seraient tr\u00e8s appr\u00e9ci\u00e9s.<\/li>\n<\/ul>\n<p>[\/vc_toggle]<div class=\"standard-arrow bullet-top\"><p>Les sentiers sensibles \u00e0 l&rsquo;environnement r\u00e9pondent aux quatre principes de la conservation :<\/p>\n<ul>\n<li><strong>Pr\u00e9servation:<\/strong> ils prot\u00e8gent la terre en veillant \u00e0 ce que les gens puissent l&rsquo;utiliser sans endommager les zones sensibles du point de vue de l&rsquo;environnement.<\/li>\n<li><strong>\u00c9ducation:<\/strong> ils sont des \u00ab laboratoires vivants \u00bb pour l&rsquo;\u00e9ducation de nos jeunes.<\/li>\n<li><strong>Recherche:<\/strong> ils permettent d&rsquo;acc\u00e9der \u00e0 des zones biologiquement diversifi\u00e9es.<\/li>\n<li><strong>R\u00e9cr\u00e9ation:<\/strong> ils offrent des possibilit\u00e9s de loisirs sains.<\/li>\n<\/ul>\n<\/div>[\/vc_column][vc_column width=\u00a0\u00bb1\/3&Prime;][vc_video link=\u00a0\u00bbhttps:\/\/youtu.be\/odxNCAIXtSc?si=6pFA4G98frcuvxac\u00a0\u00bb align=\u00a0\u00bbcenter\u00a0\u00bb css=\u00a0\u00bb.vc_custom_1727566394870{padding-top: 20px !important;}\u00a0\u00bb][vc_column_text css=\u00a0\u00bb.vc_custom_1727566458025{padding-top: 10px !important;}\u00a0\u00bb]<\/p>\n<p style=\"text-align: center;\"><strong><span style=\"font-size: 12pt;\">L&rsquo;histoire de la construction des sentiers.<\/span><\/strong><\/p>\n<p>[\/vc_column_text][vc_row_inner css=\u00a0\u00bb.vc_custom_1731713747691{margin-top: 50px !important;padding-top: 10px !important;padding-right: 10px !important;padding-bottom: 10px !important;padding-left: 10px !important;background-color: #ffffff !important;}\u00a0\u00bb][vc_column_inner][vc_column_text css=\u00a0\u00bb.vc_custom_1731714315226{padding-bottom: 10px !important;}\u00a0\u00bb]<\/p>\n<h4 style=\"text-align: center;\">T\u00e9l\u00e9charger la brochure<br \/>\nen couleur avec des cartes.<\/h4>\n<p>[\/vc_column_text]<style type=\"text\/css\" data-type=\"the7_shortcodes-inline-css\">#default-btn-0422bf6ae9d40f2a6abf70b4ce85a0a5.ico-right-side > i {\n  margin-right: 0px;\n  margin-left: 8px;\n}\n#default-btn-0422bf6ae9d40f2a6abf70b4ce85a0a5 > i {\n  margin-right: 8px;\n}<\/style><div class=\"btn-align-center\"><a href=\"https:\/\/massawippi.org\/wp-content\/uploads\/2025\/03\/FMF-Brochure-online-version.pdf\" class=\"default-btn-shortcode dt-btn dt-btn-l link-hover-off \" id=\"default-btn-0422bf6ae9d40f2a6abf70b4ce85a0a5\"><span>T\u00e9l\u00e9charger la brochure (PDF)<\/span><\/a><\/div>[\/vc_column_inner][\/vc_row_inner][\/vc_column][\/vc_row][vc_row bg_type=\u00a0\u00bbbg_color\u00a0\u00bb css=\u00a0\u00bb.vc_custom_1775846837804{margin-top: 40px !important;padding-top: 20px !important;padding-bottom: 20px !important;}\u00a0\u00bb bg_color_value=\u00a0\u00bb#FFFFFF\u00a0\u00bb][vc_column]<div id=\"ultimate-heading-187769f06012a8a25\" class=\"uvc-heading ult-adjust-bottom-margin ultimate-heading-187769f06012a8a25 uvc-2338  uvc-heading-default-font-sizes\" data-hspacer=\"no_spacer\"  data-halign=\"center\" style=\"text-align:center\"><div class=\"uvc-heading-spacer no_spacer\" style=\"top\"><\/div><div class=\"uvc-main-heading ult-responsive\"  data-ultimate-target='.uvc-heading.ultimate-heading-187769f06012a8a25 h2'  data-responsive-json-new='{\"font-size\":\"\",\"line-height\":\"\"}' ><h2 style=\"--font-weight:theme;margin-bottom:30px;\">En savoir plus sur chacun de nos sentiers<\/h2><\/div><\/div>[\/vc_column][vc_column width=\u00a0\u00bb1\/3&Prime;][vc_single_image image=\u00a0\u00bb7132&Prime; img_size=\u00a0\u00bbmedium\u00a0\u00bb alignment=\u00a0\u00bbcenter\u00a0\u00bb css=\u00a0\u00bb.vc_custom_1775874870618{padding-bottom: 20px !important;}\u00a0\u00bb]<style type=\"text\/css\" data-type=\"the7_shortcodes-inline-css\">#default-btn-a907c663015dbf232fc9079aeda32956.ico-right-side > i {\n  margin-right: 0px;\n  margin-left: 8px;\n}\n#default-btn-a907c663015dbf232fc9079aeda32956 > i {\n  margin-right: 8px;\n}<\/style><div class=\"btn-align-center\"><a href=\"\/fr\/sentier-du-parc-scowen\/\" class=\"default-btn-shortcode dt-btn dt-btn-l link-hover-off \" id=\"default-btn-a907c663015dbf232fc9079aeda32956\" title=\"Sentier du parc Scowen\"><span>Sentier du parc Scowen<\/span><\/a><\/div>[\/vc_column][vc_column width=\u00a0\u00bb1\/3&Prime;][vc_single_image image=\u00a0\u00bb9214&Prime; img_size=\u00a0\u00bbmedium\u00a0\u00bb alignment=\u00a0\u00bbcenter\u00a0\u00bb css=\u00a0\u00bb.vc_custom_1775874969738{padding-bottom: 20px !important;}\u00a0\u00bb]<style type=\"text\/css\" data-type=\"the7_shortcodes-inline-css\">#default-btn-034dca7334fee867e07e4f8efc590fe8.ico-right-side > i {\n  margin-right: 0px;\n  margin-left: 8px;\n}\n#default-btn-034dca7334fee867e07e4f8efc590fe8 > i {\n  margin-right: 8px;\n}<\/style><div class=\"btn-align-center\"><a href=\"https:\/\/massawippi.org\/fr\/sentier-massawippi\/\" class=\"default-btn-shortcode dt-btn dt-btn-l link-hover-off \" id=\"default-btn-034dca7334fee867e07e4f8efc590fe8\" title=\"Sentier Massawippi\"><span>Sentier Massawippi<\/span><\/a><\/div>[\/vc_column][vc_column width=\u00a0\u00bb1\/3&Prime;][vc_single_image image=\u00a0\u00bb7123&Prime; img_size=\u00a0\u00bbmedium\u00a0\u00bb alignment=\u00a0\u00bbcenter\u00a0\u00bb css=\u00a0\u00bb.vc_custom_1775874888013{padding-bottom: 20px !important;}\u00a0\u00bb]<style type=\"text\/css\" data-type=\"the7_shortcodes-inline-css\">#default-btn-6f6f9b25f3cbe65ef5da2db0fe685f47.ico-right-side > i {\n  margin-right: 0px;\n  margin-left: 8px;\n}\n#default-btn-6f6f9b25f3cbe65ef5da2db0fe685f47 > i {\n  margin-right: 8px;\n}<\/style><div class=\"btn-align-center\"><a href=\"https:\/\/massawippi.org\/fr\/sentier-tomifobia\/\" class=\"default-btn-shortcode dt-btn dt-btn-l link-hover-off \" id=\"default-btn-6f6f9b25f3cbe65ef5da2db0fe685f47\" title=\"Sentier Tomifobia\"><span>Sentier Tomifobia<\/span><\/a><\/div>[\/vc_column][\/vc_row]<\/p>\n<\/div>","protected":false},"excerpt":{"rendered":"<p>[vc_row css=\u00a0\u00bb.vc_custom_1720794313180{padding-bottom: 50px !important;}\u00a0\u00bb][vc_column][\/vc_column][vc_column width=\u00a0\u00bb2\/3&Prime;][vc_column_text css=\u00a0\u00bb.vc_custom_1731725094378{padding-top: 10px !important;}\u00a0\u00bb]La Fondation Massawippi et la Fiducie de conservation Massawippi invitent tous les membres du public \u00e0 profiter des sentiers de Massawippi. Deux sites distincts offrent des possibilit\u00e9s uniques d&rsquo;explorer la nature tout en passant un bon moment en plein air. Les sentiers sont gratuits et ouverts tous les&hellip;<\/p>\n","protected":false},"author":1,"featured_media":0,"parent":0,"menu_order":0,"comment_status":"closed","ping_status":"closed","template":"","meta":{"_acf_changed":false,"ngg_post_thumbnail":0,"footnotes":""},"class_list":["post-7299","page","type-page","status-publish","hentry","description-off"],"acf":[],"_links":{"self":[{"href":"https:\/\/massawippi.org\/fr\/wp-json\/wp\/v2\/pages\/7299","targetHints":{"allow":["GET"]}}],"collection":[{"href":"https:\/\/massawippi.org\/fr\/wp-json\/wp\/v2\/pages"}],"about":[{"href":"https:\/\/massawippi.org\/fr\/wp-json\/wp\/v2\/types\/page"}],"author":[{"embeddable":true,"href":"https:\/\/massawippi.org\/fr\/wp-json\/wp\/v2\/users\/1"}],"replies":[{"embeddable":true,"href":"https:\/\/massawippi.org\/fr\/wp-json\/wp\/v2\/comments?post=7299"}],"version-history":[{"count":48,"href":"https:\/\/massawippi.org\/fr\/wp-json\/wp\/v2\/pages\/7299\/revisions"}],"predecessor-version":[{"id":9925,"href":"https:\/\/massawippi.org\/fr\/wp-json\/wp\/v2\/pages\/7299\/revisions\/9925"}],"wp:attachment":[{"href":"https:\/\/massawippi.org\/fr\/wp-json\/wp\/v2\/media?parent=7299"}],"curies":[{"name":"wp","href":"https:\/\/api.w.org\/{rel}","templated":true}]}}