{"id":7919,"date":"2024-09-27T14:52:44","date_gmt":"2024-09-27T14:52:44","guid":{"rendered":"https:\/\/dev.massawippi.org\/newsletter\/"},"modified":"2024-10-20T14:03:16","modified_gmt":"2024-10-20T14:03:16","slug":"infolettre","status":"publish","type":"page","link":"https:\/\/massawippi.org\/fr\/infolettre\/","title":{"rendered":"Infolettre"},"content":{"rendered":"<div class=\"wpb-content-wrapper\"><p>[vc_row][vc_column]<div id=\"ultimate-heading-703269ff65370c304\" class=\"uvc-heading ult-adjust-bottom-margin ultimate-heading-703269ff65370c304 uvc-993  uvc-heading-default-font-sizes\" data-hspacer=\"no_spacer\"  data-halign=\"center\" style=\"text-align:center\"><div class=\"uvc-heading-spacer no_spacer\" style=\"top\"><\/div><div class=\"uvc-main-heading ult-responsive\"  data-ultimate-target='.uvc-heading.ultimate-heading-703269ff65370c304 h1'  data-responsive-json-new='{\"font-size\":\"\",\"line-height\":\"\"}' ><h1 style=\"--font-weight:theme;color:#6dab3c;margin-bottom:30px;\">Infolettre<\/h1><\/div><\/div>[\/vc_column][\/vc_row][vc_row][vc_column width=\u00a0\u00bb2\/3&Prime;][vc_column_text css=\u00a0\u00bb\u00a0\u00bb]Abonnez-vous \u00e0 notre infolettre (8-10 num\u00e9ros par an) pour recevoir les derni\u00e8res nouvelles et en savoir plus sur la biodiversit\u00e9 locale.<\/p>\n<p><script>(function() {\n\twindow.mc4wp = window.mc4wp || {\n\t\tlisteners: [],\n\t\tforms: {\n\t\t\ton: function(evt, cb) {\n\t\t\t\twindow.mc4wp.listeners.push(\n\t\t\t\t\t{\n\t\t\t\t\t\tevent   : evt,\n\t\t\t\t\t\tcallback: cb\n\t\t\t\t\t}\n\t\t\t\t);\n\t\t\t}\n\t\t}\n\t}\n})();\n<\/script><!-- Mailchimp for WordPress v4.12.5 - https:\/\/wordpress.org\/plugins\/mailchimp-for-wp\/ --><form id=\"mc4wp-form-1\" class=\"mc4wp-form mc4wp-form-8194\" method=\"post\" data-id=\"8194\" data-name=\"infolettre\" ><div class=\"mc4wp-form-fields\"><p>\n\t<label>Courriel :<\/label>\n\t\t<input type=\"email\" name=\"EMAIL\" required=\"\">\n<\/p>\n<p>\n    <label>Pr\u00e9nom :<\/label>\n    <input type=\"text\" name=\"FNAME\" required=\"\">\n<\/p>\n<p>\n    <label>Nom de famille :<\/label>\n    <input type=\"text\" name=\"LNAME\" required=\"\">\n<\/p>\n\n\n<p>\n\t<input type=\"submit\" value=\"S'inscrire\">\n<\/p><\/div><label style=\"display: none !important;\">Laissez ce champ vide si vous \u00eates humain\u00a0: <input type=\"text\" name=\"_mc4wp_honeypot\" value=\"\" tabindex=\"-1\" autocomplete=\"off\" \/><\/label><input type=\"hidden\" name=\"_mc4wp_timestamp\" value=\"1778345271\" \/><input type=\"hidden\" name=\"_mc4wp_form_id\" value=\"8194\" \/><input type=\"hidden\" name=\"_mc4wp_form_element_id\" value=\"mc4wp-form-1\" \/><div class=\"mc4wp-response\"><\/div><\/form><!-- \/ Mailchimp for WordPress Plugin -->[\/vc_column_text][\/vc_column][vc_column width=\u00a0\u00bb1\/3&Prime;][vc_single_image image=\u00a0\u00bb6824&Prime; img_size=\u00a0\u00bblarge\u00a0\u00bb alignment=\u00a0\u00bbcenter\u00a0\u00bb css=\u00a0\u00bb\u00a0\u00bb][\/vc_column][\/vc_row]<\/p>\n<\/div>","protected":false},"excerpt":{"rendered":"<p>[vc_row][vc_column][\/vc_column][\/vc_row][vc_row][vc_column width=\u00a0\u00bb2\/3&Prime;][vc_column_text css=\u00a0\u00bb\u00a0\u00bb]Abonnez-vous \u00e0 notre infolettre (8-10 num\u00e9ros par an) pour recevoir les derni\u00e8res nouvelles et en savoir plus sur la biodiversit\u00e9 locale. [\/vc_column_text][\/vc_column][vc_column width=\u00a0\u00bb1\/3&Prime;][vc_single_image image=\u00a0\u00bb6824&Prime; img_size=\u00a0\u00bblarge\u00a0\u00bb alignment=\u00a0\u00bbcenter\u00a0\u00bb css=\u00a0\u00bb\u00a0\u00bb][\/vc_column][\/vc_row]<\/p>\n","protected":false},"author":1,"featured_media":0,"parent":0,"menu_order":0,"comment_status":"closed","ping_status":"closed","template":"","meta":{"_acf_changed":false,"ngg_post_thumbnail":0,"footnotes":""},"class_list":["post-7919","page","type-page","status-publish","hentry","description-off"],"acf":[],"_links":{"self":[{"href":"https:\/\/massawippi.org\/fr\/wp-json\/wp\/v2\/pages\/7919","targetHints":{"allow":["GET"]}}],"collection":[{"href":"https:\/\/massawippi.org\/fr\/wp-json\/wp\/v2\/pages"}],"about":[{"href":"https:\/\/massawippi.org\/fr\/wp-json\/wp\/v2\/types\/page"}],"author":[{"embeddable":true,"href":"https:\/\/massawippi.org\/fr\/wp-json\/wp\/v2\/users\/1"}],"replies":[{"embeddable":true,"href":"https:\/\/massawippi.org\/fr\/wp-json\/wp\/v2\/comments?post=7919"}],"version-history":[{"count":3,"href":"https:\/\/massawippi.org\/fr\/wp-json\/wp\/v2\/pages\/7919\/revisions"}],"predecessor-version":[{"id":7930,"href":"https:\/\/massawippi.org\/fr\/wp-json\/wp\/v2\/pages\/7919\/revisions\/7930"}],"wp:attachment":[{"href":"https:\/\/massawippi.org\/fr\/wp-json\/wp\/v2\/media?parent=7919"}],"curies":[{"name":"wp","href":"https:\/\/api.w.org\/{rel}","templated":true}]}}