{"id":8379,"date":"2024-03-25T17:04:38","date_gmt":"2024-03-25T17:04:38","guid":{"rendered":"https:\/\/dev.massawippi.org\/privacy-policy\/"},"modified":"2024-12-25T01:42:30","modified_gmt":"2024-12-25T01:42:30","slug":"politique-de-confidentialite","status":"publish","type":"page","link":"https:\/\/massawippi.org\/fr\/politique-de-confidentialite\/","title":{"rendered":"Politique de confidentialit\u00e9"},"content":{"rendered":"<div class=\"wpb-content-wrapper\"><p>[vc_row][vc_column]<div id=\"ultimate-heading-948269e450036587b\" class=\"uvc-heading ult-adjust-bottom-margin ultimate-heading-948269e450036587b uvc-8116  uvc-heading-default-font-sizes\" data-hspacer=\"no_spacer\"  data-halign=\"center\" style=\"text-align:center\"><div class=\"uvc-heading-spacer no_spacer\" style=\"top\"><\/div><div class=\"uvc-main-heading ult-responsive\"  data-ultimate-target='.uvc-heading.ultimate-heading-948269e450036587b h1'  data-responsive-json-new='{\"font-size\":\"\",\"line-height\":\"\"}' ><h1 style=\"--font-weight:theme;color:#6dab3c;margin-bottom:30px;\">Politique de confidentialit\u00e9<\/h1><\/div><\/div>[\/vc_column][\/vc_row][vc_row][vc_column][vc_column_text css=\u00a0\u00bb\u00a0\u00bb]En tant qu&rsquo;organisme sans but lucratif (OBNL), nous recueillons, utilisons et divulguons r\u00e9guli\u00e8rement des renseignements \u00e0 diverses fins, telles que la recherche philanthropique, les projets de conservation, le recrutement de personnel, le marketing ou l&rsquo;analyse de bases de donn\u00e9es. Nous adh\u00e9rons aux normes \u00e9thiques les plus \u00e9lev\u00e9es lors du traitement de toutes les informations, en particulier les informations personnelles.<\/p>\n<p>Cette politique de confidentialit\u00e9 vise \u00e0 vous aider \u00e0 comprendre nos pratiques concernant la collecte, l&rsquo;utilisation, la divulgation et la conservation des informations personnelles. En nous fournissant des renseignements personnels (par l&rsquo;entremise de notre site Web, en remplissant un formulaire d&rsquo;inscription ou en faisant un don), par courriel, en personne ou par t\u00e9l\u00e9phone, vous acceptez qu&rsquo;ils soient trait\u00e9s conform\u00e9ment \u00e0 ce qui est indiqu\u00e9 dans la pr\u00e9sente politique de confidentialit\u00e9. Vous autorisez la Fondation Massawippi, ses tiers et ses fournisseurs de services \u00e0 traiter vos renseignements personnels aux fins \u00e9nonc\u00e9es ci-dessous.<\/p>\n<p>Cette politique de confidentialit\u00e9 ne s&rsquo;applique pas aux sites Web tiers accessibles par des liens sur ce site Web. La Fondation Massawippi n&rsquo;est pas responsable de ces sites Web tiers. Si vous suivez un lien vers un site Web tiers, ce tiers aura ses propres politiques de confidentialit\u00e9 que vous devrez consulter avant de soumettre des informations personnelles.<\/p>\n<p><strong>QUELLES RENSEIGNEMENTS PERSONNELS COLLECTONS-NOUS&nbsp;?<\/strong><\/p>\n<p>Nous pouvons recueillir et traiter diff\u00e9rents types de renseignements personnels au cours de nos activit\u00e9s et de notre offre de services, notamment&nbsp;:<\/p>\n<ul>\n<li>Coordonn\u00e9es professionnelles et\/ou personnelles, telles que nom, pr\u00e9nom, adresse(s), adresse(s), adresse(s) courriel(s), date de naissance et num\u00e9ro(s) de t\u00e9l\u00e9phone.<\/li>\n<li>Informations biographiques telles que le titre du poste, le nom de l&#8217;employeur, les ant\u00e9c\u00e9dents professionnels et\/ou personnels, les photos et le contenu vid\u00e9o ou audio.<\/li>\n<li>Informations relatives aux pr\u00e9f\u00e9rences en mati\u00e8re de marketing et de communication, comme les commentaires et les r\u00e9ponses aux enqu\u00eates.<\/li>\n<li>Informations relatives \u00e0 l&rsquo;historique des contributions, \u00e0 la participation \u00e0 des \u00e9v\u00e9nements organisationnels, \u00e0 la facturation et aux informations financi\u00e8res, telles qu&rsquo;une adresse de facturation, des renseignements sur un compte bancaire ou des donn\u00e9es de paiement.<\/li>\n<li>Informations relatives aux services, comme les d\u00e9tails des services que nous vous avons fournis.<\/li>\n<li>Informations relatives au recrutement, telles qu&rsquo;un curriculum vitae, des renseignements sur la formation et les ant\u00e9c\u00e9dents professionnels, des d\u00e9tails concernant les affiliations professionnelles, des lettres de r\u00e9f\u00e9rence et des coordonn\u00e9es ainsi que d&rsquo;autres renseignements pertinents pour un recrutement potentiel par la Fondation Massawippi.<\/li>\n<li>Informations sur l&rsquo;utilisation du site Web et autres renseignements techniques, comme des d\u00e9tails sur les visites de nos sites Web, votre interaction avec notre publicit\u00e9 et notre contenu en ligne, ou les renseignements recueillis par le biais de t\u00e9moins et d&rsquo;autres technologies de suivi.<\/li>\n<li>Informations qui nous sont fournies par ou au nom de nos partenaires, clients ou que nous produisons dans le cadre de notre prestation de services, et qui pourraient, le cas \u00e9ch\u00e9ant, inclure des cat\u00e9gories particuli\u00e8res d&rsquo;informations personnelles.<\/li>\n<li>Des renseignements tels que les modalit\u00e9s relatives \u00e0 votre don, vos contributions et \u00e0 quoi elles sont consacr\u00e9es le cas \u00e9ch\u00e9ant, la reconnaissance obtenue, le processus d\u00e9cisionnel et les personnes impliqu\u00e9es dans l&rsquo;organisation et ce processus.<\/li>\n<li>Toute autre information personnelle fournie. Veuillez noter que si vous nous fournissez des renseignements personnels sur d&rsquo;autres personnes (comme vos clients, administrateurs, dirigeants, actionnaires ou b\u00e9n\u00e9ficiaires effectifs), vous devez vous assurer que vous les avez correctement inform\u00e9s que vous nous fournissez leurs informations personnelles. renseignements et avoir obtenu leur consentement \u00e0 une telle communication d\u2019informations.<\/li>\n<li>Le cas \u00e9ch\u00e9ant, la preuve du consentement qui nous a \u00e9t\u00e9 donn\u00e9 (date, heure, moyen), dans les circonstances o\u00f9 ce consentement est n\u00e9cessaire au traitement des informations personnelles.<\/li>\n<\/ul>\n<p><strong>COMMENT COLLECTONS-NOUS VOS RENSEIGNEMENTS ?<\/strong><\/p>\n<p>Nous recueillons vos renseignements personnels aupr\u00e8s de vous et lors de nos interactions avec vous, comme suit&nbsp;:<\/p>\n<ul>\n<li>Lors de votre inscription \u00e0 nos \u00e9v\u00e9nements (webinaires, cocktails, \u00e9v\u00e9nements sp\u00e9ciaux, conf\u00e9rences, etc.)<\/li>\n<li>Lors de votre inscription \u00e0 notre infolettre<\/li>\n<li>Lors d&rsquo;une demande de subvention<\/li>\n<li>En nous contactant<\/li>\n<li>Lors d&rsquo;un achat dans notre boutique<\/li>\n<li>Lorsque vous participez \u00e0 une \u00e9tude ou \u00e0 un sondage<\/li>\n<li>Lors de r\u00e9unions en personne<\/li>\n<li>Par un bon de commande<\/li>\n<li>Par un don<\/li>\n<li>Lors d&rsquo;\u00e9changes par courrier, courriel ou t\u00e9l\u00e9phone<\/li>\n<\/ul>\n<p>Nous recueillons \u00e9galement des renseignements accessibles au public sur des plateformes publiques, y compris notre site Web.<\/p>\n<p><strong>COMMENT UTILISONS-NOUS LES RENSEIGNEMENTS PERSONNELS&nbsp;?<\/strong><\/p>\n<p>Nous pouvons utiliser les renseignements personnels de l\u2019une des mani\u00e8res indiqu\u00e9es ci-dessous, avec votre consentement ou, le cas \u00e9ch\u00e9ant, sur une autre base juridique. Dans chaque cas, nous indiquons pourquoi nous utilisons vos renseignements personnels&nbsp;:<\/p>\n<ul>\n<li class=\"lRu31\" dir=\"ltr\"><span class=\"HwtZe\" lang=\"fr-CA\"><span class=\"jCAhz ChMk0b\"><span class=\"ryNqvb\">Offrir nos services ainsi que mener nos activit\u00e9s, administrer et ex\u00e9cuter nos services, y compris pour remplir nos obligations d\u00e9coulant de toute entente conclue entre vous et nous.<\/span><\/span><\/span><\/li>\n<li class=\"lRu31\" dir=\"ltr\"><span class=\"HwtZe\" lang=\"fr-CA\"> <span class=\"jCAhz ChMk0b\"><span class=\"ryNqvb\">Rendre nos sites Web plus faciles \u00e0 utiliser et s&rsquo;assurer que le contenu est pertinent et s&rsquo;assurer que le contenu de nos sites Web est pr\u00e9sent\u00e9 de la mani\u00e8re la plus efficace pour vous et votre appareil. <\/span><\/span><\/span><\/li>\n<li class=\"lRu31\" dir=\"ltr\"><span class=\"HwtZe\" lang=\"fr-CA\"><span class=\"jCAhz ChMk0b\"><span class=\"ryNqvb\">\u00c0 des fins de marketing et de d\u00e9veloppement \u2013 \u200b\u200bpour fournir des d\u00e9tails sur les nouveaux services, des informations sur les d\u00e9veloppements de notre organisation et de notre secteur et des invitations \u00e0 des \u00e9v\u00e9nements pour lesquels une personne a choisi de recevoir de telles informations.<\/span><\/span><\/span><\/li>\n<li class=\"lRu31\" dir=\"ltr\"><span class=\"HwtZe\" lang=\"fr-CA\"> <span class=\"jCAhz ChMk0b\"><span class=\"ryNqvb\">\u00c0 des fins de recherche et de d\u00e9veloppement (y compris du point de vue de la s\u00e9curit\u00e9) \u2013 pour effectuer des analyses afin de mieux comprendre les exigences de service et de marketing de notre communaut\u00e9 et pour mieux comprendre notre organisation et d\u00e9velopper nos services et nos offres.<\/span><\/span><\/span><\/li>\n<li class=\"lRu31\" dir=\"ltr\"><span class=\"HwtZe\" lang=\"fr-CA\"> <span class=\"jCAhz ChMk0b\"><span class=\"ryNqvb\">\u00c0 des fins de recrutement \u2013 \u200b\u200bpour nous permettre de traiter les demandes d\u2019emploi et d\u2019\u00e9valuer si une personne r\u00e9pond aux exigences du poste pour lequel elle peut postuler \u00e0 la Fondation Massawippi. <\/span><\/span><\/span><\/li>\n<li class=\"lRu31\" dir=\"ltr\"><span class=\"HwtZe\" lang=\"fr-CA\"><span class=\"jCAhz ChMk0b\"><span class=\"ryNqvb\">Afin de respecter nos obligations l\u00e9gales, r\u00e9glementaires ou de gestion des risques.<\/span><\/span><\/span><\/li>\n<li class=\"lRu31\" dir=\"ltr\"><span class=\"HwtZe\" lang=\"fr-CA\"> <span class=\"jCAhz ChMk0b\"><span class=\"ryNqvb\">Pour pr\u00e9venir la fraude et\/ou effectuer d&rsquo;autres v\u00e9rifications d&rsquo;ant\u00e9c\u00e9dents qui peuvent \u00eatre requises \u00e0 tout moment en vertu de la loi ou de la r\u00e9glementation applicable et\/ou des meilleures pratiques (si des informations fausses ou inexactes sont fournies ou si une la fraude est observ\u00e9e ou soup\u00e7onn\u00e9e, les renseignements peuvent \u00eatre transmis \u00e0 la pr\u00e9vention de la fraude.<\/span><\/span> <span class=\"jCAhz ChMk0b\"><span class=\"ryNqvb\">Lorsque nous traitons des renseignements personnels de cat\u00e9gorie sp\u00e9ciale, nous pouvons \u00e9galement compter sur des int\u00e9r\u00eats publics importants (pr\u00e9vention ou d\u00e9tection de d\u00e9lits) ou sur des r\u00e9clamations juridiques. <\/span><\/span><\/span><\/li>\n<li class=\"lRu31\" dir=\"ltr\"><span class=\"HwtZe\" lang=\"fr-CA\"><span class=\"jCAhz\"><span class=\"ryNqvb\">Pour faire valoir nos droits, pour r\u00e9pondre \u00e0 nos obligations l\u00e9gales ou r\u00e9glementaires en mati\u00e8re de communication d\u2019informations ou pour prot\u00e9ger les droits de tiers. <\/span><\/span><\/span><\/li>\n<li class=\"lRu31\" dir=\"ltr\"><span class=\"HwtZe\" lang=\"fr-CA\"><span class=\"jCAhz ChMk0b\"><span class=\"ryNqvb\">Pour nous assurer d&rsquo;\u00eatre pay\u00e9s \u2013 pour recouvrer les paiements qui nous sont dus et, au besoin, pour faire ex\u00e9cuter ces recouvrements par l&rsquo;interm\u00e9diaire d&rsquo;agences de recouvrement de cr\u00e9ances ou d&rsquo;autres moyens l\u00e9gaux (y compris en intentant une action en cour)<\/span><\/span><\/span><\/li>\n<li class=\"lRu31\" dir=\"ltr\"><span class=\"HwtZe\" lang=\"fr-CA\"> <span class=\"jCAhz ChMk0b\"><span class=\"ryNqvb\">Afin de r\u00e9organiser ou de modifier notre organisation \u2013 si nous entreprenons une r\u00e9organisation (par exemple, en fusionnant, en consolidant ou en transf\u00e9rant une partie de la mission de notre organisation), nous pourrions avoir besoin de transf\u00e9rer tout ou partie des renseignements personnels \u00e0 un tiers concern\u00e9. propos\u00e9e. Dans une telle situation, prendre tous les moyens possibles pour assurer la protection et la s\u00e9curit\u00e9 des renseignements personnels.<\/span><\/span><\/span><\/li>\n<\/ul>\n<p><strong>AVEC QUI PARTAGEONS-NOUS LES INFORMATIONS PERSONNELLES ?<\/strong><\/p>\n<p>La Fondation Massawippi est une organisation \u00e0 but non lucratif, d\u00fbment constitu\u00e9e. Par cons\u00e9quent, les informations personnelles que nous recueillons peuvent \u00eatre partag\u00e9es avec diverses entit\u00e9s du r\u00e9seau de la Fondation Massawippi et \u00eatre trait\u00e9es par ces entit\u00e9s. Voici avec qui nous pouvons partager des informations personnelles :<\/p>\n<div class=\"UdTY9 WdefRb\" aria-hidden=\"true\" data-location=\"2\">\n<ul>\n<li class=\"kO6q6e\">Les administrateurs et les membres du personnel de la Fondation Massawippi, dans le cadre de leurs fonctions, peuvent y avoir acc\u00e8s. Leur acc\u00e8s est toutefois limit\u00e9 aux informations dont ils ont besoin pour accomplir leurs t\u00e2ches.<\/li>\n<li class=\"kO6q6e\">Les prestataires de services et\/ou partenaires tiers, y compris ceux qui nous fournissent des services de sollicitation de dons, d&rsquo;analyse de bases de donn\u00e9es, d&rsquo;analyse de sites web, de d\u00e9veloppement d&rsquo;applications, d&rsquo;h\u00e9bergement, de maintenance et autres. Nous limitons les informations que nous fournissons \u00e0 ces prestataires de services \u00e0 celles qui sont raisonnablement n\u00e9cessaires pour leur permettre de remplir leurs fonctions, et nos contrats avec ces prestataires de services les obligent \u00e0 pr\u00e9server la confidentialit\u00e9 de ces informations.<\/li>\n<li class=\"kO6q6e\">Les autorit\u00e9s gouvernementales et les organismes charg\u00e9s de l&rsquo;application de la loi lorsque les lois applicables l&rsquo;exigent. Pour plus de clart\u00e9, nous pouvons divulguer des informations personnelles et d&rsquo;autres informations si nous sommes tenus de le faire en vertu des lois, y compris les lois fiscales, ou si nous pensons en toute bonne foi que cette divulgation est n\u00e9cessaire pour se conformer aux lois applicables, en r\u00e9ponse \u00e0 une ordonnance d&rsquo;un tribunal ou \u00e0 une citation \u00e0 compara\u00eetre du gouvernement ou \u00e0 un mandat de perquisition, ou encore pour coop\u00e9rer avec les autorit\u00e9s gouvernementales et les organismes charg\u00e9s de l&rsquo;application de la loi.<\/li>\n<li>L&rsquo;acqu\u00e9reur, le successeur ou le cessionnaire dans le cadre de toute fusion, vente d&rsquo;actifs ou op\u00e9ration similaire, ainsi qu&rsquo;en cas d&rsquo;insolvabilit\u00e9, de faillite ou de dissolution pr\u00e9voyant le transfert, \u00e0 un ou plusieurs tiers, sous r\u00e9serve des formalit\u00e9s requises par la loi ;<\/li>\n<li>Nous n&rsquo;utiliserons les informations personnelles que pour atteindre l&rsquo;objectif principal et l&rsquo;objectif l\u00e9gitime applicable pour lesquels elles ont \u00e9t\u00e9 collect\u00e9es, ou \u00e0 des fins compatibles avec cet objectif.<\/li>\n<li>L&rsquo;organisation utilise les services de sites tiers, tels que Google, Facebook et LinkedIn, pour promouvoir son contenu et ses offres.<\/li>\n<\/ul>\n<p>Lorsque vous visitez notre site web, ces tiers peuvent utiliser des cookies, des balises web ou d&rsquo;autres technologies similaires sur votre disque dur pour collecter ou recevoir des informations sur votre navigation sur le site web et ailleurs sur l&rsquo;internet. Ces technologies permettent de diffuser des publicit\u00e9s cibl\u00e9es en fonction de vos centres d&rsquo;int\u00e9r\u00eat. Vous pouvez consulter les cookies et les d\u00e9truire si vous le souhaitez. Ainsi, vous en avez le plein contr\u00f4le. Nous vous conseillons de vous r\u00e9f\u00e9rer aux param\u00e8tres de votre navigateur pour effectuer les changements appropri\u00e9s.<\/p>\n<p>Si vous souhaitez que des sites tiers stockent des cookies sur votre disque dur afin de vous proposer des publicit\u00e9s cibl\u00e9es, vous pouvez activer cette option.<\/p>\n<p><strong>COMBIEN DE TEMPS CONSERVONS-NOUS LES INFORMATIONS PERSONNELLES ?<\/strong><\/p>\n<p>Nous ne conserverons les informations personnelles que le temps n\u00e9cessaire aux fins \u00e9nonc\u00e9es dans la pr\u00e9sente politique de confidentialit\u00e9 des informations personnelles et pour nous conformer \u00e0 nos obligations l\u00e9gales et r\u00e9glementaires.<\/p>\n<p>Pour en savoir plus sur la dur\u00e9e de conservation des informations personnelles, veuillez nous contacter en utilisant les coordonn\u00e9es fournies dans la rubrique \u00ab Comment nous contacter \u00bb.<\/p>\n<p><strong>O\u00d9 STOCKONS-NOUS LES INFORMATIONS PERSONNELLES ?<\/strong><\/p>\n<p>Nos donn\u00e9es sont stock\u00e9es dans le nuage au Canada et sur notre serveur au si\u00e8ge de notre fournisseur de services informatiques. Une \u00e9valuation de l&rsquo;impact sur la vie priv\u00e9e a \u00e9t\u00e9 r\u00e9alis\u00e9e. Certaines informations personnelles sont \u00e9galement conserv\u00e9es sous cl\u00e9 \u00e0 notre si\u00e8ge social. Nous utilisons \u00e9galement Google Workplace pour les organisations \u00e0 but non lucratif ; pour plus d&rsquo;informations, consultez le site : Responsabilit\u00e9 des donn\u00e9es de <a href=\"https:\/\/docs.google.com\/document\/d\/14NNht2r5025e23yY0Osopwse2HKy5N_zvLaXtGC-pBY\/edit?usp=sharing\">Google Business<\/a><\/p>\n<p><strong>COMMENT PROT\u00c9GEONS-NOUS LES INFORMATIONS PERSONNELLES ?<\/strong><\/p>\n<p>Nous suivons les normes g\u00e9n\u00e9ralement accept\u00e9es pour prot\u00e9ger les informations qui nous sont soumises, \u00e0 la fois lors de leur transmission et une fois que nous les avons re\u00e7ues. Nous maintenons des mesures de protection physiques, techniques ou administratives appropri\u00e9es pour prot\u00e9ger les informations personnelles contre la destruction accidentelle ou ill\u00e9gale, la perte accidentelle, la modification, la divulgation ou l&rsquo;acc\u00e8s non autoris\u00e9, l&rsquo;utilisation abusive ou toute autre forme de traitement ill\u00e9gal des informations personnelles en notre possession. Nous avons pris des mesures pour garantir que les seuls membres du personnel qui ont acc\u00e8s \u00e0 vos informations personnelles sont ceux qui ont besoin de les conna\u00eetre ou dont les fonctions exigent raisonnablement que ces informations soient connues.<\/p>\n<p>Toutefois, aucune m\u00e9thode de transmission sur l&rsquo;internet ou de stockage \u00e9lectronique n&rsquo;est s\u00fbre \u00e0 100 %. Nous ne pouvons donc pas assurer ou garantir la s\u00e9curit\u00e9 des informations que vous nous transmettez ou que vous nous fournissez et vous le faites \u00e0 vos propres risques. Nous ne pouvons pas non plus garantir que ces informations ne seront pas consult\u00e9es, obtenues, divulgu\u00e9es, modifi\u00e9es ou d\u00e9truites \u00e0 la suite d&rsquo;une violation de nos mesures de protection physiques, techniques ou administratives. Si vous avez des raisons de penser que des informations personnelles ont \u00e9t\u00e9 compromises, veuillez nous contacter en utilisant les coordonn\u00e9es fournies dans la section \u00ab Comment nous contacter \u00bb.En cas d&rsquo;incident de confidentialit\u00e9 affectant vos informations personnelles, nous nous engageons \u00e0 vous en informer d\u00e8s que possible apr\u00e8s avoir pris connaissance de cet incident. Nous prendrons des mesures raisonnables pour r\u00e9duire le risque de pr\u00e9judice et \u00e9viter que de nouveaux incidents de m\u00eame nature ne se produisent.<\/p>\n<p><strong>QUELS SONT LES DROITS D&rsquo;UNE PERSONNE EN CE QUI CONCERNE SES INFORMATIONS PERSONNELLES ?<\/strong><\/p>\n<p>Dans certaines circonstances et conform\u00e9ment aux lois applicables en mati\u00e8re de protection des donn\u00e9es, une personne a les droits suivants :<\/p>\n<ul>\n<li>Acc\u00e8s : le droit de demander si nous traitons des informations et, le cas \u00e9ch\u00e9ant, de demander l&rsquo;acc\u00e8s aux informations personnelles. Sous r\u00e9serve du droit applicable et, le cas \u00e9ch\u00e9ant, du paiement d&rsquo;une somme d&rsquo;argent, la personne peut ainsi recevoir une copie des informations personnelles que nous d\u00e9tenons et certaines autres informations la concernant ;<\/li>\n<li>Exactitude : nous sommes tenus de prendre des mesures raisonnables pour nous assurer que les informations personnelles en notre possession sont exactes, compl\u00e8tes, non trompeuses et \u00e0 jour ;<\/li>\n<li>Rectification : le droit de demander la rectification de toute information personnelle incompl\u00e8te ou inexacte que nous d\u00e9tenons.<\/li>\n<li>D\u00e9sindexation : le droit de demander l&rsquo;arr\u00eat de la diffusion de ses informations personnelles ou la d\u00e9sindexation de tout lien hypertexte attach\u00e9 \u00e0 son nom donnant acc\u00e8s \u00e0 des informations si cette diffusion lui cause un pr\u00e9judice ou contrevient \u00e0 la loi ou \u00e0 une d\u00e9cision de justice (droit \u00e0 l&rsquo;effacement ou \u00e0 l&rsquo;oubli) ;<\/li>\n<li>Anonymisation : le fait que notre organisation puisse, au lieu de les d\u00e9truire, anonymiser les informations personnelles pour les utiliser, mais uniquement \u00e0 des fins s\u00e9rieuses et l\u00e9gitimes (par exemple : conservation des informations requises aux fins d&rsquo;un \u00e9ventuel contr\u00f4le fiscal) ;<br \/>\nLe droit d&rsquo;\u00eatre inform\u00e9 lorsque vous faites l&rsquo;objet d&rsquo;une sollicitation ou d&rsquo;une communication fond\u00e9e exclusivement sur un traitement automatis\u00e9.<\/li>\n<\/ul>\n<p>Enfin, il est \u00e9galement possible de d\u00e9poser une plainte aupr\u00e8s d&rsquo;une autorit\u00e9 de contr\u00f4le de la protection des donn\u00e9es, plus particuli\u00e8rement dans le pays, la province ou l&rsquo;\u00c9tat dans lequel vous r\u00e9sidez habituellement (au Qu\u00e9bec, la Commission d&rsquo;acc\u00e8s \u00e0 l&rsquo;information), dans lequel nous sommes situ\u00e9s ou dans lequel une violation pr\u00e9sum\u00e9e des lois sur la protection des donn\u00e9es a \u00e9t\u00e9 commise.<\/p>\n<p>Pour exercer l&rsquo;un de ces droits, veuillez nous contacter comme indiqu\u00e9 dans la section \u00ab Comment nous contacter \u00bb.<\/p>\n<p><strong>COMMENT NOUS CONTACTER ?<\/strong><\/p>\n<p>Pour poser des questions, faire des commentaires ou d\u00e9poser une plainte concernant la pr\u00e9sente politique de confidentialit\u00e9 ou les informations personnelles, exercer vos droits, d\u00e9poser une plainte ou obtenir des informations sur nos politiques et nos pratiques concernant nos fournisseurs de services \u00e0 l&rsquo;\u00e9tranger, contactez notre responsable de la protection de la vie priv\u00e9e aux coordonn\u00e9es suivantes :<\/p>\n<p>Responsable de la protection de la vie priv\u00e9e<br \/>\nFondation Massawippi<br \/>\nC.P. 2633<br \/>\nNorth Hatley QC<br \/>\nJ0B 2C0<\/p>\n<p><a href=\"mailto:privacy@massawippi.org\">privacy@massawippi.org<\/a><\/p>\n<p>Vous pouvez \u00e9galement d\u00e9poser une plainte aupr\u00e8s de la Commission d&rsquo;acc\u00e8s \u00e0 l&rsquo;information.<\/p>\n<p><strong>Cette politique a \u00e9t\u00e9 mise \u00e0 jour pour la derni\u00e8re fois le : 15 novembre 2024<\/strong><\/p>\n<p>&nbsp;<\/p>\n<\/div>\n<p>[\/vc_column_text][\/vc_column][\/vc_row]<\/p>\n<\/div>","protected":false},"excerpt":{"rendered":"<p>[vc_row][vc_column][\/vc_column][\/vc_row][vc_row][vc_column][vc_column_text css=\u00a0\u00bb\u00a0\u00bb]En tant qu&rsquo;organisme sans but lucratif (OBNL), nous recueillons, utilisons et divulguons r\u00e9guli\u00e8rement des renseignements \u00e0 diverses fins, telles que la recherche philanthropique, les projets de conservation, le recrutement de personnel, le marketing ou l&rsquo;analyse de bases de donn\u00e9es. Nous adh\u00e9rons aux normes \u00e9thiques les plus \u00e9lev\u00e9es lors du traitement de toutes les informations,&hellip;<\/p>\n","protected":false},"author":1,"featured_media":0,"parent":0,"menu_order":0,"comment_status":"closed","ping_status":"closed","template":"","meta":{"_acf_changed":false,"ngg_post_thumbnail":0,"footnotes":""},"class_list":["post-8379","page","type-page","status-publish","hentry","description-off"],"acf":[],"_links":{"self":[{"href":"https:\/\/massawippi.org\/fr\/wp-json\/wp\/v2\/pages\/8379","targetHints":{"allow":["GET"]}}],"collection":[{"href":"https:\/\/massawippi.org\/fr\/wp-json\/wp\/v2\/pages"}],"about":[{"href":"https:\/\/massawippi.org\/fr\/wp-json\/wp\/v2\/types\/page"}],"author":[{"embeddable":true,"href":"https:\/\/massawippi.org\/fr\/wp-json\/wp\/v2\/users\/1"}],"replies":[{"embeddable":true,"href":"https:\/\/massawippi.org\/fr\/wp-json\/wp\/v2\/comments?post=8379"}],"version-history":[{"count":6,"href":"https:\/\/massawippi.org\/fr\/wp-json\/wp\/v2\/pages\/8379\/revisions"}],"predecessor-version":[{"id":8880,"href":"https:\/\/massawippi.org\/fr\/wp-json\/wp\/v2\/pages\/8379\/revisions\/8880"}],"wp:attachment":[{"href":"https:\/\/massawippi.org\/fr\/wp-json\/wp\/v2\/media?parent=8379"}],"curies":[{"name":"wp","href":"https:\/\/api.w.org\/{rel}","templated":true}]}}