{"id":8459,"date":"2024-05-20T00:37:32","date_gmt":"2024-05-20T00:37:32","guid":{"rendered":"https:\/\/dev.massawippi.org\/trail-news\/"},"modified":"2024-11-16T00:53:07","modified_gmt":"2024-11-16T00:53:07","slug":"nouvelles-des-sentiers","status":"publish","type":"page","link":"https:\/\/massawippi.org\/fr\/nouvelles-des-sentiers\/","title":{"rendered":"Nouvelles des sentiers"},"content":{"rendered":"<div class=\"wpb-content-wrapper\"><p>[vc_row][vc_column]<div id=\"ultimate-heading-87569d3bac9df7cf\" class=\"uvc-heading ult-adjust-bottom-margin ultimate-heading-87569d3bac9df7cf uvc-8444  uvc-heading-default-font-sizes\" data-hspacer=\"no_spacer\"  data-halign=\"center\" style=\"text-align:center\"><div class=\"uvc-heading-spacer no_spacer\" style=\"top\"><\/div><div class=\"uvc-main-heading ult-responsive\"  data-ultimate-target='.uvc-heading.ultimate-heading-87569d3bac9df7cf h1'  data-responsive-json-new='{\"font-size\":\"\",\"line-height\":\"\"}' ><h1 style=\"--font-weight:theme;color:#6dab3c;margin-bottom:30px;\">Nouvelles des sentiers<\/h1><\/div><\/div>[\/vc_column][\/vc_row][vc_row][vc_column]<div id=\"ultimate-heading-638269d3bac9df8c1\" class=\"uvc-heading ult-adjust-bottom-margin ultimate-heading-638269d3bac9df8c1 uvc-2259  uvc-heading-default-font-sizes\" data-hspacer=\"no_spacer\"  data-halign=\"center\" style=\"text-align:center\"><div class=\"uvc-heading-spacer no_spacer\" style=\"top\"><\/div><div class=\"uvc-main-heading ult-responsive\"  data-ultimate-target='.uvc-heading.ultimate-heading-638269d3bac9df8c1 h2'  data-responsive-json-new='{\"font-size\":\"\",\"line-height\":\"\"}' ><h2 style=\"--font-weight:theme;margin-bottom:20px;\">5 kilom\u00e8tres de nouveaux sentiers<\/h2><\/div><\/div>[vc_column_text css=\u00a0\u00bb\u00a0\u00bb]Le sentier Massawippi vient de s&rsquo;allonger ! Une nouvelle section de terres prot\u00e9g\u00e9es, comprenant des for\u00eats et des zones humides, avec plus de 5 kilom\u00e8tres de nouveaux sentiers de randonn\u00e9e, a \u00e9t\u00e9 ouverte au public au cours de l&rsquo;\u00e9t\u00e9 2024. Le sentier, qui se terminait autrefois \u00e0 la plage Ethan, s&rsquo;\u00e9tend d\u00e9sormais plus au sud.<\/p>\n<p>Vous pouvez toujours marcher jusqu&rsquo;\u00e0 la plage, faire un pique-nique ou vous baigner dans le lac, puis revenir par le m\u00eame chemin. Cependant, si vous avez le temps et l&rsquo;\u00e9nergie, il y a maintenant plus \u00e0 explorer et plus loin \u00e0 aller.<\/p>\n<p>Matthew Cleary, notre contrema\u00eetre des sentiers, a \u00e9crit un tr\u00e8s bel article d\u00e9crivant l&rsquo;\u00e9volution des sentiers. Cliquez ici pour lire son article paru dans notre <a href=\"https:\/\/massawippi.org\/fr\/2024\/09\/venez-voir-venez-voir-cest-enfin-ouvert\/\">bulletin de septembre<\/a>.<\/p>\n<p>Nous travaillons \u00e9galement en partenariat avec la municipalit\u00e9 de Stanstead-Est pour am\u00e9nager un nouveau sentier aux chutes Burroughs, dont l&rsquo;ouverture est pr\u00e9vue en 2025. N&rsquo;oubliez pas de vous inscrire \u00e0 notre <a href=\"https:\/\/massawippi.org\/fr\/infolettre\/\">bulletin d&rsquo;information<\/a> et de rester \u00e0 l&rsquo;\u00e9coute de cette page pour obtenir des mises \u00e0 jour sur la date d&rsquo;ouverture.[\/vc_column_text][\/vc_column][\/vc_row]<\/p>\n<\/div>","protected":false},"excerpt":{"rendered":"<p>[vc_row][vc_column][\/vc_column][\/vc_row][vc_row][vc_column][vc_column_text css=\u00a0\u00bb\u00a0\u00bb]Le sentier Massawippi vient de s&rsquo;allonger ! Une nouvelle section de terres prot\u00e9g\u00e9es, comprenant des for\u00eats et des zones humides, avec plus de 5 kilom\u00e8tres de nouveaux sentiers de randonn\u00e9e, a \u00e9t\u00e9 ouverte au public au cours de l&rsquo;\u00e9t\u00e9 2024. Le sentier, qui se terminait autrefois \u00e0 la plage Ethan, s&rsquo;\u00e9tend d\u00e9sormais plus au&hellip;<\/p>\n","protected":false},"author":1,"featured_media":0,"parent":0,"menu_order":0,"comment_status":"closed","ping_status":"closed","template":"","meta":{"_acf_changed":false,"ngg_post_thumbnail":0,"footnotes":""},"class_list":["post-8459","page","type-page","status-publish","hentry","description-off"],"acf":[],"_links":{"self":[{"href":"https:\/\/massawippi.org\/fr\/wp-json\/wp\/v2\/pages\/8459","targetHints":{"allow":["GET"]}}],"collection":[{"href":"https:\/\/massawippi.org\/fr\/wp-json\/wp\/v2\/pages"}],"about":[{"href":"https:\/\/massawippi.org\/fr\/wp-json\/wp\/v2\/types\/page"}],"author":[{"embeddable":true,"href":"https:\/\/massawippi.org\/fr\/wp-json\/wp\/v2\/users\/1"}],"replies":[{"embeddable":true,"href":"https:\/\/massawippi.org\/fr\/wp-json\/wp\/v2\/comments?post=8459"}],"version-history":[{"count":4,"href":"https:\/\/massawippi.org\/fr\/wp-json\/wp\/v2\/pages\/8459\/revisions"}],"predecessor-version":[{"id":8580,"href":"https:\/\/massawippi.org\/fr\/wp-json\/wp\/v2\/pages\/8459\/revisions\/8580"}],"wp:attachment":[{"href":"https:\/\/massawippi.org\/fr\/wp-json\/wp\/v2\/media?parent=8459"}],"curies":[{"name":"wp","href":"https:\/\/api.w.org\/{rel}","templated":true}]}}