{"id":9127,"date":"2025-02-24T01:21:17","date_gmt":"2025-02-24T01:21:17","guid":{"rendered":"https:\/\/massawippi.org\/?page_id=9127"},"modified":"2025-02-28T04:40:07","modified_gmt":"2025-02-28T04:40:07","slug":"medias","status":"publish","type":"page","link":"https:\/\/massawippi.org\/fr\/medias\/","title":{"rendered":"M\u00e9dias"},"content":{"rendered":"<div class=\"wpb-content-wrapper\"><p>[vc_row][vc_column]<div id=\"ultimate-heading-215969e13f4a013b6\" class=\"uvc-heading ult-adjust-bottom-margin ultimate-heading-215969e13f4a013b6 uvc-8494  uvc-heading-default-font-sizes\" data-hspacer=\"no_spacer\"  data-halign=\"center\" style=\"text-align:center\"><div class=\"uvc-heading-spacer no_spacer\" style=\"top\"><\/div><div class=\"uvc-main-heading ult-responsive\"  data-ultimate-target='.uvc-heading.ultimate-heading-215969e13f4a013b6 h1'  data-responsive-json-new='{\"font-size\":\"\",\"line-height\":\"\"}' ><h1 style=\"--font-weight:theme;color:#6dab3c;margin-bottom:30px;\">M\u00e9dias<\/h1><\/div><\/div>[\/vc_column][\/vc_row][vc_row][vc_column]<style type=\"text\/css\" data-type=\"the7_shortcodes-inline-css\">.blog-shortcode.blog-masonry-shortcode-id-5c2358bbbc819d0c4821ced2f005756a.content-bg-on.classic-layout-list article {\n  background: #FFFFFF;\n  box-shadow: none;\n}\n.blog-shortcode.blog-masonry-shortcode-id-5c2358bbbc819d0c4821ced2f005756a.dividers-on.classic-layout-list article {\n  padding-top: 0;\n}\n.blog-shortcode.blog-masonry-shortcode-id-5c2358bbbc819d0c4821ced2f005756a.dividers-on.classic-layout-list article:first-of-type {\n  margin-top: 0;\n  padding-top: 0;\n}\n.blog-shortcode.blog-masonry-shortcode-id-5c2358bbbc819d0c4821ced2f005756a.classic-layout-list.mode-list .post-entry-content {\n  width: calc(100% - );\n}\n.blog-shortcode.blog-masonry-shortcode-id-5c2358bbbc819d0c4821ced2f005756a.classic-layout-list.mode-list .no-img .post-entry-content {\n  width: 100%;\n}\n.blog-shortcode.blog-masonry-shortcode-id-5c2358bbbc819d0c4821ced2f005756a .filter-bg-decoration .filter-categories a.act {\n  color: #fff;\n}\n.blog-shortcode.blog-masonry-shortcode-id-5c2358bbbc819d0c4821ced2f005756a:not(.mode-masonry) article:first-of-type,\n.blog-shortcode.blog-masonry-shortcode-id-5c2358bbbc819d0c4821ced2f005756a:not(.mode-masonry) article.visible.first:not(.product) {\n  margin-top: 0;\n}\n.blog-shortcode.blog-masonry-shortcode-id-5c2358bbbc819d0c4821ced2f005756a.dividers-on:not(.mode-masonry) article {\n  margin-top: 0;\n}\n.blog-shortcode.blog-masonry-shortcode-id-5c2358bbbc819d0c4821ced2f005756a.dividers-on:not(.mode-masonry) article:first-of-type,\n.blog-shortcode.blog-masonry-shortcode-id-5c2358bbbc819d0c4821ced2f005756a.dividers-on:not(.mode-masonry) article.visible.first:not(.product) {\n  margin-top: 0;\n  padding-top: 0;\n}\n.blog-shortcode.blog-masonry-shortcode-id-5c2358bbbc819d0c4821ced2f005756a .post-thumbnail-wrap {\n  padding: 0px 0px 0px 0px;\n}\n.blog-shortcode.blog-masonry-shortcode-id-5c2358bbbc819d0c4821ced2f005756a.enable-bg-rollover .post-thumbnail-rollover:after {\n  background: -webkit-linear-gradient();\n  background: linear-gradient();\n}\n.blog-shortcode.blog-masonry-shortcode-id-5c2358bbbc819d0c4821ced2f005756a .gallery-zoom-ico {\n  width: 44px;\n  height: 44px;\n  line-height: 44px;\n  border-radius: 100px;\n  margin: -22px 0 0 -22px;\n  border-width: 0px;\n  color: #ffffff;\n}\n.bottom-overlap-layout-list.blog-shortcode.blog-masonry-shortcode-id-5c2358bbbc819d0c4821ced2f005756a .gallery-zoom-ico {\n  margin-top: -72px;\n}\n.gradient-overlay-layout-list.blog-shortcode.blog-masonry-shortcode-id-5c2358bbbc819d0c4821ced2f005756a .gallery-zoom-ico,\n.content-rollover-layout-list.blog-shortcode.blog-masonry-shortcode-id-5c2358bbbc819d0c4821ced2f005756a .gallery-zoom-ico {\n  margin: 0 0 10px;\n}\n.content-align-center.gradient-overlay-layout-list.blog-shortcode.blog-masonry-shortcode-id-5c2358bbbc819d0c4821ced2f005756a .gallery-zoom-ico,\n.content-align-center.content-rollover-layout-list.blog-shortcode.blog-masonry-shortcode-id-5c2358bbbc819d0c4821ced2f005756a .gallery-zoom-ico {\n  margin: 0 auto 10px;\n}\n.dt-icon-bg-on.blog-shortcode.blog-masonry-shortcode-id-5c2358bbbc819d0c4821ced2f005756a .gallery-zoom-ico {\n  background: rgba(255,255,255,0.3);\n  box-shadow: none;\n}\n.blog-shortcode.blog-masonry-shortcode-id-5c2358bbbc819d0c4821ced2f005756a .gallery-zoom-ico > span,\n.blog-shortcode.blog-masonry-shortcode-id-5c2358bbbc819d0c4821ced2f005756a .gallery-zoom-ico:before {\n  font-size: 32px;\n  line-height: 44px;\n}\n.blog-shortcode.blog-masonry-shortcode-id-5c2358bbbc819d0c4821ced2f005756a .gallery-zoom-ico > span,\n.blog-shortcode.blog-masonry-shortcode-id-5c2358bbbc819d0c4821ced2f005756a .gallery-zoom-ico:before {\n  color: #ffffff;\n}\n.blog-shortcode.blog-masonry-shortcode-id-5c2358bbbc819d0c4821ced2f005756a .entry-title,\n.blog-shortcode.blog-masonry-shortcode-id-5c2358bbbc819d0c4821ced2f005756a.owl-carousel .entry-title {\n  margin-bottom: 10px;\n  font-size: 20px;\n  line-height: 30px;\n  font-weight: bold;\n}\n.blog-shortcode.blog-masonry-shortcode-id-5c2358bbbc819d0c4821ced2f005756a .entry-title a,\n.blog-shortcode.blog-masonry-shortcode-id-5c2358bbbc819d0c4821ced2f005756a.owl-carousel .entry-title a {\n  color: #6DAB3C;\n}\n.blog-shortcode.blog-masonry-shortcode-id-5c2358bbbc819d0c4821ced2f005756a .entry-meta {\n  margin-bottom: 20px;\n}\n.blog-shortcode.blog-masonry-shortcode-id-5c2358bbbc819d0c4821ced2f005756a .entry-meta * {\n  font-size: 14px;\n  line-height: 24px;\n}\n.blog-shortcode.blog-masonry-shortcode-id-5c2358bbbc819d0c4821ced2f005756a .portfolio-categories {\n  margin-bottom: 20px;\n}\n.blog-shortcode.blog-masonry-shortcode-id-5c2358bbbc819d0c4821ced2f005756a .entry-excerpt {\n  margin-bottom: 5px;\n}\n.blog-shortcode.blog-masonry-shortcode-id-5c2358bbbc819d0c4821ced2f005756a:not(.centered-layout-list) .post-entry-content {\n  padding: 25px 30px 30px 30px;\n}\n.blog-shortcode.blog-masonry-shortcode-id-5c2358bbbc819d0c4821ced2f005756a:not(.centered-layout-list):not(.content-bg-on):not(.mode-list) .no-img .post-entry-content {\n  padding: 0;\n}\n.blog-shortcode.blog-masonry-shortcode-id-5c2358bbbc819d0c4821ced2f005756a.content-bg-on:not(.classic-layout-list):not(.centered-layout-list) .post-entry-content {\n  background: #FFFFFF;\n  box-shadow: none;\n}\n.blog-shortcode.blog-masonry-shortcode-id-5c2358bbbc819d0c4821ced2f005756a .post-details.details-type-link,\n.blog-shortcode.blog-masonry-shortcode-id-5c2358bbbc819d0c4821ced2f005756a .post-details.details-type-link * {\n  color: #6DAB3C;\n}\n@media screen and (max-width: ) {\n  .blog-shortcode.blog-masonry-shortcode-id-5c2358bbbc819d0c4821ced2f005756a article {\n    -ms-flex-flow: column nowrap;\n    flex-flow: column nowrap;\n    margin-top: 20px;\n  }\n  .blog-shortcode.blog-masonry-shortcode-id-5c2358bbbc819d0c4821ced2f005756a.dividers-on article {\n    border: none;\n  }\n  .blog-shortcode.blog-masonry-shortcode-id-5c2358bbbc819d0c4821ced2f005756a.content-bg-on.centered-layout-list article {\n    padding: 0;\n  }\n  .blog-shortcode.blog-masonry-shortcode-id-5c2358bbbc819d0c4821ced2f005756a.blog-shortcode.dividers-on article,\n  .blog-shortcode.blog-masonry-shortcode-id-5c2358bbbc819d0c4821ced2f005756a.dividers-on.classic-layout-list article {\n    margin-top: 20px;\n    padding: 0;\n  }\n  .blog-shortcode.blog-masonry-shortcode-id-5c2358bbbc819d0c4821ced2f005756a.blog-shortcode.dividers-on article:first-of-type,\n  .blog-shortcode.blog-masonry-shortcode-id-5c2358bbbc819d0c4821ced2f005756a.dividers-on.classic-layout-list article:first-of-type {\n    padding: 0;\n  }\n  #page .blog-shortcode.blog-masonry-shortcode-id-5c2358bbbc819d0c4821ced2f005756a .post-thumbnail-wrap,\n  #page .blog-shortcode.blog-masonry-shortcode-id-5c2358bbbc819d0c4821ced2f005756a .post-entry-content {\n    width: 100%;\n    margin: 0;\n    top: 0;\n  }\n  #page .blog-shortcode.blog-masonry-shortcode-id-5c2358bbbc819d0c4821ced2f005756a .post-thumbnail-wrap {\n    padding: 0;\n  }\n  #page .blog-shortcode.blog-masonry-shortcode-id-5c2358bbbc819d0c4821ced2f005756a .post-entry-content:after {\n    display: none;\n  }\n  #page .blog-shortcode.blog-masonry-shortcode-id-5c2358bbbc819d0c4821ced2f005756a .project-even .post-thumbnail-wrap,\n  #page .blog-shortcode.blog-masonry-shortcode-id-5c2358bbbc819d0c4821ced2f005756a.centered-layout-list .post-thumbnail-wrap {\n    -ms-flex-order: 0;\n    order: 0;\n  }\n  #page .blog-shortcode.blog-masonry-shortcode-id-5c2358bbbc819d0c4821ced2f005756a.centered-layout-list .post-entry-title-content {\n    -ms-flex-order: 1;\n    order: 1;\n    width: 100%;\n    padding: 20px 20px 0;\n  }\n  #page .blog-shortcode.blog-masonry-shortcode-id-5c2358bbbc819d0c4821ced2f005756a.centered-layout-list .post-entry-content {\n    -ms-flex-order: 2;\n    order: 2;\n    padding-top: 0;\n  }\n  #page .blog-shortcode.blog-masonry-shortcode-id-5c2358bbbc819d0c4821ced2f005756a .fancy-categories {\n    top: 10px;\n    left: 10px;\n    bottom: auto;\n    right: auto;\n  }\n  #page .blog-shortcode.blog-masonry-shortcode-id-5c2358bbbc819d0c4821ced2f005756a .fancy-date a {\n    top: 10px;\n    right: 10px;\n    left: auto;\n    bottom: auto;\n  }\n  #page .blog-shortcode.blog-masonry-shortcode-id-5c2358bbbc819d0c4821ced2f005756a .post-entry-content {\n    padding: 20px;\n  }\n  #page .blog-shortcode.blog-masonry-shortcode-id-5c2358bbbc819d0c4821ced2f005756a .entry-title {\n    margin: 3px 0 5px;\n    font-size: 20px;\n    line-height: 26px;\n  }\n  #page .blog-shortcode.blog-masonry-shortcode-id-5c2358bbbc819d0c4821ced2f005756a .entry-meta {\n    margin: 5px 0 5px;\n  }\n  #page .blog-shortcode.blog-masonry-shortcode-id-5c2358bbbc819d0c4821ced2f005756a .entry-excerpt {\n    margin: 15px 0 0;\n  }\n  #page .blog-shortcode.blog-masonry-shortcode-id-5c2358bbbc819d0c4821ced2f005756a .post-details {\n    margin: 5px 0 10px;\n  }\n  #page .blog-shortcode.blog-masonry-shortcode-id-5c2358bbbc819d0c4821ced2f005756a .post-details.details-type-link {\n    margin-bottom: 2px;\n  }\n}\n.blog-shortcode.blog-masonry-shortcode-id-5c2358bbbc819d0c4821ced2f005756a:not(.resize-by-browser-width) .dt-css-grid {\n  grid-row-gap: 30px;\n  grid-column-gap: 30px;\n  grid-template-columns: repeat(auto-fill,minmax(,1fr));\n}\n.blog-shortcode.blog-masonry-shortcode-id-5c2358bbbc819d0c4821ced2f005756a:not(.resize-by-browser-width) .dt-css-grid .double-width {\n  grid-column: span 2;\n}\n.cssgridlegacy.no-cssgrid .blog-shortcode.blog-masonry-shortcode-id-5c2358bbbc819d0c4821ced2f005756a:not(.resize-by-browser-width) .dt-css-grid,\n.no-cssgridlegacy.no-cssgrid .blog-shortcode.blog-masonry-shortcode-id-5c2358bbbc819d0c4821ced2f005756a:not(.resize-by-browser-width) .dt-css-grid {\n  display: flex;\n  flex-flow: row wrap;\n  margin: -15px;\n}\n.cssgridlegacy.no-cssgrid .blog-shortcode.blog-masonry-shortcode-id-5c2358bbbc819d0c4821ced2f005756a:not(.resize-by-browser-width) .dt-css-grid .wf-cell,\n.no-cssgridlegacy.no-cssgrid .blog-shortcode.blog-masonry-shortcode-id-5c2358bbbc819d0c4821ced2f005756a:not(.resize-by-browser-width) .dt-css-grid .wf-cell {\n  flex: 1 0 ;\n  max-width: 100%;\n  padding: 15px;\n  box-sizing: border-box;\n}\n.blog-shortcode.blog-masonry-shortcode-id-5c2358bbbc819d0c4821ced2f005756a.resize-by-browser-width .dt-css-grid {\n  grid-template-columns: repeat(2,1fr);\n  grid-template-rows: auto;\n  grid-column-gap: 30px;\n  grid-row-gap: 30px;\n}\n.blog-shortcode.blog-masonry-shortcode-id-5c2358bbbc819d0c4821ced2f005756a.resize-by-browser-width .dt-css-grid .double-width {\n  grid-column: span 2;\n}\n.cssgridlegacy.no-cssgrid .blog-shortcode.blog-masonry-shortcode-id-5c2358bbbc819d0c4821ced2f005756a.resize-by-browser-width .dt-css-grid {\n  margin: -15px;\n}\n.cssgridlegacy.no-cssgrid .blog-shortcode.blog-masonry-shortcode-id-5c2358bbbc819d0c4821ced2f005756a.resize-by-browser-width .dt-css-grid .wf-cell {\n  width: 50%;\n  padding: 15px;\n}\n.cssgridlegacy.no-cssgrid .blog-shortcode.blog-masonry-shortcode-id-5c2358bbbc819d0c4821ced2f005756a.resize-by-browser-width .dt-css-grid .wf-cell.double-width {\n  width: calc(50%) * 2;\n}\n.blog-shortcode.blog-masonry-shortcode-id-5c2358bbbc819d0c4821ced2f005756a.resize-by-browser-width:not(.centered-layout-list):not(.content-bg-on) .dt-css-grid {\n  grid-row-gap: 0px;\n}\n@media screen and (max-width: 1199px) {\n  .blog-shortcode.blog-masonry-shortcode-id-5c2358bbbc819d0c4821ced2f005756a.resize-by-browser-width .dt-css-grid {\n    grid-template-columns: repeat(2,1fr);\n  }\n  .cssgridlegacy.no-cssgrid .blog-shortcode.blog-masonry-shortcode-id-5c2358bbbc819d0c4821ced2f005756a.resize-by-browser-width .dt-css-grid .wf-cell,\n  .no-cssgridlegacy.no-cssgrid .blog-shortcode.blog-masonry-shortcode-id-5c2358bbbc819d0c4821ced2f005756a.resize-by-browser-width .dt-css-grid .wf-cell {\n    width: 50%;\n  }\n  .cssgridlegacy.no-cssgrid .blog-shortcode.blog-masonry-shortcode-id-5c2358bbbc819d0c4821ced2f005756a.resize-by-browser-width .dt-css-grid .wf-cell.double-width,\n  .no-cssgridlegacy.no-cssgrid .blog-shortcode.blog-masonry-shortcode-id-5c2358bbbc819d0c4821ced2f005756a.resize-by-browser-width .dt-css-grid .wf-cell.double-width {\n    width: calc(50%)*2;\n  }\n}\n@media screen and (max-width: 991px) {\n  .blog-shortcode.blog-masonry-shortcode-id-5c2358bbbc819d0c4821ced2f005756a.resize-by-browser-width .dt-css-grid {\n    grid-template-columns: repeat(2,1fr);\n  }\n  .cssgridlegacy.no-cssgrid .blog-shortcode.blog-masonry-shortcode-id-5c2358bbbc819d0c4821ced2f005756a.resize-by-browser-width .dt-css-grid .wf-cell,\n  .no-cssgridlegacy.no-cssgrid .blog-shortcode.blog-masonry-shortcode-id-5c2358bbbc819d0c4821ced2f005756a.resize-by-browser-width .dt-css-grid .wf-cell {\n    width: 50%;\n  }\n  .cssgridlegacy.no-cssgrid .blog-shortcode.blog-masonry-shortcode-id-5c2358bbbc819d0c4821ced2f005756a.resize-by-browser-width .dt-css-grid .wf-cell.double-width,\n  .no-cssgridlegacy.no-cssgrid .blog-shortcode.blog-masonry-shortcode-id-5c2358bbbc819d0c4821ced2f005756a.resize-by-browser-width .dt-css-grid .wf-cell.double-width {\n    width: calc(50%)*2;\n  }\n}\n@media screen and (max-width: 767px) {\n  .blog-shortcode.blog-masonry-shortcode-id-5c2358bbbc819d0c4821ced2f005756a.resize-by-browser-width .dt-css-grid {\n    grid-template-columns: repeat(1,1fr);\n  }\n  .blog-shortcode.blog-masonry-shortcode-id-5c2358bbbc819d0c4821ced2f005756a.resize-by-browser-width .dt-css-grid .double-width {\n    grid-column: span 1;\n  }\n  .cssgridlegacy.no-cssgrid .blog-shortcode.blog-masonry-shortcode-id-5c2358bbbc819d0c4821ced2f005756a.resize-by-browser-width .dt-css-grid .wf-cell,\n  .no-cssgridlegacy.no-cssgrid .blog-shortcode.blog-masonry-shortcode-id-5c2358bbbc819d0c4821ced2f005756a.resize-by-browser-width .dt-css-grid .wf-cell {\n    width: 100%;\n  }\n  .cssgridlegacy.no-cssgrid .blog-shortcode.blog-masonry-shortcode-id-5c2358bbbc819d0c4821ced2f005756a.resize-by-browser-width .dt-css-grid .wf-cell.double-width,\n  .no-cssgridlegacy.no-cssgrid .blog-shortcode.blog-masonry-shortcode-id-5c2358bbbc819d0c4821ced2f005756a.resize-by-browser-width .dt-css-grid .wf-cell.double-width {\n    width: calc(100%)*2;\n  }\n}<\/style><div class=\"blog-shortcode blog-masonry-shortcode-id-5c2358bbbc819d0c4821ced2f005756a mode-grid classic-layout-list content-bg-on jquery-filter vertical-fancy-style scale-img meta-info-off dt-css-grid-wrap dt-icon-bg-off resize-by-browser-width loading-effect-none description-under-image \" data-padding=\"15px\" data-cur-page=\"1\" data-post-limit=\"6\" data-pagination-mode=\"load-more\" aria-live=\"assertive\" data-desktop-columns-num=\"2\" data-v-tablet-columns-num=\"2\" data-h-tablet-columns-num=\"2\" data-phone-columns-num=\"1\" data-width=\"0px\" data-columns=\"0\"><div class=\"dt-css-grid\" ><div class=\"visible wf-cell\" data-post-id=\"9194\" data-date=\"2025-02-28T05:50:08+00:00\" data-name=\"Communiqu\u00e9 de presse -  La Fiducie De Conservation Massawippi Et Corridor Appalachien Annoncent Un G\u00e9n\u00e9reux Don De Terrain - 28 janvier 2025\"><article class=\"post project-odd visible no-img post-9194 type-post status-publish format-standard hentry category-medias category-463 description-off\" data-name=\"Communiqu\u00e9 de presse &#8211;  La Fiducie De Conservation Massawippi Et Corridor Appalachien Annoncent Un G\u00e9n\u00e9reux Don De Terrain &#8211; 28 janvier 2025\" data-date=\"2025-02-28T05:50:08+00:00\">\n\n<div class=\"post-entry-content\">\n\n\t<h3 class=\"entry-title\">\n\t\t<a href=\"https:\/\/massawippi.org\/fr\/2025\/02\/communique-de-presse-la-fiducie-de-conservation-massawippi-et-corridor-appalachien-annoncent-un-genereux-don-de-terrain-28-janvier-2025\/\" title=\"Communiqu\u00e9 de presse &#8211;  La Fiducie De Conservation Massawippi Et Corridor Appalachien Annoncent Un G\u00e9n\u00e9reux Don De Terrain &#8211; 28 janvier 2025\" rel=\"bookmark\">Communiqu\u00e9 de presse &#8211;  La Fiducie De Conservation Massawippi Et Corridor Appalachien Annoncent Un G\u00e9n\u00e9reux Don De Terrain &#8211; 28 janvier 2025<\/a>\n\t<\/h3>\n\n\t\n\t\n\t\n<a href=\"https:\/\/massawippi.org\/fr\/2025\/02\/communique-de-presse-la-fiducie-de-conservation-massawippi-et-corridor-appalachien-annoncent-un-genereux-don-de-terrain-28-janvier-2025\/\" class=\"dt-btn-s dt-btn post-details details-type-btn\" aria-label=\"En savoir plus sur Communiqu\u00e9 de presse &#8211;  La Fiducie De Conservation Massawippi Et Corridor Appalachien Annoncent Un G\u00e9n\u00e9reux Don De Terrain &#8211; 28 janvier 2025\">En savoir plus<i class=\"dt-icon-the7-arrow-03\" aria-hidden=\"true\"><\/i><\/a>\n\n<\/div><\/article><\/div><div class=\"visible wf-cell\" data-post-id=\"9188\" data-date=\"2025-02-28T05:46:29+00:00\" data-name=\"Article - Reflect du Lac - Margot Heyerhoff - 8 jan 2025\"><article class=\"post project-odd visible no-img post-9188 type-post status-publish format-standard hentry category-medias category-463 description-off\" data-name=\"Article &#8211; Reflect du Lac &#8211; Margot Heyerhoff &#8211; 8 jan 2025\" data-date=\"2025-02-28T05:46:29+00:00\">\n\n<div class=\"post-entry-content\">\n\n\t<h3 class=\"entry-title\">\n\t\t<a href=\"https:\/\/massawippi.org\/fr\/2025\/02\/article-reflect-du-lac-margot-heyerhoff-8-jan-2025\/\" title=\"Article &#8211; Reflect du Lac &#8211; Margot Heyerhoff &#8211; 8 jan 2025\" rel=\"bookmark\">Article &#8211; Reflect du Lac &#8211; Margot Heyerhoff &#8211; 8 jan 2025<\/a>\n\t<\/h3>\n\n\t\n\t\n\t\n<a href=\"https:\/\/massawippi.org\/fr\/2025\/02\/article-reflect-du-lac-margot-heyerhoff-8-jan-2025\/\" class=\"dt-btn-s dt-btn post-details details-type-btn\" aria-label=\"En savoir plus sur Article &#8211; Reflect du Lac &#8211; Margot Heyerhoff &#8211; 8 jan 2025\">En savoir plus<i class=\"dt-icon-the7-arrow-03\" aria-hidden=\"true\"><\/i><\/a>\n\n<\/div><\/article><\/div><div class=\"visible wf-cell\" data-post-id=\"9183\" data-date=\"2025-02-28T05:43:35+00:00\" data-name=\"Article - Reflect du Lac - Huit auctres hectares prot\u00e9g\u00e9s au lac Massawippi - 5 f\u00e9v 2025\"><article class=\"post project-odd visible no-img post-9183 type-post status-publish format-standard hentry category-medias category-463 description-off\" data-name=\"Article &#8211; Reflect du Lac &#8211; Huit auctres hectares prot\u00e9g\u00e9s au lac Massawippi &#8211; 5 f\u00e9v 2025\" data-date=\"2025-02-28T05:43:35+00:00\">\n\n<div class=\"post-entry-content\">\n\n\t<h3 class=\"entry-title\">\n\t\t<a href=\"https:\/\/massawippi.org\/fr\/2025\/02\/article-huit-auctres-hectares-proteges-au-lac-massawippi\/\" title=\"Article &#8211; Reflect du Lac &#8211; Huit auctres hectares prot\u00e9g\u00e9s au lac Massawippi &#8211; 5 f\u00e9v 2025\" rel=\"bookmark\">Article &#8211; Reflect du Lac &#8211; Huit auctres hectares prot\u00e9g\u00e9s au lac Massawippi &#8211; 5 f\u00e9v 2025<\/a>\n\t<\/h3>\n\n\t\n\t\n\t\n<a href=\"https:\/\/massawippi.org\/fr\/2025\/02\/article-huit-auctres-hectares-proteges-au-lac-massawippi\/\" class=\"dt-btn-s dt-btn post-details details-type-btn\" aria-label=\"En savoir plus sur Article &#8211; Reflect du Lac &#8211; Huit auctres hectares prot\u00e9g\u00e9s au lac Massawippi &#8211; 5 f\u00e9v 2025\">En savoir plus<i class=\"dt-icon-the7-arrow-03\" aria-hidden=\"true\"><\/i><\/a>\n\n<\/div><\/article><\/div><div class=\"visible wf-cell\" data-post-id=\"9175\" data-date=\"2025-02-28T05:39:55+00:00\" data-name=\"Article - Lim Family\"><article class=\"post project-odd visible no-img post-9175 type-post status-publish format-standard hentry category-medias category-463 description-off\" data-name=\"Article &#8211; Lim Family\" data-date=\"2025-02-28T05:39:55+00:00\">\n\n<div class=\"post-entry-content\">\n\n\t<h3 class=\"entry-title\">\n\t\t<a href=\"https:\/\/massawippi.org\/fr\/2025\/02\/article-lim-family\/\" title=\"Article &#8211; Lim Family\" rel=\"bookmark\">Article &#8211; Lim Family<\/a>\n\t<\/h3>\n\n\t\n\t\n\t\n<a href=\"https:\/\/massawippi.org\/fr\/2025\/02\/article-lim-family\/\" class=\"dt-btn-s dt-btn post-details details-type-btn\" aria-label=\"En savoir plus sur Article &#8211; Lim Family\">En savoir plus<i class=\"dt-icon-the7-arrow-03\" aria-hidden=\"true\"><\/i><\/a>\n\n<\/div><\/article><\/div><div class=\"visible wf-cell\" data-post-id=\"9148\" data-date=\"2025-02-24T01:49:20+00:00\" data-name=\"Communiqu\u00e9 de presse- La Fiducie De Conservation Massawippi Et Corridor Appalachien Annoncent Un G\u00e9n\u00e9reux Don De Terrain\"><article class=\"post project-odd visible no-img post-9148 type-post status-publish format-standard hentry category-medias category-463 description-off\" data-name=\"Communiqu\u00e9 de presse- La Fiducie De Conservation Massawippi Et Corridor Appalachien Annoncent Un G\u00e9n\u00e9reux Don De Terrain\" data-date=\"2025-02-24T01:49:20+00:00\">\n\n<div class=\"post-entry-content\">\n\n\t<h3 class=\"entry-title\">\n\t\t<a href=\"https:\/\/massawippi.org\/fr\/2025\/02\/communique-de-presse-la-fiducie-de-conservation-massawippi-et-corridor-appalachien-annoncent-un-genereux-don-de-terrain\/\" title=\"Communiqu\u00e9 de presse- La Fiducie De Conservation Massawippi Et Corridor Appalachien Annoncent Un G\u00e9n\u00e9reux Don De Terrain\" rel=\"bookmark\">Communiqu\u00e9 de presse- La Fiducie De Conservation Massawippi Et Corridor Appalachien Annoncent Un G\u00e9n\u00e9reux Don De Terrain<\/a>\n\t<\/h3>\n\n\t\n\t\n\t\n<a href=\"https:\/\/massawippi.org\/fr\/2025\/02\/communique-de-presse-la-fiducie-de-conservation-massawippi-et-corridor-appalachien-annoncent-un-genereux-don-de-terrain\/\" class=\"dt-btn-s dt-btn post-details details-type-btn\" aria-label=\"En savoir plus sur Communiqu\u00e9 de presse- La Fiducie De Conservation Massawippi Et Corridor Appalachien Annoncent Un G\u00e9n\u00e9reux Don De Terrain\">En savoir plus<i class=\"dt-icon-the7-arrow-03\" aria-hidden=\"true\"><\/i><\/a>\n\n<\/div><\/article><\/div><\/div><!-- iso-container|iso-grid --><div class=\"paginator paginator-more-button\">\n\t\t\t\t<a class=\"button-load-more \" href=\"javascript:void(0);\" data-dt-page=\"1\" ><span class=\"stick\"><\/span><span class=\"stick\"><\/span><span class=\"stick\"><\/span><span class=\"button-caption\">Charger la suite<\/span><\/a>\n\t\t\t<\/div><\/div>[\/vc_column][\/vc_row]<\/p>\n<\/div>","protected":false},"excerpt":{"rendered":"<p>[vc_row][vc_column][\/vc_column][\/vc_row][vc_row][vc_column][\/vc_column][\/vc_row]<\/p>\n","protected":false},"author":1,"featured_media":0,"parent":0,"menu_order":0,"comment_status":"closed","ping_status":"closed","template":"","meta":{"_acf_changed":false,"ngg_post_thumbnail":0,"footnotes":""},"class_list":["post-9127","page","type-page","status-publish","hentry","description-off"],"acf":[],"_links":{"self":[{"href":"https:\/\/massawippi.org\/fr\/wp-json\/wp\/v2\/pages\/9127","targetHints":{"allow":["GET"]}}],"collection":[{"href":"https:\/\/massawippi.org\/fr\/wp-json\/wp\/v2\/pages"}],"about":[{"href":"https:\/\/massawippi.org\/fr\/wp-json\/wp\/v2\/types\/page"}],"author":[{"embeddable":true,"href":"https:\/\/massawippi.org\/fr\/wp-json\/wp\/v2\/users\/1"}],"replies":[{"embeddable":true,"href":"https:\/\/massawippi.org\/fr\/wp-json\/wp\/v2\/comments?post=9127"}],"version-history":[{"count":5,"href":"https:\/\/massawippi.org\/fr\/wp-json\/wp\/v2\/pages\/9127\/revisions"}],"predecessor-version":[{"id":9174,"href":"https:\/\/massawippi.org\/fr\/wp-json\/wp\/v2\/pages\/9127\/revisions\/9174"}],"wp:attachment":[{"href":"https:\/\/massawippi.org\/fr\/wp-json\/wp\/v2\/media?parent=9127"}],"curies":[{"name":"wp","href":"https:\/\/api.w.org\/{rel}","templated":true}]}}