{"id":9767,"date":"2026-02-25T01:15:15","date_gmt":"2026-02-25T01:15:15","guid":{"rendered":"https:\/\/massawippi.org\/tomifobia-nature-trail\/"},"modified":"2026-02-25T01:23:08","modified_gmt":"2026-02-25T01:23:08","slug":"sentier-nature-tomifobia","status":"publish","type":"page","link":"https:\/\/massawippi.org\/fr\/sentier-nature-tomifobia\/","title":{"rendered":"Sentier Nature Tomifobia"},"content":{"rendered":"<div class=\"wpb-content-wrapper\"><p>[vc_row][vc_column]<div id=\"ultimate-heading-156769d3f1a3c1982\" class=\"uvc-heading ult-adjust-bottom-margin ultimate-heading-156769d3f1a3c1982 uvc-2714  uvc-heading-default-font-sizes\" data-hspacer=\"no_spacer\"  data-halign=\"center\" style=\"text-align:center\"><div class=\"uvc-heading-spacer no_spacer\" style=\"top\"><\/div><div class=\"uvc-main-heading ult-responsive\"  data-ultimate-target='.uvc-heading.ultimate-heading-156769d3f1a3c1982 h1'  data-responsive-json-new='{\"font-size\":\"\",\"line-height\":\"\"}' ><h1 style=\"--font-weight:theme;color:#6dab3c;margin-bottom:30px;\">Sentier Nature Tomifobia<\/h1><\/div><\/div>[\/vc_column][\/vc_row][vc_row][vc_column][vc_column_text css=\u00a0\u00bb\u00a0\u00bb]<\/p>\n<div class=\"elementor-column elementor-col-50 elementor-top-column elementor-element elementor-element-8ad9131\" data-id=\"8ad9131\" data-element_type=\"column\" data-e-type=\"column\" data-settings=\"{&quot;background_background&quot;:&quot;classic&quot;}\">\n<div class=\"elementor-widget-wrap elementor-element-populated\">\n<div class=\"elementor-element elementor-element-79919ff elementor-widget elementor-widget-text-editor\" data-id=\"79919ff\" data-element_type=\"widget\" data-e-type=\"widget\" data-widget_type=\"text-editor.default\">\n<div class=\"elementor-widget-container\">\n<p>\u00c0 propos du Sentier<\/p>\n<\/div>\n<\/div>\n<\/div>\n<\/div>\n<p>[\/vc_column_text][vc_column_text css=\u00a0\u00bb\u00a0\u00bb]<\/p>\n<div class=\"elementor-element elementor-element-e466796 elementor-widget elementor-widget-text-editor\" data-id=\"e466796\" data-element_type=\"widget\" data-e-type=\"widget\" data-widget_type=\"text-editor.default\">\n<div class=\"elementor-widget-container\">\n<div class=\"elementor-element elementor-element-e466796 elementor-widget elementor-widget-text-editor\" data-id=\"e466796\" data-element_type=\"widget\" data-e-type=\"widget\" data-widget_type=\"text-editor.default\">\n<div class=\"elementor-widget-container\">\n<p>Le Sentier Nature Tomifobia est une piste de 19 km longeant la rivi\u00e8re Tomifobia, entre la route 141 \u00e0 Ayer\u2019s Cliff et la route 247 \u00e0 Beebe (Stanstead), au Qu\u00e9bec, au coeur du patrimoine naturel et architectural des Cantons-de-l\u2019Est.&nbsp;Sentiers Massawippi, un organisme \u00e0 but non lucratif fond\u00e9 en 1990, a am\u00e9nag\u00e9 le Sentier Nature Tomifobia sur une ancienne voie ferr\u00e9e en 1993. Soutenu par les dons de ses membres et autres subventions, de m\u00eame que par le travail de nombreux b\u00e9n\u00e9voles, Sentiers Massawippi continue d\u2019entretenir ce magnifique parc lin\u00e9aire, d\u00e9di\u00e9 \u00e0 la randonn\u00e9e, au v\u00e9lo et au ski de fond, ainsi qu\u2019\u00e0 l\u2019\u00e9ducation et \u00e0 la pr\u00e9servation du patrimoine naturel et culturel.&nbsp;Bien que l\u2019acc\u00e8s au Sentier soit gratuit, nous encourageons tous les utilisateurs \u00e0 devenir <a href=\"http:\/\/tomifobianaturetrail.org\/fr\/devenir-membre\">membres de Sentiers Massawippi<\/a> ou \u00e0 envisager de <a href=\"https:\/\/www.canadahelps.org\/fr\/organismesdebienfaisance\/tomifobia-nature-trail\/\" target=\"_blank\" rel=\"noopener\">faire un&nbsp;don<\/a>&nbsp;<span class=\"s1\">d\u00e9ductible d\u2019imp\u00f4t&nbsp;<\/span>au nom du Sentier. Les dons et les adh\u00e9sions aident \u00e0 maintenir la qualit\u00e9 du sentier.<\/p>\n<p>Tout en respectant notre devoir de pr\u00e9servation et de protection du milieu naturel, nous y avons am\u00e9nag\u00e9 plusieurs aires de pique-nique, ainsi que des abris aux deux extr\u00e9mit\u00e9s, et des toilettes en \u00e9t\u00e9 (<strong>au km 12<\/strong>, chemin Laflamme). Nous avons \u00e9galement restaur\u00e9 <a href=\"http:\/\/tomifobianaturetrail.org\/fr\/histoire\">un monument historique<\/a> comm\u00e9morant un accident survenu en 1895 sur le Chemin de fer de la Vall\u00e9e de la Massawippi (<strong>au km 13,4<\/strong>).&nbsp;Visitez notre page&nbsp;<a href=\"http:\/\/tomifobianaturetrail.org\/fr\/acces\">Acc\u00e8s et attraits<\/a>&nbsp;pour obtenir une liste de choses \u00e0 voir sur le sentier.<\/p>\n<p>Le Sentier Nature Tomifobia rejoint la Route Verte \u00e0 Magog, via la route 141 \u00e0 Ayer\u2019s Cliff et le Chemin Beno\u00eet, de m\u00eame que la piste cyclable municipale de Stanstead (via la rue Principale), et celle se rendant \u00e0 Newport au Vermont, via Beebe et la douane am\u00e9ricaine.<\/p>\n<\/div>\n<\/div>\n<\/div>\n<\/div>\n<p>[\/vc_column_text][\/vc_column][\/vc_row][vc_row][vc_column][vc_column_text css=\u00a0\u00bb\u00a0\u00bb]<\/p>\n<div class=\"elementor-column elementor-col-50 elementor-top-column elementor-element elementor-element-8ad9131\" data-id=\"8ad9131\" data-element_type=\"column\" data-e-type=\"column\" data-settings=\"{&quot;background_background&quot;:&quot;classic&quot;}\">\n<div class=\"elementor-widget-wrap elementor-element-populated\">\n<div class=\"elementor-element elementor-element-79919ff elementor-widget elementor-widget-text-editor\" data-id=\"79919ff\" data-element_type=\"widget\" data-e-type=\"widget\" data-widget_type=\"text-editor.default\">\n<div class=\"elementor-widget-container\">\n<p>Un peu d\u2019histoire<\/p>\n<\/div>\n<\/div>\n<\/div>\n<\/div>\n<p>[\/vc_column_text][vc_column_text css=\u00a0\u00bb\u00a0\u00bb]<\/p>\n<div class=\"elementor-column elementor-col-33 elementor-top-column elementor-element elementor-element-456d7b4\" data-id=\"456d7b4\" data-element_type=\"column\" data-e-type=\"column\">\n<div class=\"elementor-widget-wrap elementor-element-populated\">\n<div class=\"elementor-element elementor-element-e466796 elementor-widget elementor-widget-text-editor\" data-id=\"e466796\" data-element_type=\"widget\" data-e-type=\"widget\" data-widget_type=\"text-editor.default\">\n<div class=\"elementor-widget-container\">\n<h2>Le chemin de fer de la vall\u00e9e de la Massawippi<\/h2>\n<p>Le chemin de fer de la Vall\u00e9e Massawippi qui relie Newport au Vermont, \u00e0 Lennoxville au Qu\u00e9bec a \u00e9t\u00e9 inaugur\u00e9 le 1er juillet 1870. En plus de servir au transport du bois et des produits agricoles vers les centres commerciaux, le chemin de fer a jou\u00e9 un r\u00f4le d\u00e9terminant dans le d\u00e9veloppement de l\u2019industrie du cuivre et du granite dans la r\u00e9gion. Le chemin de fer a aussi permis une plus grande mobilit\u00e9 aux voyageurs entre le Canada et les Etats-Unis et a stimul\u00e9 les activit\u00e9s r\u00e9cr\u00e9atives aux abords du lac Massawippi.<\/p>\n<\/div>\n<\/div>\n<\/div>\n<\/div>\n<p>&nbsp;<\/p>\n<figure id=\"attachment_436\" class=\"wp-caption aligncenter\" aria-describedby=\"caption-attachment-436\"><a class=\"dt-pswp-item\" href=\"https:\/\/massawippi.org\/wp-content\/uploads\/2026\/02\/image9-768x3131-1.jpg\" data-dt-img-description=\"\" data-large_image_width=\"768\" data-large_image_height=\"313\"><img loading=\"lazy\" decoding=\"async\" class=\"aligncenter size-full wp-image-9753\" src=\"https:\/\/massawippi.org\/wp-content\/uploads\/2026\/02\/image9-768x3131-1.jpg\" alt=\"\" width=\"768\" height=\"313\" srcset=\"https:\/\/massawippi.org\/wp-content\/uploads\/2026\/02\/image9-768x3131-1.jpg 768w, https:\/\/massawippi.org\/wp-content\/uploads\/2026\/02\/image9-768x3131-1-300x122.jpg 300w, https:\/\/massawippi.org\/wp-content\/uploads\/2026\/02\/image9-768x3131-1-600x245.jpg 600w\" sizes=\"auto, (max-width: 768px) 100vw, 768px\" \/><\/a><figcaption id=\"caption-attachment-436\" class=\"wp-caption-text\">Gare de Stanstead \u00e0 Rock Island<\/figcaption><\/figure>\n<p>De 1870 \u00e0 1919, le chemin de fer a \u00e9t\u00e9 la propri\u00e9t\u00e9 du Connecticut &amp; Passumpsic Rivers Railroad. En 1919 le Boston &amp; Maine Railroad a fait l\u2019acquisition du chemin de fer qui fut ensuite c\u00e9d\u00e9 en 1926 \u00e0 la filiale du Canadian Pacific, le Quebec Central. La ligne fut d\u00e9finitivement abandonn\u00e9e en 1990. En 1993, la portion de l\u2019emprise d\u00e9saffect\u00e9e reliant Ayer\u2019s Cliff \u00e0 Beebe fut convertie en tant que Sentier nature Tomifobia par Les Sentiers Massawippi.<\/p>\n<h2>Un accident fatal<\/h2>\n<p>&nbsp;<\/p>\n<p><a class=\"dt-pswp-item\" href=\"https:\/\/massawippi.org\/wp-content\/uploads\/2026\/02\/image8-768x4411-1.jpg\" data-dt-img-description=\"\" data-large_image_width=\"768\" data-large_image_height=\"441\"><img loading=\"lazy\" decoding=\"async\" class=\"aligncenter size-full wp-image-9755\" src=\"https:\/\/massawippi.org\/wp-content\/uploads\/2026\/02\/image8-768x4411-1.jpg\" alt=\"\" width=\"768\" height=\"441\" srcset=\"https:\/\/massawippi.org\/wp-content\/uploads\/2026\/02\/image8-768x4411-1.jpg 768w, https:\/\/massawippi.org\/wp-content\/uploads\/2026\/02\/image8-768x4411-1-300x172.jpg 300w, https:\/\/massawippi.org\/wp-content\/uploads\/2026\/02\/image8-768x4411-1-600x345.jpg 600w\" sizes=\"auto, (max-width: 768px) 100vw, 768px\" \/><\/a><\/p>\n<p>Le 8 avril 1895, en soir\u00e9e, le train de passagers de la compagnie Boston &amp; Maine en direction sud a d\u00e9raill\u00e9 apr\u00e8s avoir percut\u00e9 une grosse pierre tomb\u00e9e plus t\u00f4t apr\u00e8s le passage en matin\u00e9e du train en direction nord. Suite \u00e0 l\u2019impact, la locomotive s\u2019est renvers\u00e9e puis un wagon est venu s\u2019\u00e9craser sur son flanc. Le conducteur Felix J. Rooney et le machiniste Louis A. Emerson sont rest\u00e9s coinc\u00e9s un moment dans la cabine avant que des passagers viennent leur porter secours et les lib\u00e9rer. Bien que tous les passagers s\u2019en soient sortis indemnes, les deux employ\u00e9s n\u2019ont pas eu cette chance et ont \u00e9t\u00e9 gravement br\u00fbl\u00e9s par l\u2019\u00e9chappement de la vapeur. Ils ont \u00e9t\u00e9 transport\u00e9s \u00e0 Newport pour ensuite succomber \u00e0 leurs blessures le lendemain \u00e0 l\u2019aube.<\/p>\n<h2>Un site comm\u00e9moratif<\/h2>\n<p>Au kilom\u00e8tre 13.4 &nbsp;du Sentier nature Tomifobia, on peut observer une pierre comm\u00e9morative offerte par la Confr\u00e9rie des Conducteurs de Locomotives de m\u00eame que la fameuse pierre qui fut \u00e0 l\u2019origine de cette trag\u00e9die.<\/p>\n<figure id=\"attachment_443\" class=\"wp-caption alignleft\" aria-describedby=\"caption-attachment-443\"><figcaption id=\"caption-attachment-443\" class=\"wp-caption-text\">La pierre comm\u00e9morative.<\/figcaption><\/figure>\n<div>\n<figure id=\"attachment_441\" class=\"wp-caption alignright\" style=\"width: 378px;\" aria-describedby=\"caption-attachment-441\"><a class=\"dt-pswp-item\" href=\"https:\/\/massawippi.org\/wp-content\/uploads\/2026\/02\/image16-768x5121-1.jpg\" data-dt-img-description=\"\" data-large_image_width=\"768\" data-large_image_height=\"512\"><img loading=\"lazy\" decoding=\"async\" class=\"aligncenter wp-image-9757\" src=\"https:\/\/massawippi.org\/wp-content\/uploads\/2026\/02\/image16-768x5121-1.jpg\" alt=\"\" width=\"378\" height=\"252\" srcset=\"https:\/\/massawippi.org\/wp-content\/uploads\/2026\/02\/image16-768x5121-1.jpg 768w, https:\/\/massawippi.org\/wp-content\/uploads\/2026\/02\/image16-768x5121-1-300x200.jpg 300w, https:\/\/massawippi.org\/wp-content\/uploads\/2026\/02\/image16-768x5121-1-600x400.jpg 600w\" sizes=\"auto, (max-width: 378px) 100vw, 378px\" \/><\/a><figcaption id=\"caption-attachment-441\" class=\"wp-caption-text\"><a class=\"dt-pswp-item\" href=\"https:\/\/massawippi.org\/wp-content\/uploads\/2026\/02\/image14-768x5121-1.jpg\" data-dt-img-description=\"\" data-large_image_width=\"768\" data-large_image_height=\"512\">La fameuse pierre.<br \/>\n<img loading=\"lazy\" decoding=\"async\" class=\"aligncenter size-full wp-image-9759\" src=\"https:\/\/massawippi.org\/wp-content\/uploads\/2026\/02\/image14-768x5121-1.jpg\" alt=\"\" width=\"768\" height=\"512\" srcset=\"https:\/\/massawippi.org\/wp-content\/uploads\/2026\/02\/image14-768x5121-1.jpg 768w, https:\/\/massawippi.org\/wp-content\/uploads\/2026\/02\/image14-768x5121-1-300x200.jpg 300w, https:\/\/massawippi.org\/wp-content\/uploads\/2026\/02\/image14-768x5121-1-600x400.jpg 600w\" sizes=\"auto, (max-width: 768px) 100vw, 768px\" \/><\/a><\/figcaption><\/figure>\n<\/div>\n<p>&nbsp;[\/vc_column_text][\/vc_column][\/vc_row][vc_row][vc_column][vc_column_text css=\u00a0\u00bb\u00a0\u00bb]<\/p>\n<div class=\"elementor-column elementor-col-50 elementor-top-column elementor-element elementor-element-8ad9131\" data-id=\"8ad9131\" data-element_type=\"column\" data-e-type=\"column\" data-settings=\"{&quot;background_background&quot;:&quot;classic&quot;}\">\n<div class=\"elementor-widget-wrap elementor-element-populated\">\n<div class=\"elementor-element elementor-element-79919ff elementor-widget elementor-widget-text-editor\" data-id=\"79919ff\" data-element_type=\"widget\" data-e-type=\"widget\" data-widget_type=\"text-editor.default\">\n<div class=\"elementor-widget-container\">\n<p>Faune et flore<\/p>\n<\/div>\n<\/div>\n<\/div>\n<\/div>\n<p>[\/vc_column_text][vc_column_text css=\u00a0\u00bb\u00a0\u00bb]<\/p>\n<div class=\"elementor-column elementor-col-33 elementor-top-column elementor-element elementor-element-456d7b4\" data-id=\"456d7b4\" data-element_type=\"column\" data-e-type=\"column\">\n<div class=\"elementor-widget-wrap elementor-element-populated\">\n<div class=\"elementor-element elementor-element-e466796 elementor-widget elementor-widget-text-editor\" data-id=\"e466796\" data-element_type=\"widget\" data-e-type=\"widget\" data-widget_type=\"text-editor.default\">\n<div class=\"elementor-widget-container\">\n<h2>Une nature \u00e0 explorer!<\/h2>\n<\/div>\n<\/div>\n<\/div>\n<\/div>\n<p><span lang=\"fr-CA\">Le Sentier Nature Tomifobia vous permettra de d\u00e9couvrir une faune et une flore riches et diversifi\u00e9es. Les ornithologues qui fr\u00e9quentent la piste ont pu y observer plus de 140 esp\u00e8ces d\u2019oiseaux. <\/span><\/p>\n<p>Trois esp\u00e8ces de tortues y ont \u00e9galement \u00e9lu domicile, soit la tortue peinte, la tortue serpentine ainsi que la tortue des bois.<\/p>\n<p><b>ATTENTION !<br \/>\n<\/b>Si vous voyez un de ces reptiles, \u00e9vitez tout contact. Les tortues peuvent sembler inoffensives, mais leurs m\u00e2choires puissantes pourraient facilement vous couper un doigt.<\/p>\n<p>En vous promenant sur la piste vous risquer de croiser mulots, couleuvres, renards, chevreuils et ratons laveurs. Plus vous serez discret, plus vous ferez de belles rencontres.<\/p>\n<p>Pour obtenir la liste compl\u00e8te des animaux et des v\u00e9g\u00e9taux, cliquez sur le bouton ci-dessous<\/p>\n<p>&nbsp;[\/vc_column_text][\/vc_column][\/vc_row]<\/p>\n<\/div>","protected":false},"excerpt":{"rendered":"<p>[vc_row][vc_column][\/vc_column][\/vc_row][vc_row][vc_column][vc_column_text css=\u00a0\u00bb\u00a0\u00bb] \u00c0 propos du Sentier [\/vc_column_text][vc_column_text css=\u00a0\u00bb\u00a0\u00bb] Le Sentier Nature Tomifobia est une piste de 19 km longeant la rivi\u00e8re Tomifobia, entre la route 141 \u00e0 Ayer\u2019s Cliff et la route 247 \u00e0 Beebe (Stanstead), au Qu\u00e9bec, au coeur du patrimoine naturel et architectural des Cantons-de-l\u2019Est.&nbsp;Sentiers Massawippi, un organisme \u00e0 but non lucratif fond\u00e9&hellip;<\/p>\n","protected":false},"author":1,"featured_media":0,"parent":0,"menu_order":0,"comment_status":"closed","ping_status":"closed","template":"","meta":{"_acf_changed":false,"ngg_post_thumbnail":0,"footnotes":""},"class_list":["post-9767","page","type-page","status-publish","hentry","description-off"],"acf":[],"_links":{"self":[{"href":"https:\/\/massawippi.org\/fr\/wp-json\/wp\/v2\/pages\/9767","targetHints":{"allow":["GET"]}}],"collection":[{"href":"https:\/\/massawippi.org\/fr\/wp-json\/wp\/v2\/pages"}],"about":[{"href":"https:\/\/massawippi.org\/fr\/wp-json\/wp\/v2\/types\/page"}],"author":[{"embeddable":true,"href":"https:\/\/massawippi.org\/fr\/wp-json\/wp\/v2\/users\/1"}],"replies":[{"embeddable":true,"href":"https:\/\/massawippi.org\/fr\/wp-json\/wp\/v2\/comments?post=9767"}],"version-history":[{"count":2,"href":"https:\/\/massawippi.org\/fr\/wp-json\/wp\/v2\/pages\/9767\/revisions"}],"predecessor-version":[{"id":9769,"href":"https:\/\/massawippi.org\/fr\/wp-json\/wp\/v2\/pages\/9767\/revisions\/9769"}],"wp:attachment":[{"href":"https:\/\/massawippi.org\/fr\/wp-json\/wp\/v2\/media?parent=9767"}],"curies":[{"name":"wp","href":"https:\/\/api.w.org\/{rel}","templated":true}]}}