{"id":8597,"date":"2024-09-25T13:54:43","date_gmt":"2024-09-25T13:54:43","guid":{"rendered":"https:\/\/dev.massawippi.org\/?post_type=product&#038;p=8597"},"modified":"2024-11-16T01:35:31","modified_gmt":"2024-11-16T01:35:31","slug":"500ml-de-sirop-derable-dans-une-bouteille-de-collection","status":"publish","type":"product","link":"https:\/\/massawippi.org\/fr\/produit\/500ml-de-sirop-derable-dans-une-bouteille-de-collection\/","title":{"rendered":"500ml de sirop d\u2019\u00e9rable dans une bouteille de collection"},"content":{"rendered":"<p>Une fa\u00e7on douce de soutenir la conservation\u2026<\/p>\n<p>Nous offrons cette bouteille de collection de 500 ML de sirop d\u2019\u00e9rable pur avec chaque don de 50 $. Elle est fabriqu\u00e9e en collaboration avec notre voisin, l\u2019\u00c9rabli\u00e8re Gingras, qui entaille quelques arbres sur notre propri\u00e9t\u00e9 conserv\u00e9e ainsi que sur la sienne. Vous avez peut-\u00eatre vu certains des tubes qui longent la boucle de George Est.<\/p>\n<p>Chaque don contribue \u00e0 soutenir la mission du Trust de prot\u00e9ger les milieux naturels du bassin versant de la Massawippi.<\/p>\n<p>Pour chaque don de 50 $, vous recevrez<\/p>\n<ul>\n<li>une bouteille de 500 ml de sirop d\u2019\u00e9rable pur en \u00e9dition limit\u00e9e,<\/li>\n<li>une adh\u00e9sion d\u2019un an,<\/li>\n<li>un re\u00e7u fiscal de 32 $.<\/li>\n<\/ul>\n<p><strong>La cueillette doit \u00eatre organis\u00e9e.<\/strong><\/p>\n<p>Contactez H\u00e9l\u00e8ne Hamel \u00e0 <a href=\"mailto:foundationmassawippi@gmail.com\">foundationmassawippi@gmail.com<\/a>.<\/p>\n","protected":false},"excerpt":{"rendered":"<p>Une fa\u00e7on douce de soutenir la conservation\u2026 Nous offrons cette bouteille de collection de 500 ML de sirop d\u2019\u00e9rable pur avec chaque don de 50 $. Elle est fabriqu\u00e9e en collaboration avec notre voisin, l\u2019\u00c9rabli\u00e8re Gingras, qui entaille quelques arbres sur notre propri\u00e9t\u00e9 conserv\u00e9e ainsi que sur la sienne. Vous avez peut-\u00eatre vu certains des&hellip;<\/p>\n","protected":false},"featured_media":7466,"template":"","meta":{"ngg_post_thumbnail":0},"product_brand":[],"product_cat":[],"product_tag":[],"class_list":{"0":"post-8597","1":"product","2":"type-product","3":"status-publish","4":"has-post-thumbnail","6":"description-off","8":"first","9":"instock","10":"shipping-taxable","11":"purchasable","12":"product-type-simple"},"_links":{"self":[{"href":"https:\/\/massawippi.org\/fr\/wp-json\/wp\/v2\/product\/8597","targetHints":{"allow":["GET"]}}],"collection":[{"href":"https:\/\/massawippi.org\/fr\/wp-json\/wp\/v2\/product"}],"about":[{"href":"https:\/\/massawippi.org\/fr\/wp-json\/wp\/v2\/types\/product"}],"wp:featuredmedia":[{"embeddable":true,"href":"https:\/\/massawippi.org\/fr\/wp-json\/wp\/v2\/media\/7466"}],"wp:attachment":[{"href":"https:\/\/massawippi.org\/fr\/wp-json\/wp\/v2\/media?parent=8597"}],"wp:term":[{"taxonomy":"product_brand","embeddable":true,"href":"https:\/\/massawippi.org\/fr\/wp-json\/wp\/v2\/product_brand?post=8597"},{"taxonomy":"product_cat","embeddable":true,"href":"https:\/\/massawippi.org\/fr\/wp-json\/wp\/v2\/product_cat?post=8597"},{"taxonomy":"product_tag","embeddable":true,"href":"https:\/\/massawippi.org\/fr\/wp-json\/wp\/v2\/product_tag?post=8597"}],"curies":[{"name":"wp","href":"https:\/\/api.w.org\/{rel}","templated":true}]}}